{"id":2881,"date":"2022-09-05T22:08:55","date_gmt":"2022-09-06T04:08:55","guid":{"rendered":"https:\/\/itv.geekbotelectronics.com\/?post_type=product&#038;p=2881"},"modified":"2025-10-17T15:37:03","modified_gmt":"2025-10-17T21:37:03","slug":"jack-3-5-mm-estereo-5-pin","status":"publish","type":"product","link":"https:\/\/itv.geekbotelectronics.com\/index.php\/product\/jack-3-5-mm-estereo-5-pin\/","title":{"rendered":"Jack 3.5 mm Est\u00e9reo 5 Pin"},"content":{"rendered":"<h3 style=\"color: #555555\">Jack 3.5 mm Est\u00e9reo 5 Pin<\/h3>\n<div style=\"color: #555555\">\n<p><strong>Descripci\u00f3n<\/strong><\/p>\n<\/div>\n<div style=\"color: #555555\">Conector de audio tipo jack (hembra) 3.5 mm est\u00e9reo que te permite montar a chasis, salida de audio generalmente para aud\u00edfonos.<\/div>\n<div style=\"color: #555555\"><\/div>\n<div style=\"color: #555555\"><strong>Especificaciones<\/strong><\/div>\n<div style=\"color: #555555\">\n<ul>\n<li>Tipo de conector: Jack 3.5 mm<\/li>\n<li>Est\u00e9reo: Dos canales<\/li>\n<li>Color: Negro<\/li>\n<li>Terminal: Plateada<\/li>\n<li>Material del conector: Pl\u00e1stico<\/li>\n<li>N\u00famero de pines: 5<\/li>\n<li>Tipo: Encapsulado<\/li>\n<li>Dimensiones: 12 mm X 14 mm X 8 mm<\/li>\n<\/ul>\n<\/div>\n","protected":false},"excerpt":{"rendered":"<p>Jack 3.5 mm Est\u00e9reo 5 Pin Descripci\u00f3n Conector de audio tipo jack (hembra) 3.5 mm est\u00e9reo que te permite montar a chasis, salida de audio generalmente para aud\u00edfonos. Especificaciones Tipo de conector: Jack 3.5 mm Est\u00e9reo: Dos canales Color: Negro Terminal: Plateada Material del conector: Pl\u00e1stico N\u00famero de pines: 5 Tipo: Encapsulado Dimensiones: 12 mm [&hellip;]<\/p>\n","protected":false},"featured_media":278,"comment_status":"closed","ping_status":"closed","template":"","meta":{"_lmt_disableupdate":"","_lmt_disable":""},"product_brand":[],"product_cat":[91,90],"product_tag":[],"class_list":{"0":"post-2881","1":"product","2":"type-product","3":"status-publish","4":"has-post-thumbnail","6":"product_cat-audio","7":"product_cat-plugs-y-jacks","9":"first","10":"outofstock","11":"taxable","12":"shipping-taxable","13":"purchasable","14":"product-type-simple"},"_links":{"self":[{"href":"https:\/\/itv.geekbotelectronics.com\/index.php\/wp-json\/wp\/v2\/product\/2881"}],"collection":[{"href":"https:\/\/itv.geekbotelectronics.com\/index.php\/wp-json\/wp\/v2\/product"}],"about":[{"href":"https:\/\/itv.geekbotelectronics.com\/index.php\/wp-json\/wp\/v2\/types\/product"}],"replies":[{"embeddable":true,"href":"https:\/\/itv.geekbotelectronics.com\/index.php\/wp-json\/wp\/v2\/comments?post=2881"}],"wp:featuredmedia":[{"embeddable":true,"href":"https:\/\/itv.geekbotelectronics.com\/index.php\/wp-json\/wp\/v2\/media\/278"}],"wp:attachment":[{"href":"https:\/\/itv.geekbotelectronics.com\/index.php\/wp-json\/wp\/v2\/media?parent=2881"}],"wp:term":[{"taxonomy":"product_brand","embeddable":true,"href":"https:\/\/itv.geekbotelectronics.com\/index.php\/wp-json\/wp\/v2\/product_brand?post=2881"},{"taxonomy":"product_cat","embeddable":true,"href":"https:\/\/itv.geekbotelectronics.com\/index.php\/wp-json\/wp\/v2\/product_cat?post=2881"},{"taxonomy":"product_tag","embeddable":true,"href":"https:\/\/itv.geekbotelectronics.com\/index.php\/wp-json\/wp\/v2\/product_tag?post=2881"}],"curies":[{"name":"wp","href":"https:\/\/api.w.org\/{rel}","templated":true}]}}