{"id":2882,"date":"2022-09-05T22:08:55","date_gmt":"2022-09-06T04:08:55","guid":{"rendered":"https:\/\/itv.geekbotelectronics.com\/?post_type=product&#038;p=2882"},"modified":"2025-10-17T15:48:25","modified_gmt":"2025-10-17T21:48:25","slug":"plug-3-5-mm-estereo","status":"publish","type":"product","link":"https:\/\/itv.geekbotelectronics.com\/index.php\/product\/plug-3-5-mm-estereo\/","title":{"rendered":"Plug 3.5 mm Est\u00e9reo"},"content":{"rendered":"","protected":false},"excerpt":{"rendered":"<p><span style=\"color: #555555\">Conector para audio plug (macho)\u00a0 3.5 mm est\u00e9reo fabricado en pl\u00e1stico color negro para extensi\u00f3n. Este conector se utiliza en dispositivos port\u00e1tiles, como los mp3, aud\u00edfonos, tel\u00e9fonos celulares, etc., para obtener la salida del audio. Cuenta con resorte para protecci\u00f3n del cable.<\/span><\/p>\n<p><strong>Especificaciones<\/strong><\/p>\n<ul style=\"color: #555555\">\n<li>Tipo de conector: Plug 3.5 mm<\/li>\n<li>Est\u00e9reo<\/li>\n<li>Color: Negro<\/li>\n<li>Terminal: Plateada<\/li>\n<li>Material del conector: Pl\u00e1stico<\/li>\n<li>Con sujeta cable<\/li>\n<li>Est\u00e9reo<\/li>\n<li>Dimensiones:\n<ul>\n<li>Di\u00e1metro: 1 cm<\/li>\n<li>Largo: 4.5 cm<\/li>\n<\/ul>\n<\/li>\n<\/ul>\n<p>&nbsp;<\/p>\n","protected":false},"featured_media":279,"comment_status":"closed","ping_status":"closed","template":"","meta":{"_lmt_disableupdate":"","_lmt_disable":""},"product_brand":[],"product_cat":[91,90],"product_tag":[],"class_list":{"0":"post-2882","1":"product","2":"type-product","3":"status-publish","4":"has-post-thumbnail","6":"product_cat-audio","7":"product_cat-plugs-y-jacks","9":"first","10":"outofstock","11":"taxable","12":"shipping-taxable","13":"purchasable","14":"product-type-simple"},"_links":{"self":[{"href":"https:\/\/itv.geekbotelectronics.com\/index.php\/wp-json\/wp\/v2\/product\/2882"}],"collection":[{"href":"https:\/\/itv.geekbotelectronics.com\/index.php\/wp-json\/wp\/v2\/product"}],"about":[{"href":"https:\/\/itv.geekbotelectronics.com\/index.php\/wp-json\/wp\/v2\/types\/product"}],"replies":[{"embeddable":true,"href":"https:\/\/itv.geekbotelectronics.com\/index.php\/wp-json\/wp\/v2\/comments?post=2882"}],"wp:featuredmedia":[{"embeddable":true,"href":"https:\/\/itv.geekbotelectronics.com\/index.php\/wp-json\/wp\/v2\/media\/279"}],"wp:attachment":[{"href":"https:\/\/itv.geekbotelectronics.com\/index.php\/wp-json\/wp\/v2\/media?parent=2882"}],"wp:term":[{"taxonomy":"product_brand","embeddable":true,"href":"https:\/\/itv.geekbotelectronics.com\/index.php\/wp-json\/wp\/v2\/product_brand?post=2882"},{"taxonomy":"product_cat","embeddable":true,"href":"https:\/\/itv.geekbotelectronics.com\/index.php\/wp-json\/wp\/v2\/product_cat?post=2882"},{"taxonomy":"product_tag","embeddable":true,"href":"https:\/\/itv.geekbotelectronics.com\/index.php\/wp-json\/wp\/v2\/product_tag?post=2882"}],"curies":[{"name":"wp","href":"https:\/\/api.w.org\/{rel}","templated":true}]}}