{"id":2976,"date":"2022-09-05T22:09:14","date_gmt":"2022-09-06T04:09:14","guid":{"rendered":"https:\/\/itv.geekbotelectronics.com\/?post_type=product&#038;p=2976"},"modified":"2025-11-12T12:57:54","modified_gmt":"2025-11-12T18:57:54","slug":"74ls47-decodificador-de-bcd-a-7-segmentos","status":"publish","type":"product","link":"https:\/\/itv.geekbotelectronics.com\/index.php\/product\/74ls47-decodificador-de-bcd-a-7-segmentos\/","title":{"rendered":"74LS47 Decodificador de BCD a 7 Segmentos"},"content":{"rendered":"<h4><span style=\"color: #000000\">74LS47<\/span><\/h4>\n<p><span style=\"color: #000000\">Decodificador de BCD a 7 segmentos 74LS47 con salidas en colector abierto. Para uso con displays de c\u00e1todo com\u00fan. TTL.\u00a0<\/span><\/p>\n<p><span style=\"color: #000000\">Un decodificador\u00a0es un <a class=\"mw-redirect\" style=\"color: #000000\" title=\"Circuito combinacional\" href=\"https:\/\/es.wikipedia.org\/wiki\/Circuito_combinacional\">circuito combinacional<\/a>, cuya funci\u00f3n es inversa a la del <a style=\"color: #000000\" title=\"Codificador\" href=\"https:\/\/es.wikipedia.org\/wiki\/Codificador\">codificador<\/a>, esto es, convierte un c\u00f3digo binario de entrada (natural, <a class=\"mw-redirect\" style=\"color: #000000\" title=\"BCD\" href=\"https:\/\/es.wikipedia.org\/wiki\/BCD\">BCD<\/a>, etc.) de N bits de entrada y M l\u00edneas de salida (N puede ser cualquier entero y M es un entero menor o igual a 2<sup>N<\/sup>), tales que cada l\u00ednea de salida ser\u00e1 activada para una sola de las combinaciones posibles de entrada.<\/span><\/p>\n<p><strong>Caracter\u00edsticas:<\/strong><\/p>\n<ul>\n<li style=\"list-style-type: none\">\n<ul>\n<li>Convierte codigo BCD de 4 lineas (8421) a c\u00f3digo de numerales 7-segmentos<\/li>\n<li>Empleo con displays de \u00e1nodo com\u00fan<\/li>\n<li>Salidas en colector abierto que pueden manejar directamente segmentos de LED&#8217;s o l\u00e1mparas incandescentes<\/li>\n<li>Funci\u00f3n de prueba del\u00a0display (enciende todos los segmentos)<\/li>\n<li>Entrada de blanqueo (apaga todos los\u00a0segmentos) o controla la intensidad del brillo mediante una se\u00f1al pulsante<\/li>\n<li>Las salidas pueden absorber 24mA en estado activado (l\u00f3gico cero) y manejar hasta 15 V en estado desactivado (L\u00f3gico 1)<\/li>\n<li>Tecnolog\u00eda: TTL Low Schottky (LS)<\/li>\n<li>Voltaje de alimentaci\u00f3n: 4.75 V a 5.25 V<\/li>\n<li>Encapsulado: PDIP 16 pines<\/li>\n<\/ul>\n<\/li>\n<\/ul>\n","protected":false},"excerpt":{"rendered":"<p>74LS47 Decodificador de BCD a 7 segmentos 74LS47 con salidas en colector abierto. Para uso con displays de c\u00e1todo com\u00fan. TTL.\u00a0 Un decodificador\u00a0es un circuito combinacional, cuya funci\u00f3n es inversa a la del codificador, esto es, convierte un c\u00f3digo binario de entrada (natural, BCD, etc.) de N bits de entrada y M l\u00edneas de salida [&hellip;]<\/p>\n","protected":false},"featured_media":401,"comment_status":"closed","ping_status":"closed","template":"","meta":{"_lmt_disableupdate":"no","_lmt_disable":""},"product_brand":[],"product_cat":[81],"product_tag":[],"class_list":{"0":"post-2976","1":"product","2":"type-product","3":"status-publish","4":"has-post-thumbnail","6":"product_cat-codificadores-decodificadores-demultiplexores-y-multiplexores","8":"first","9":"instock","10":"taxable","11":"shipping-taxable","12":"purchasable","13":"product-type-simple"},"_links":{"self":[{"href":"https:\/\/itv.geekbotelectronics.com\/index.php\/wp-json\/wp\/v2\/product\/2976"}],"collection":[{"href":"https:\/\/itv.geekbotelectronics.com\/index.php\/wp-json\/wp\/v2\/product"}],"about":[{"href":"https:\/\/itv.geekbotelectronics.com\/index.php\/wp-json\/wp\/v2\/types\/product"}],"replies":[{"embeddable":true,"href":"https:\/\/itv.geekbotelectronics.com\/index.php\/wp-json\/wp\/v2\/comments?post=2976"}],"wp:featuredmedia":[{"embeddable":true,"href":"https:\/\/itv.geekbotelectronics.com\/index.php\/wp-json\/wp\/v2\/media\/401"}],"wp:attachment":[{"href":"https:\/\/itv.geekbotelectronics.com\/index.php\/wp-json\/wp\/v2\/media?parent=2976"}],"wp:term":[{"taxonomy":"product_brand","embeddable":true,"href":"https:\/\/itv.geekbotelectronics.com\/index.php\/wp-json\/wp\/v2\/product_brand?post=2976"},{"taxonomy":"product_cat","embeddable":true,"href":"https:\/\/itv.geekbotelectronics.com\/index.php\/wp-json\/wp\/v2\/product_cat?post=2976"},{"taxonomy":"product_tag","embeddable":true,"href":"https:\/\/itv.geekbotelectronics.com\/index.php\/wp-json\/wp\/v2\/product_tag?post=2976"}],"curies":[{"name":"wp","href":"https:\/\/api.w.org\/{rel}","templated":true}]}}