{"id":2988,"date":"2022-09-05T22:09:20","date_gmt":"2022-09-06T04:09:20","guid":{"rendered":"https:\/\/itv.geekbotelectronics.com\/?post_type=product&#038;p=2988"},"modified":"2025-06-25T10:46:00","modified_gmt":"2025-06-25T16:46:00","slug":"sensor-de-humedad-del-suelo-higrometro","status":"publish","type":"product","link":"https:\/\/itv.geekbotelectronics.com\/index.php\/product\/sensor-de-humedad-del-suelo-higrometro\/","title":{"rendered":"Sensor de Humedad del Suelo Higr\u00f3metro"},"content":{"rendered":"<h4><span style=\"color: #000000\">Sensor de Humedad del Suelo Higr\u00f3metro<\/span><\/h4>\n<p><span style=\"color: #000000\">Este sensor de humedad puede leer la cantidad de <a style=\"color: #000000\" title=\"Humedad\" href=\"https:\/\/es.wikipedia.org\/wiki\/Humedad\">humedad<\/a> presente en el suelo que lo rodea. Es un sensor de baja tecnolog\u00eda, pero es ideal para el seguimiento de un jard\u00edn.\u00a0<\/span><\/p>\n<p><span style=\"color: #000000\">Este sensor utiliza las dos sondas para pasar corriente a trav\u00e9s del suelo, y luego\u00a0 lee la resistencia para obtener el nivel de humedad. M\u00e1s agua hace que el suelo conduzca la electricidad con mayor facilidad (menos resistencia), mientras que el suelo seco es un mal conductor de la electricidad (m\u00e1s resistencia).<\/span><\/p>\n<p><span style=\"color: #000000\">Ser\u00e1 \u00fatil para recordarle que debe regar las plantas de interior o para monitorear la humedad del suelo en su jard\u00edn.<\/span><\/p>\n<p><strong><span style=\"color: #000000\">Especificaciones:<\/span><\/strong><\/p>\n<ul>\n<li><span id=\"result_box\" class=\"\" lang=\"es\" style=\"color: #000000\">Sensibilidad a<span class=\"hps\">justable<\/span> en\u00a0<span class=\"hps\">el<\/span> <span class=\"hps\">potenci\u00f3metro digital<\/span> <span class=\"hps\">(en azul<\/span>).<\/span><\/li>\n<li><span id=\"result_box\" class=\"\" lang=\"es\" style=\"color: #000000\"><span class=\"hps\">Voltaje de operaci\u00f3n:<\/span> <span class=\"hps\">3.3V<\/span> <span class=\"hps\">~<\/span> <span class=\"hps\">5V<\/span><\/span><\/li>\n<li><span id=\"result_box\" class=\"\" lang=\"es\" style=\"color: #000000\"><span class=\"hps\">Modo<\/span> <span class=\"hps\">de salida<\/span> d<span class=\"hps\">ual<\/span>, <span class=\"hps\">salida digital y salida anal\u00f3gica<\/span> <span class=\"hps\">m\u00e1s precisa<\/span>.<\/span><\/li>\n<li><span id=\"result_box\" class=\"\" lang=\"es\" style=\"color: #000000\">Agujeros de montaje<span class=\"hps\"> para una f\u00e1cil instalaci\u00f3n.<\/span><\/span><\/li>\n<li><span id=\"result_box\" class=\"\" lang=\"es\" style=\"color: #000000\"><span class=\"hps\">Dimensiones PCB<\/span>: <span class=\"hps\">30mm<\/span> <span class=\"hps\">*<\/span> <span class=\"hps\">16mm<\/span><\/span><\/li>\n<li><span id=\"result_box\" class=\"\" lang=\"es\" style=\"color: #000000\"><span class=\"hps\">Dimensiones de sonda<\/span>: <span class=\"hps\">60mm<\/span> <span class=\"hps\">*<\/span> <span class=\"hps\">30mm<\/span><\/span><\/li>\n<li><span id=\"result_box\" class=\"\" lang=\"es\" style=\"color: #000000\"><span class=\"hps\">Indicador de energ\u00eda<\/span>. Indicador alimentaci\u00f3n <span class=\"hps\">(rojo<\/span>) e<span class=\"hps\"> indicador de<\/span> <span class=\"hps\">salida de conmutaci\u00f3n<\/span> <span class=\"hps\">digital (verde<\/span>).<\/span><\/li>\n<li><span id=\"result_box\" class=\"\" lang=\"es\" style=\"color: #000000\"><span class=\"hps\">El m\u00f3dulo tiene un amplificador <\/span><span class=\"hps\">LM393<\/span>.<\/span><\/li>\n<\/ul>\n<p><span id=\"result_box\" class=\"\" lang=\"es\" style=\"color: #000000\"><span class=\"hps\"><strong>Definici\u00f3n de los pines<\/strong>:<\/span><\/span><\/p>\n<ul>\n<li><span id=\"result_box\" class=\"\" lang=\"es\" style=\"color: #000000\"><span class=\"hps\">VCC<\/span> (<span class=\"hps\">5V<\/span>)<\/span><\/li>\n<li><span id=\"result_box\" class=\"\" lang=\"es\" style=\"color: #000000\"><span class=\"hps\">GND<\/span><\/span><\/li>\n<li><span id=\"result_box\" class=\"\" lang=\"es\" style=\"color: #000000\"><span class=\"hps\">I<\/span><span class=\"hps\">nterfaz de salida<\/span> <span class=\"hps\">digital<\/span> <span class=\"hps atn\">(<\/span>0 y <span class=\"hps\">1<\/span>)<\/span><\/li>\n<li><span id=\"result_box\" class=\"\" lang=\"es\" style=\"color: #000000\"><span class=\"hps\">Interfaz de salida<\/span> <span class=\"hps\">anal\u00f3gica<\/span> <span class=\"hps\">AO<\/span><\/span><\/li>\n<\/ul>\n","protected":false},"excerpt":{"rendered":"<p>Sensor de humedad del suelo ideal para control de humedad de plantas.<\/p>\n","protected":false},"featured_media":410,"comment_status":"closed","ping_status":"closed","template":"","meta":{"_lmt_disableupdate":"no","_lmt_disable":""},"product_brand":[],"product_cat":[68],"product_tag":[98,99],"class_list":{"0":"post-2988","1":"product","2":"type-product","3":"status-publish","4":"has-post-thumbnail","6":"product_cat-ambientales","7":"product_tag-higrometro","8":"product_tag-humedad-de-suelo","10":"first","11":"instock","12":"taxable","13":"shipping-taxable","14":"purchasable","15":"product-type-simple"},"_links":{"self":[{"href":"https:\/\/itv.geekbotelectronics.com\/index.php\/wp-json\/wp\/v2\/product\/2988"}],"collection":[{"href":"https:\/\/itv.geekbotelectronics.com\/index.php\/wp-json\/wp\/v2\/product"}],"about":[{"href":"https:\/\/itv.geekbotelectronics.com\/index.php\/wp-json\/wp\/v2\/types\/product"}],"replies":[{"embeddable":true,"href":"https:\/\/itv.geekbotelectronics.com\/index.php\/wp-json\/wp\/v2\/comments?post=2988"}],"wp:featuredmedia":[{"embeddable":true,"href":"https:\/\/itv.geekbotelectronics.com\/index.php\/wp-json\/wp\/v2\/media\/410"}],"wp:attachment":[{"href":"https:\/\/itv.geekbotelectronics.com\/index.php\/wp-json\/wp\/v2\/media?parent=2988"}],"wp:term":[{"taxonomy":"product_brand","embeddable":true,"href":"https:\/\/itv.geekbotelectronics.com\/index.php\/wp-json\/wp\/v2\/product_brand?post=2988"},{"taxonomy":"product_cat","embeddable":true,"href":"https:\/\/itv.geekbotelectronics.com\/index.php\/wp-json\/wp\/v2\/product_cat?post=2988"},{"taxonomy":"product_tag","embeddable":true,"href":"https:\/\/itv.geekbotelectronics.com\/index.php\/wp-json\/wp\/v2\/product_tag?post=2988"}],"curies":[{"name":"wp","href":"https:\/\/api.w.org\/{rel}","templated":true}]}}