{"id":2990,"date":"2022-09-05T22:09:20","date_gmt":"2022-09-06T04:09:20","guid":{"rendered":"https:\/\/itv.geekbotelectronics.com\/?post_type=product&#038;p=2990"},"modified":"2025-05-29T13:11:10","modified_gmt":"2025-05-29T19:11:10","slug":"74ls181-alu","status":"publish","type":"product","link":"https:\/\/itv.geekbotelectronics.com\/index.php\/product\/74ls181-alu\/","title":{"rendered":"74LS181 ALU"},"content":{"rendered":"<h4><span style=\"color: #000000\">74LS181<\/span><\/h4>\n<p><span style=\"color: #000000\">Unidad logica aritmetica (ALU) 74LS181 de 4 bits, 16 fuciones aritmeticas y 16 funciones logicas. TTL<\/span><\/p>\n<p><span style=\"color: #000000\">La unidad aritm\u00e9tica l\u00f3gica, tambi\u00e9n conocida como ALU, es un <a style=\"color: #000000\" title=\"Circuito digital\" href=\"https:\/\/es.wikipedia.org\/wiki\/Circuito_digital\">circuito digital<\/a> que calcula operaciones aritm\u00e9ticas (como suma, resta, multiplicaci\u00f3n, etc.) y operaciones l\u00f3gicas (si, y, o, no), entre valores (generalmente uno o dos) de los argumentos.<\/span><\/p>\n<p><span style=\"color: #000000\"><strong>Caracter\u00edsticas:<\/strong>\u00a0<\/span><\/p>\n<ul>\n<li><span style=\"color: #000000\">Unidad l\u00f3gica aritm\u00e9tica (ALU) de 4 bits<\/span><\/li>\n<li><span style=\"color: #000000\">16 funciones aritm\u00e9ticas incluyendo suma, resta, comparar, doblar<\/span><\/li>\n<li><span style=\"color: #000000\">16 funciones l\u00f3gicas incluyendo and, or, not, nand, nor, xor, comparar<\/span><\/li>\n<li><span style=\"color: #000000\">Operandos activos en nivel alto o bajo<\/span><\/li>\n<li><span style=\"color: #000000\">Entrada y salidas de carry. M\u00faltiples unidades pueden ser combinadas<\/span><\/li>\n<li><span style=\"color: #000000\">Tecnolog\u00eda: TTL Low Schottky (LS)<\/span><\/li>\n<li><span style=\"color: #000000\">Voltaje de alimentaci\u00f3n: 4.75 V a 5.25 V<\/span><\/li>\n<li><span style=\"color: #000000\">Encapsulado: DIP\u00a0ancho de 24 pines<\/span><\/li>\n<\/ul>\n","protected":false},"excerpt":{"rendered":"<p><a href=\"http:\/\/www.geekbotelectronics.com\/wp-content\/uploads\/2014\/09\/74181.pdf\" target=\"_blank\" rel=\"noopener noreferrer\">DataSheet<\/a><\/p>\n<p>&nbsp;<\/p>\n","protected":false},"featured_media":12057,"comment_status":"closed","ping_status":"closed","template":"","meta":{"_lmt_disableupdate":"no","_lmt_disable":""},"product_brand":[],"product_cat":[44],"product_tag":[],"class_list":{"0":"post-2990","1":"product","2":"type-product","3":"status-publish","4":"has-post-thumbnail","6":"product_cat-circuitos-integrados","8":"first","9":"instock","10":"taxable","11":"shipping-taxable","12":"purchasable","13":"product-type-simple"},"_links":{"self":[{"href":"https:\/\/itv.geekbotelectronics.com\/index.php\/wp-json\/wp\/v2\/product\/2990"}],"collection":[{"href":"https:\/\/itv.geekbotelectronics.com\/index.php\/wp-json\/wp\/v2\/product"}],"about":[{"href":"https:\/\/itv.geekbotelectronics.com\/index.php\/wp-json\/wp\/v2\/types\/product"}],"replies":[{"embeddable":true,"href":"https:\/\/itv.geekbotelectronics.com\/index.php\/wp-json\/wp\/v2\/comments?post=2990"}],"wp:featuredmedia":[{"embeddable":true,"href":"https:\/\/itv.geekbotelectronics.com\/index.php\/wp-json\/wp\/v2\/media\/12057"}],"wp:attachment":[{"href":"https:\/\/itv.geekbotelectronics.com\/index.php\/wp-json\/wp\/v2\/media?parent=2990"}],"wp:term":[{"taxonomy":"product_brand","embeddable":true,"href":"https:\/\/itv.geekbotelectronics.com\/index.php\/wp-json\/wp\/v2\/product_brand?post=2990"},{"taxonomy":"product_cat","embeddable":true,"href":"https:\/\/itv.geekbotelectronics.com\/index.php\/wp-json\/wp\/v2\/product_cat?post=2990"},{"taxonomy":"product_tag","embeddable":true,"href":"https:\/\/itv.geekbotelectronics.com\/index.php\/wp-json\/wp\/v2\/product_tag?post=2990"}],"curies":[{"name":"wp","href":"https:\/\/api.w.org\/{rel}","templated":true}]}}