{"id":2991,"date":"2022-09-05T22:09:20","date_gmt":"2022-09-06T04:09:20","guid":{"rendered":"https:\/\/itv.geekbotelectronics.com\/?post_type=product&#038;p=2991"},"modified":"2025-10-07T13:03:50","modified_gmt":"2025-10-07T19:03:50","slug":"74ls191-contador-binario-sincronico-arriba-abajo","status":"publish","type":"product","link":"https:\/\/itv.geekbotelectronics.com\/index.php\/product\/74ls191-contador-binario-sincronico-arriba-abajo\/","title":{"rendered":"74LS191 Contador Binario Sincr\u00f3nico Arriba\/Abajo"},"content":{"rendered":"<h4>74LS191<\/h4>\n<p>Circuito Integrado 74LS191. <span id=\"result_box\" lang=\"es\"><span class=\"hps\">Contador binario sincr\u00f3nico\u00a0<\/span><span class=\"hps\">arriba\/abajo<\/span> de\u00a0 <span class=\"hps\">4 Bits.<\/span>\u00a0<\/span><\/p>\n<p><span style=\"color: #000000\">Un contador es un <a class=\"mw-redirect\" style=\"color: #000000\" title=\"Circuito secuencial\" href=\"https:\/\/es.wikipedia.org\/wiki\/Circuito_secuencial\">circuito secuencial<\/a> construido a partir de <a style=\"color: #000000\" title=\"Biestable\" href=\"https:\/\/es.wikipedia.org\/wiki\/Biestable\">biestable<\/a> y <a style=\"color: #000000\" title=\"Puerta l\u00f3gica\" href=\"https:\/\/es.wikipedia.org\/wiki\/Puerta_l%C3%B3gica\">puertas l\u00f3gicas<\/a> capaz de almacenar y contar los <a class=\"mw-redirect\" style=\"color: #000000\" title=\"Impulso el\u00e9ctrico\" href=\"https:\/\/es.wikipedia.org\/wiki\/Impulso_el%C3%A9ctrico\">impulsos<\/a> (a menudo relacionados con una se\u00f1al de reloj), que recibe en la <a style=\"color: #000000\" title=\"Entrada\" href=\"https:\/\/es.wikipedia.org\/wiki\/Entrada\">entrada<\/a> destinada a tal efecto, asimismo tambi\u00e9n act\u00faa como divisor de frecuencia. Normalmente, el c\u00f3mputo se realiza en <a style=\"color: #000000\" title=\"C\u00f3digo binario\" href=\"https:\/\/es.wikipedia.org\/wiki\/C%C3%B3digo_binario\">c\u00f3digo binario<\/a>, que con frecuencia ser\u00e1 el <a class=\"mw-redirect\" style=\"color: #000000\" title=\"Binario\" href=\"https:\/\/es.wikipedia.org\/wiki\/Binario\">binario natural<\/a> o el <a class=\"mw-redirect\" style=\"color: #000000\" title=\"BCD\" href=\"https:\/\/es.wikipedia.org\/wiki\/BCD\">BCD natural<\/a> (contador de d\u00e9cadas).<\/span><\/p>\n<p><span style=\"color: #000000\">Un contador es un circuito en el que sus salidas siguen una secuencia fija que cuando acaba vuelve a empezar, o circuitos que reciben sus datos en forma serial ordenados en distintos intervalos de tiempo.\u00a0Los pulsos de entrada pueden ser pulsos de reloj u originarse en una fuente externa y pueden ocurrir a intervalos de tiempo fijos o aleatorios.\u00a0El n\u00famero de salidas limita el m\u00e1ximo n\u00famero que se puede contar.<\/span><\/p>\n<p><strong>Especificaciones<\/strong><\/p>\n<div>\n<ul>\n<li><span id=\"result_box\">IC, BINARY 4BIT UP \/ DOWN COUNTER<\/span><\/li>\n<li><span id=\"result_box\">Tipo de contador: Binario, arriba \/ abajo<\/span><\/li>\n<li><span id=\"result_box\">Frecuencia de reloj: 25 MHz<\/span><\/li>\n<li><span id=\"result_box\">Cuente m\u00e1xima: 15<\/span><\/li>\n<li><span id=\"result_box\">Supply Voltage Range: 4.75 V a 5.25 V<\/span><\/li>\n<li><span id=\"result_box\">Temperatura de funcionamiento: 0 \u00b0 C a +70 \u00b0 C<\/span><\/li>\n<li><span class=\"hps\">Cuenta<\/span> <span class=\"hps\">8-4-2-1<\/span> <span class=\"hps\">binario<\/span><\/li>\n<li>Encapsulado DIP<\/li>\n<li>16 pines<\/li>\n<\/ul>\n<\/div>\n","protected":false},"excerpt":{"rendered":"<p>&nbsp;<\/p>\n<p><a href=\"http:\/\/www.geekbotelectronics.com\/wp-content\/uploads\/2014\/09\/74191.pdf\">DataSheet<\/a><\/p>\n","protected":false},"featured_media":413,"comment_status":"closed","ping_status":"closed","template":"","meta":{"_lmt_disableupdate":"","_lmt_disable":""},"product_brand":[],"product_cat":[100],"product_tag":[],"class_list":{"0":"post-2991","1":"product","2":"type-product","3":"status-publish","4":"has-post-thumbnail","6":"product_cat-contadores","8":"first","9":"instock","10":"taxable","11":"shipping-taxable","12":"purchasable","13":"product-type-simple"},"_links":{"self":[{"href":"https:\/\/itv.geekbotelectronics.com\/index.php\/wp-json\/wp\/v2\/product\/2991"}],"collection":[{"href":"https:\/\/itv.geekbotelectronics.com\/index.php\/wp-json\/wp\/v2\/product"}],"about":[{"href":"https:\/\/itv.geekbotelectronics.com\/index.php\/wp-json\/wp\/v2\/types\/product"}],"replies":[{"embeddable":true,"href":"https:\/\/itv.geekbotelectronics.com\/index.php\/wp-json\/wp\/v2\/comments?post=2991"}],"wp:featuredmedia":[{"embeddable":true,"href":"https:\/\/itv.geekbotelectronics.com\/index.php\/wp-json\/wp\/v2\/media\/413"}],"wp:attachment":[{"href":"https:\/\/itv.geekbotelectronics.com\/index.php\/wp-json\/wp\/v2\/media?parent=2991"}],"wp:term":[{"taxonomy":"product_brand","embeddable":true,"href":"https:\/\/itv.geekbotelectronics.com\/index.php\/wp-json\/wp\/v2\/product_brand?post=2991"},{"taxonomy":"product_cat","embeddable":true,"href":"https:\/\/itv.geekbotelectronics.com\/index.php\/wp-json\/wp\/v2\/product_cat?post=2991"},{"taxonomy":"product_tag","embeddable":true,"href":"https:\/\/itv.geekbotelectronics.com\/index.php\/wp-json\/wp\/v2\/product_tag?post=2991"}],"curies":[{"name":"wp","href":"https:\/\/api.w.org\/{rel}","templated":true}]}}