{"id":2992,"date":"2022-09-05T22:09:20","date_gmt":"2022-09-06T04:09:20","guid":{"rendered":"https:\/\/itv.geekbotelectronics.com\/?post_type=product&#038;p=2992"},"modified":"2025-11-03T11:29:36","modified_gmt":"2025-11-03T17:29:36","slug":"74ls245-transceiver-octal","status":"publish","type":"product","link":"https:\/\/itv.geekbotelectronics.com\/index.php\/product\/74ls245-transceiver-octal\/","title":{"rendered":"74LS245 Transceiver Octal"},"content":{"rendered":"<h4>74LS245<\/h4>\n<p>Transceiver octal, bidireccional 74LS245, salidas tri-estado no inversoras. TTL.<\/p>\n<p><span style=\"color: #333333\"><a style=\"color: #333333\" title=\"Circuito integrado\" href=\"https:\/\/es.wikipedia.org\/wiki\/Circuito_integrado\">Circuito integrado<\/a>\u00a0TTL 74245. Transmisor con ocho entradas. Es un receptor as\u00edncrono de 8 l\u00edneas de 2 v\u00edas de comunicaci\u00f3n entre los buses de datos. Entrada de la direcci\u00f3n (DR) controla la transmisi\u00f3n de datos desde el bus A al bus B o B bus a un autob\u00fas. Dependiendo de su nivel l\u00f3gico la entrada de habilitaci\u00f3n (E) se puede utilizar para aislar a los buses.<\/span><\/p>\n<p><strong>Caracter\u00edsticas:<\/strong><\/p>\n<ul>\n<li>8 transceivers bidireccionales para comunicaciones en buses<\/li>\n<li><span id=\"result_box\" lang=\"es\"><span class=\"hps\">Tipo<\/span> <span class=\"hps\">de la<\/span> <span class=\"hps\">L\u00f3gica<\/span> <span class=\"hps\">del<\/span> <span class=\"hps\">dispositivo<\/span>: <span class=\"hps\">Transmisor<\/span>, no <span class=\"hps\">Invertido<\/span><\/span><\/li>\n<li>Entradas con hist\u00e9resis<\/li>\n<li>Salidas no inversoras tri-estado<\/li>\n<li>Tecnolog\u00eda: TTL Low Schottky (LS)<\/li>\n<li>Voltaje de alimentaci\u00f3n: 4.75 V a 5.25 V<\/li>\n<li>Encapsulado: DIP\u00a020 pines<\/li>\n<\/ul>\n","protected":false},"excerpt":{"rendered":"<p>&nbsp;<\/p>\n<p><a href=\"http:\/\/www.geekbotelectronics.com\/wp-content\/uploads\/2014\/09\/74245.pdf\">DataSheet<\/a><\/p>\n","protected":false},"featured_media":414,"comment_status":"closed","ping_status":"closed","template":"","meta":{"_lmt_disableupdate":"no","_lmt_disable":""},"product_brand":[],"product_cat":[44],"product_tag":[],"class_list":{"0":"post-2992","1":"product","2":"type-product","3":"status-publish","4":"has-post-thumbnail","6":"product_cat-circuitos-integrados","8":"first","9":"instock","10":"taxable","11":"shipping-taxable","12":"purchasable","13":"product-type-simple"},"_links":{"self":[{"href":"https:\/\/itv.geekbotelectronics.com\/index.php\/wp-json\/wp\/v2\/product\/2992"}],"collection":[{"href":"https:\/\/itv.geekbotelectronics.com\/index.php\/wp-json\/wp\/v2\/product"}],"about":[{"href":"https:\/\/itv.geekbotelectronics.com\/index.php\/wp-json\/wp\/v2\/types\/product"}],"replies":[{"embeddable":true,"href":"https:\/\/itv.geekbotelectronics.com\/index.php\/wp-json\/wp\/v2\/comments?post=2992"}],"wp:featuredmedia":[{"embeddable":true,"href":"https:\/\/itv.geekbotelectronics.com\/index.php\/wp-json\/wp\/v2\/media\/414"}],"wp:attachment":[{"href":"https:\/\/itv.geekbotelectronics.com\/index.php\/wp-json\/wp\/v2\/media?parent=2992"}],"wp:term":[{"taxonomy":"product_brand","embeddable":true,"href":"https:\/\/itv.geekbotelectronics.com\/index.php\/wp-json\/wp\/v2\/product_brand?post=2992"},{"taxonomy":"product_cat","embeddable":true,"href":"https:\/\/itv.geekbotelectronics.com\/index.php\/wp-json\/wp\/v2\/product_cat?post=2992"},{"taxonomy":"product_tag","embeddable":true,"href":"https:\/\/itv.geekbotelectronics.com\/index.php\/wp-json\/wp\/v2\/product_tag?post=2992"}],"curies":[{"name":"wp","href":"https:\/\/api.w.org\/{rel}","templated":true}]}}