{"id":2999,"date":"2022-09-05T22:09:20","date_gmt":"2022-09-06T04:09:20","guid":{"rendered":"https:\/\/itv.geekbotelectronics.com\/?post_type=product&#038;p=2999"},"modified":"2023-09-08T17:13:46","modified_gmt":"2023-09-08T23:13:46","slug":"raspberry-pi-3-b","status":"publish","type":"product","link":"https:\/\/itv.geekbotelectronics.com\/index.php\/product\/raspberry-pi-3-b\/","title":{"rendered":"RaspBerry Pi 3 B"},"content":{"rendered":"<p style=\"text-align: justify;\">Raspberry Pi es un ordenador de bajo costo desarrollado en Reino Unido, con el objetivo de estimular la ense\u00f1anza de ciencias de la computaci\u00f3n en las escuelas. El dise\u00f1o incluye un System-on-a-chip Broadcom BCM2835, que contiene un procesador central (CPU) ARM1176JZF-S a 700 MHz (el firmware incluye unos modos \u201cTurbo\u201d para que el usuario pueda hacerle overclock de hasta 1 GHz sin perder la garant\u00eda), un procesador gr\u00e1fico (GPU) VideoCore IV, y 512 MB de memoria RAM. El dise\u00f1o no incluye un disco duro o una unidad de estado s\u00f3lido, ya que usa una tarjeta SD para el almacenamiento permanente.<\/p>\n<p style=\"text-align: justify;\">Las ventajas iniciales del modelo B. El modelo A solo tiene un puerto USB, carece de controlador, el modelo B tiene dos puertos USB y controlador Ethernet 10\/100. El sistema cuenta con 256 MB de memoria RAM en su modelo A, y con 512 MB de memoria RAM en su modelo B. Como es t\u00edpico en los ordenadores modernos, se pueden usar teclados y ratones con conexi\u00f3n USB compatible con Raspberry Pi.<\/p>\n<p>El Raspberry Pi usa mayoritariamente sistemas operativos basados en el n\u00facleo Linux. Raspbian, una distribuci\u00f3n derivada de Debian que est\u00e1 optimizada para el hardware de Raspberry Pi.<\/p>\n<h4><span style=\"color: #000000;\">Especificaciones\u00a0<\/span><\/h4>\n<p>Soc: Broadcom BCM2835<br \/>\nCPU: ARM 1176JZFS a 700 MHz<br \/>\nGPU: Videocore 4<br \/>\nRAM: 512 MB<br \/>\nVideo: HDMI y RCA<br \/>\nResoluci\u00f3n: 1080p<br \/>\nUSB: 2 x USB 2.0<br \/>\nRevisi\u00f3n: 2.0<br \/>\nRedes: Ethernet 10\/100<br \/>\nAlimentaci\u00f3n: micro USB<br \/>\nAudio: jack de 3.5 mm o HDMI<br \/>\nAlmacenamiento: SD \/ MMC \/ SDIO<br \/>\nPerif\u00e9ricos de bajo nivel:<br \/>\n8 x GPIO<br \/>\nUART<br \/>\nBus I2C<br \/>\nBus SPI con dos selecciona de chip<br \/>\n3.3 V<br \/>\n5 V<br \/>\nTierra<br \/>\nRequisitos de alimentaci\u00f3n: 5 V a 700 mA a trav\u00e9s de microUSB o GPIO Header<br \/>\nCompatible con Debian GNU \/ Linux, Fedora, Arch Linux, RISC OS y m\u00e1s<br \/>\nDimensiones: 85.60 mm X 56 mm X 21 mm<br \/>\nModelo: B<br \/>\nModelo: DEV-11546<br \/>\nModelo: 2750<\/p>\n","protected":false},"excerpt":{"rendered":"<p>La Raspberry Pi es un peque\u00f1o ordenador de bajo costo y con un m\u00ednimo de consumo el\u00e9ctrico.<br \/>\nExcelente para desarrollar software.<br \/>\nIdeal para proyectos de control y automatizaci\u00f3n\u00a0que requieren la integraci\u00f3n de hardware de bajo nivel con un potente procesador basado en arquitectura ARM.<\/p>\n","protected":false},"featured_media":418,"comment_status":"closed","ping_status":"closed","template":"","meta":{"_lmt_disableupdate":"","_lmt_disable":""},"product_brand":[],"product_cat":[103],"product_tag":[],"class_list":{"0":"post-2999","1":"product","2":"type-product","3":"status-publish","4":"has-post-thumbnail","6":"product_cat-machine-learning-and-ai","8":"first","9":"outofstock","10":"taxable","11":"shipping-taxable","12":"purchasable","13":"product-type-simple"},"_links":{"self":[{"href":"https:\/\/itv.geekbotelectronics.com\/index.php\/wp-json\/wp\/v2\/product\/2999"}],"collection":[{"href":"https:\/\/itv.geekbotelectronics.com\/index.php\/wp-json\/wp\/v2\/product"}],"about":[{"href":"https:\/\/itv.geekbotelectronics.com\/index.php\/wp-json\/wp\/v2\/types\/product"}],"replies":[{"embeddable":true,"href":"https:\/\/itv.geekbotelectronics.com\/index.php\/wp-json\/wp\/v2\/comments?post=2999"}],"wp:featuredmedia":[{"embeddable":true,"href":"https:\/\/itv.geekbotelectronics.com\/index.php\/wp-json\/wp\/v2\/media\/418"}],"wp:attachment":[{"href":"https:\/\/itv.geekbotelectronics.com\/index.php\/wp-json\/wp\/v2\/media?parent=2999"}],"wp:term":[{"taxonomy":"product_brand","embeddable":true,"href":"https:\/\/itv.geekbotelectronics.com\/index.php\/wp-json\/wp\/v2\/product_brand?post=2999"},{"taxonomy":"product_cat","embeddable":true,"href":"https:\/\/itv.geekbotelectronics.com\/index.php\/wp-json\/wp\/v2\/product_cat?post=2999"},{"taxonomy":"product_tag","embeddable":true,"href":"https:\/\/itv.geekbotelectronics.com\/index.php\/wp-json\/wp\/v2\/product_tag?post=2999"}],"curies":[{"name":"wp","href":"https:\/\/api.w.org\/{rel}","templated":true}]}}