{"id":3004,"date":"2022-09-05T22:09:21","date_gmt":"2022-09-06T04:09:21","guid":{"rendered":"https:\/\/itv.geekbotelectronics.com\/?post_type=product&#038;p=3004"},"modified":"2025-11-06T12:13:28","modified_gmt":"2025-11-06T18:13:28","slug":"74hc04-not-inversor","status":"publish","type":"product","link":"https:\/\/itv.geekbotelectronics.com\/index.php\/product\/74hc04-not-inversor\/","title":{"rendered":"74HC04 Not inversor"},"content":{"rendered":"<h4>74HC04<\/h4>\n<p>6\u00a0compuertas inversoras (NOT). CMOS.<\/p>\n<p>Una puerta l\u00f3gica, o compuerta l\u00f3gica, es un <a class=\"mw-redirect\" style=\"color: #000000\" title=\"Dispositivo electr\u00f3nico\" href=\"https:\/\/es.wikipedia.org\/wiki\/Dispositivo_electr%C3%B3nico\">dispositivo electr\u00f3nico<\/a> con una funci\u00f3n <a style=\"color: #000000\" title=\"\u00c1lgebra de Boole\" href=\"https:\/\/es.wikipedia.org\/wiki\/%C3%81lgebra_de_Boole\">booleana<\/a>. Suman, multiplican, niegan o afirman, incluyen o excluyen seg\u00fan sus propiedades l\u00f3gicas. Se pueden aplicar a tecnolog\u00eda electr\u00f3nica, el\u00e9ctrica, mec\u00e1nica, hidr\u00e1ulica y neum\u00e1tica. Son <a style=\"color: #000000\" title=\"Circuito de conmutaci\u00f3n\" href=\"https:\/\/es.wikipedia.org\/wiki\/Circuito_de_conmutaci%C3%B3n\">circuitos de conmutaci\u00f3n<\/a> integrados en un <a class=\"mw-redirect\" style=\"color: #000000\" title=\"Chip\" href=\"https:\/\/es.wikipedia.org\/wiki\/Chip\">chip<\/a>.<\/p>\n<p><strong>Caracter\u00edsticas<\/strong><\/p>\n<ul>\n<li>6 compuertas inversoras (NOT)<\/li>\n<li>Tecnolog\u00eda:\u00a0High Speed CMOS\u00a0(HC)<\/li>\n<li>Funcionamiento l\u00f3gico y organizaci\u00f3n de pines compatible con la familia LS-TTL<\/li>\n<li>Fan Out: 10\u00a0cargas LS-TTL<\/li>\n<li>Alta inmunidad al ruido<\/li>\n<li>Muy bajo consumo de potencia, similar a los\u00a0C.I. CMOS est\u00e1ndar<\/li>\n<li>Velocidades similares a la familia LS-TTL<\/li>\n<li>Voltaje de alimentaci\u00f3n: 2V a 6V<\/li>\n<li>Encapsulado: DIP 14 pines<\/li>\n<\/ul>\n","protected":false},"excerpt":{"rendered":"<p>74HC04 6\u00a0compuertas inversoras (NOT). CMOS. Una puerta l\u00f3gica, o compuerta l\u00f3gica, es un dispositivo electr\u00f3nico con una funci\u00f3n booleana. Suman, multiplican, niegan o afirman, incluyen o excluyen seg\u00fan sus propiedades l\u00f3gicas. Se pueden aplicar a tecnolog\u00eda electr\u00f3nica, el\u00e9ctrica, mec\u00e1nica, hidr\u00e1ulica y neum\u00e1tica. Son circuitos de conmutaci\u00f3n integrados en un chip. Caracter\u00edsticas 6 compuertas inversoras (NOT) [&hellip;]<\/p>\n","protected":false},"featured_media":453,"comment_status":"closed","ping_status":"closed","template":"","meta":{"_lmt_disableupdate":"no","_lmt_disable":""},"product_brand":[],"product_cat":[80],"product_tag":[],"class_list":{"0":"post-3004","1":"product","2":"type-product","3":"status-publish","4":"has-post-thumbnail","6":"product_cat-compuertas-logicas","8":"first","9":"instock","10":"taxable","11":"shipping-taxable","12":"purchasable","13":"product-type-simple"},"_links":{"self":[{"href":"https:\/\/itv.geekbotelectronics.com\/index.php\/wp-json\/wp\/v2\/product\/3004"}],"collection":[{"href":"https:\/\/itv.geekbotelectronics.com\/index.php\/wp-json\/wp\/v2\/product"}],"about":[{"href":"https:\/\/itv.geekbotelectronics.com\/index.php\/wp-json\/wp\/v2\/types\/product"}],"replies":[{"embeddable":true,"href":"https:\/\/itv.geekbotelectronics.com\/index.php\/wp-json\/wp\/v2\/comments?post=3004"}],"wp:featuredmedia":[{"embeddable":true,"href":"https:\/\/itv.geekbotelectronics.com\/index.php\/wp-json\/wp\/v2\/media\/453"}],"wp:attachment":[{"href":"https:\/\/itv.geekbotelectronics.com\/index.php\/wp-json\/wp\/v2\/media?parent=3004"}],"wp:term":[{"taxonomy":"product_brand","embeddable":true,"href":"https:\/\/itv.geekbotelectronics.com\/index.php\/wp-json\/wp\/v2\/product_brand?post=3004"},{"taxonomy":"product_cat","embeddable":true,"href":"https:\/\/itv.geekbotelectronics.com\/index.php\/wp-json\/wp\/v2\/product_cat?post=3004"},{"taxonomy":"product_tag","embeddable":true,"href":"https:\/\/itv.geekbotelectronics.com\/index.php\/wp-json\/wp\/v2\/product_tag?post=3004"}],"curies":[{"name":"wp","href":"https:\/\/api.w.org\/{rel}","templated":true}]}}