{"id":3009,"date":"2022-09-05T22:09:21","date_gmt":"2022-09-06T04:09:21","guid":{"rendered":"https:\/\/itv.geekbotelectronics.com\/?post_type=product&#038;p=3009"},"modified":"2025-11-07T17:08:22","modified_gmt":"2025-11-07T23:08:22","slug":"buzzer-5v-activo","status":"publish","type":"product","link":"https:\/\/itv.geekbotelectronics.com\/index.php\/product\/buzzer-5v-activo\/","title":{"rendered":"Buzzer 5V Activo"},"content":{"rendered":"<h4><strong>Buzzer 5V Activo<\/strong><\/h4>\n<p>Un\u00a0buzzer<em>\u00a0<\/em>es un dispositivo electr\u00f3nico que produce un sonido o zumbido continuo o intermitente de un mismo tono. Sirve como mecanismo de se\u00f1alizaci\u00f3n o aviso, y son utilizados en m\u00faltiples sistemas como en autom\u00f3viles, proyectos electr\u00f3nicos, locales comerciales, etc.<\/p>\n<h4>Especificaciones<\/h4>\n<ul>\n<li>Rango de sonido: 2 kHz<\/li>\n<li>Voltaje de operaci\u00f3n: 3 V &#8211; 5 V<\/li>\n<li>Resistencia de bobina: 42 -\/+ 6.3 Ohms<\/li>\n<li>Para soldar a chasis\u00a0 o superficie<\/li>\n<li>Color: Negro<\/li>\n<li>Forma: Redonda<\/li>\n<li>Terminales: Pin<\/li>\n<li>Dimensiones\n<ul>\n<li>Di\u00e1metro: 9.3 mm<\/li>\n<li>Altura: 5.6 mm<\/li>\n<\/ul>\n<\/li>\n<\/ul>\n","protected":false},"excerpt":{"rendered":"<p class=\"prod20\">Buzzer con se\u00f1al de tono constante. Se utiliza para todo tipo de alarmas, se\u00f1aladores ac\u00fasticos y cualquier dise\u00f1o, ya que con poco voltaje, se obtiene excelente se\u00f1al ac\u00fastica.<\/p>\n","protected":false},"featured_media":457,"comment_status":"closed","ping_status":"closed","template":"","meta":{"_lmt_disableupdate":"no","_lmt_disable":""},"product_brand":[],"product_cat":[91],"product_tag":[],"class_list":{"0":"post-3009","1":"product","2":"type-product","3":"status-publish","4":"has-post-thumbnail","6":"product_cat-audio","8":"first","9":"instock","10":"taxable","11":"shipping-taxable","12":"purchasable","13":"product-type-simple"},"_links":{"self":[{"href":"https:\/\/itv.geekbotelectronics.com\/index.php\/wp-json\/wp\/v2\/product\/3009"}],"collection":[{"href":"https:\/\/itv.geekbotelectronics.com\/index.php\/wp-json\/wp\/v2\/product"}],"about":[{"href":"https:\/\/itv.geekbotelectronics.com\/index.php\/wp-json\/wp\/v2\/types\/product"}],"replies":[{"embeddable":true,"href":"https:\/\/itv.geekbotelectronics.com\/index.php\/wp-json\/wp\/v2\/comments?post=3009"}],"wp:featuredmedia":[{"embeddable":true,"href":"https:\/\/itv.geekbotelectronics.com\/index.php\/wp-json\/wp\/v2\/media\/457"}],"wp:attachment":[{"href":"https:\/\/itv.geekbotelectronics.com\/index.php\/wp-json\/wp\/v2\/media?parent=3009"}],"wp:term":[{"taxonomy":"product_brand","embeddable":true,"href":"https:\/\/itv.geekbotelectronics.com\/index.php\/wp-json\/wp\/v2\/product_brand?post=3009"},{"taxonomy":"product_cat","embeddable":true,"href":"https:\/\/itv.geekbotelectronics.com\/index.php\/wp-json\/wp\/v2\/product_cat?post=3009"},{"taxonomy":"product_tag","embeddable":true,"href":"https:\/\/itv.geekbotelectronics.com\/index.php\/wp-json\/wp\/v2\/product_tag?post=3009"}],"curies":[{"name":"wp","href":"https:\/\/api.w.org\/{rel}","templated":true}]}}