{"id":3011,"date":"2022-09-05T22:09:26","date_gmt":"2022-09-06T04:09:26","guid":{"rendered":"https:\/\/itv.geekbotelectronics.com\/?post_type=product&#038;p=3011"},"modified":"2023-09-08T17:13:46","modified_gmt":"2023-09-08T23:13:46","slug":"teclado-capacitivo-con-ttp229","status":"publish","type":"product","link":"https:\/\/itv.geekbotelectronics.com\/index.php\/product\/teclado-capacitivo-con-ttp229\/","title":{"rendered":"Teclado Capacitivo Con Ttp229"},"content":{"rendered":"","protected":false},"excerpt":{"rendered":"<p>ESPECIFICACIONES:<br \/>\nEl m\u00f3dulo se basa en un IC m\u00f3dulo de conmutaci\u00f3n (TTP229) t\u00e1ctil capacitiva t\u00e1ctil con sensor.<br \/>\nVoltaje de funcionamiento: 2.4V-5.5V<br \/>\nEl m\u00f3dulo se puede configurar el modo de salida? Modo de salida con ke? La salida m\u00e1xima de tiempo? Consumo r\u00e1pido \/ baja potencia<br \/>\nTama\u00f1o: 49.3&#215;64.5mm (L x A)<\/p>\n","protected":false},"featured_media":459,"comment_status":"open","ping_status":"closed","template":"","meta":{"_lmt_disableupdate":"","_lmt_disable":""},"product_brand":[],"product_cat":[25,67],"product_tag":[],"class_list":{"0":"post-3011","1":"product","2":"type-product","3":"status-publish","4":"has-post-thumbnail","6":"product_cat-modulos","7":"product_cat-teclados","9":"first","10":"outofstock","11":"taxable","12":"shipping-taxable","13":"purchasable","14":"product-type-simple"},"_links":{"self":[{"href":"https:\/\/itv.geekbotelectronics.com\/index.php\/wp-json\/wp\/v2\/product\/3011"}],"collection":[{"href":"https:\/\/itv.geekbotelectronics.com\/index.php\/wp-json\/wp\/v2\/product"}],"about":[{"href":"https:\/\/itv.geekbotelectronics.com\/index.php\/wp-json\/wp\/v2\/types\/product"}],"replies":[{"embeddable":true,"href":"https:\/\/itv.geekbotelectronics.com\/index.php\/wp-json\/wp\/v2\/comments?post=3011"}],"wp:featuredmedia":[{"embeddable":true,"href":"https:\/\/itv.geekbotelectronics.com\/index.php\/wp-json\/wp\/v2\/media\/459"}],"wp:attachment":[{"href":"https:\/\/itv.geekbotelectronics.com\/index.php\/wp-json\/wp\/v2\/media?parent=3011"}],"wp:term":[{"taxonomy":"product_brand","embeddable":true,"href":"https:\/\/itv.geekbotelectronics.com\/index.php\/wp-json\/wp\/v2\/product_brand?post=3011"},{"taxonomy":"product_cat","embeddable":true,"href":"https:\/\/itv.geekbotelectronics.com\/index.php\/wp-json\/wp\/v2\/product_cat?post=3011"},{"taxonomy":"product_tag","embeddable":true,"href":"https:\/\/itv.geekbotelectronics.com\/index.php\/wp-json\/wp\/v2\/product_tag?post=3011"}],"curies":[{"name":"wp","href":"https:\/\/api.w.org\/{rel}","templated":true}]}}