{"id":3012,"date":"2022-09-05T22:09:26","date_gmt":"2022-09-06T04:09:26","guid":{"rendered":"https:\/\/itv.geekbotelectronics.com\/?post_type=product&#038;p=3012"},"modified":"2025-06-13T15:29:51","modified_gmt":"2025-06-13T21:29:51","slug":"modulo-relevador-4-canales-5v","status":"publish","type":"product","link":"https:\/\/itv.geekbotelectronics.com\/index.php\/product\/modulo-relevador-4-canales-5v\/","title":{"rendered":"M\u00f3dulo Relevador 4 Canales 5v"},"content":{"rendered":"<p>Modulo relevador 4 canales (reles) para conmutaci\u00f3n de cargas de potencia. Los contactos de los relevadores est\u00e1n dise\u00f1ados para conmutar cargas de hasta 10 A y 250VAC (30VDC), aunque recomendamos dejar un m\u00e1rgen hacia abajo de estos l\u00edmites. Las entradas de control se ecuentran aisladas con optoacopladores para minimizar el ruido percibido por el circuito de control mientras se realiza la conmutaci\u00f3n de la carga. La se\u00f1al de control puede provenir de cualquier circuito de control TTL o CMOS como un microcontrolador.<\/p>\n<h4><strong>Especificaciones:<\/strong><\/h4>\n<p>4 canales independientes protegidos con optoacopladores<br \/>\n4 Relevadores (Relays) de 1 polo 2 tiros<br \/>\nEl voltaje de la bobina del rel\u00e9 es de 5 VDC<br \/>\nLed indicador para cada canal (enciende cuando la bobina del rel\u00e9 esta activa)<br \/>\nActivado mediante corriente: el circuito de control debe proveer una corriente de 15 a 20 mA<br \/>\nPuede controlado directamente por circuito l\u00f3gicos<br \/>\nTerminales de conexi\u00f3n de tornillo (clemas)<br \/>\nTerminales de entrada de se\u00f1al l\u00f3gica con headers macho de 0.1\u2033<\/p>\n","protected":false},"excerpt":{"rendered":"<p>Modulo relevador 4 canales (reles) para conmutaci\u00f3n de cargas de potencia. Los contactos de los relevadores est\u00e1n dise\u00f1ados para conmutar cargas de hasta 10 A y 250VAC (30VDC), aunque recomendamos dejar un m\u00e1rgen hacia abajo de estos l\u00edmites. Las entradas de control se ecuentran aisladas con optoacopladores para minimizar el ruido percibido por el circuito [&hellip;]<\/p>\n","protected":false},"featured_media":460,"comment_status":"closed","ping_status":"closed","template":"","meta":{"_lmt_disableupdate":"","_lmt_disable":""},"product_brand":[],"product_cat":[25,88],"product_tag":[],"class_list":{"0":"post-3012","1":"product","2":"type-product","3":"status-publish","4":"has-post-thumbnail","6":"product_cat-modulos","7":"product_cat-relay","9":"first","10":"instock","11":"taxable","12":"shipping-taxable","13":"purchasable","14":"product-type-simple"},"_links":{"self":[{"href":"https:\/\/itv.geekbotelectronics.com\/index.php\/wp-json\/wp\/v2\/product\/3012"}],"collection":[{"href":"https:\/\/itv.geekbotelectronics.com\/index.php\/wp-json\/wp\/v2\/product"}],"about":[{"href":"https:\/\/itv.geekbotelectronics.com\/index.php\/wp-json\/wp\/v2\/types\/product"}],"replies":[{"embeddable":true,"href":"https:\/\/itv.geekbotelectronics.com\/index.php\/wp-json\/wp\/v2\/comments?post=3012"}],"wp:featuredmedia":[{"embeddable":true,"href":"https:\/\/itv.geekbotelectronics.com\/index.php\/wp-json\/wp\/v2\/media\/460"}],"wp:attachment":[{"href":"https:\/\/itv.geekbotelectronics.com\/index.php\/wp-json\/wp\/v2\/media?parent=3012"}],"wp:term":[{"taxonomy":"product_brand","embeddable":true,"href":"https:\/\/itv.geekbotelectronics.com\/index.php\/wp-json\/wp\/v2\/product_brand?post=3012"},{"taxonomy":"product_cat","embeddable":true,"href":"https:\/\/itv.geekbotelectronics.com\/index.php\/wp-json\/wp\/v2\/product_cat?post=3012"},{"taxonomy":"product_tag","embeddable":true,"href":"https:\/\/itv.geekbotelectronics.com\/index.php\/wp-json\/wp\/v2\/product_tag?post=3012"}],"curies":[{"name":"wp","href":"https:\/\/api.w.org\/{rel}","templated":true}]}}