{"id":3013,"date":"2022-09-05T22:09:26","date_gmt":"2022-09-06T04:09:26","guid":{"rendered":"https:\/\/itv.geekbotelectronics.com\/?post_type=product&#038;p=3013"},"modified":"2024-05-31T15:10:20","modified_gmt":"2024-05-31T21:10:20","slug":"modulo-matriz-de-led-8x8","status":"publish","type":"product","link":"https:\/\/itv.geekbotelectronics.com\/index.php\/product\/modulo-matriz-de-led-8x8\/","title":{"rendered":"M\u00f3dulo Matriz de LED 8&#215;8"},"content":{"rendered":"<h4>M\u00f3dulo Matriz de LED 8&#215;8<\/h4>\n<p style=\"text-align: justify\">Descripci\u00f3n:<br \/>\nEL MAX7219 es un controlador integrado de display de LED c\u00e1todo com\u00fan con entrada\/salida serial, permite la conexi\u00f3n de un microprocesador con un display de 8 d\u00edgitos de 7 segmentos de LEDs, tambi\u00e9n puede ser conectado a un display de barras gr\u00e1fico o 64 LEDs separados.<br \/>\nA trav\u00e9s de una interface serial de 4 l\u00edneas puede conectarse a todos los microprocesadores de prop\u00f3sito general. El MAX7219 tambi\u00e9n permite al usuario seleccionar en cada dato si se decodifica o no. El dispositivo contiene un modo de bajo consumo de potencia de solo 150 uA, control de brillo digital y anal\u00f3gico, un registro de limite de escaneo permite al usuario desplegar de 1 a 8 bits de datos.<br \/>\nSolo se necesitan tres l\u00edneas para controlar una matriz de puntos, sin parpadeos y con conexi\u00f3n en cascada.<\/p>\n<p>&nbsp;<\/p>\n<p>Lista de elementos:<\/p>\n<p>1 Tarjeta PCB<\/p>\n<p>1 Matriz de LED rojos c\u00e1todo com\u00fan de 8 * 8<\/p>\n<p>2 Header macho de 5 pines en \u00e1ngulo 90\u00b0<\/p>\n<p>1 Base dip de 24 pines para el CI 1<\/p>\n<p>1 CI MAX7219<\/p>\n<p>1 Capacitor electrol\u00edtico de 10uF<\/p>\n<p>1 Capacitor cer\u00e1mico de 0.1uF<\/p>\n<p>1 Resistencia de 10K<\/p>\n<p>2 Header hembra de 8 pines<\/p>\n<p>&nbsp;<\/p>\n","protected":false},"excerpt":{"rendered":"<p><strong>especificaciones\u00a0del m\u00f3dulo:<\/strong><\/p>\n<p>Un solo modulo puede controlar una matrix catodo com\u00fan de 8&#215;8<br \/>\nVoltaje de operaci\u00f3n del m\u00f3dulo: 5 V<br \/>\nTama\u00f1o del m\u00f3dulo: 5 cm x 3.2 cm x 1.5 cm<br \/>\nCon cuatro hoyos para tornillo, apertura de 3 mm.<\/p>\n<p>M\u00f3dulos con interfaces de entrada y salida, permite la conexi\u00f3n de multiples m\u00f3dulos en cascada.<\/p>\n","protected":false},"featured_media":461,"comment_status":"closed","ping_status":"closed","template":"","meta":{"_lmt_disableupdate":"no","_lmt_disable":""},"product_brand":[],"product_cat":[33,25],"product_tag":[],"class_list":{"0":"post-3013","1":"product","2":"type-product","3":"status-publish","4":"has-post-thumbnail","6":"product_cat-matrices-led","7":"product_cat-modulos","9":"first","10":"outofstock","11":"taxable","12":"shipping-taxable","13":"purchasable","14":"product-type-simple"},"_links":{"self":[{"href":"https:\/\/itv.geekbotelectronics.com\/index.php\/wp-json\/wp\/v2\/product\/3013"}],"collection":[{"href":"https:\/\/itv.geekbotelectronics.com\/index.php\/wp-json\/wp\/v2\/product"}],"about":[{"href":"https:\/\/itv.geekbotelectronics.com\/index.php\/wp-json\/wp\/v2\/types\/product"}],"replies":[{"embeddable":true,"href":"https:\/\/itv.geekbotelectronics.com\/index.php\/wp-json\/wp\/v2\/comments?post=3013"}],"wp:featuredmedia":[{"embeddable":true,"href":"https:\/\/itv.geekbotelectronics.com\/index.php\/wp-json\/wp\/v2\/media\/461"}],"wp:attachment":[{"href":"https:\/\/itv.geekbotelectronics.com\/index.php\/wp-json\/wp\/v2\/media?parent=3013"}],"wp:term":[{"taxonomy":"product_brand","embeddable":true,"href":"https:\/\/itv.geekbotelectronics.com\/index.php\/wp-json\/wp\/v2\/product_brand?post=3013"},{"taxonomy":"product_cat","embeddable":true,"href":"https:\/\/itv.geekbotelectronics.com\/index.php\/wp-json\/wp\/v2\/product_cat?post=3013"},{"taxonomy":"product_tag","embeddable":true,"href":"https:\/\/itv.geekbotelectronics.com\/index.php\/wp-json\/wp\/v2\/product_tag?post=3013"}],"curies":[{"name":"wp","href":"https:\/\/api.w.org\/{rel}","templated":true}]}}