{"id":3014,"date":"2022-09-05T22:09:26","date_gmt":"2022-09-06T04:09:26","guid":{"rendered":"https:\/\/itv.geekbotelectronics.com\/?post_type=product&#038;p=3014"},"modified":"2025-03-28T16:52:24","modified_gmt":"2025-03-28T22:52:24","slug":"adaptador-gpio-para-raspberry-pi-3-y-cable","status":"publish","type":"product","link":"https:\/\/itv.geekbotelectronics.com\/index.php\/product\/adaptador-gpio-para-raspberry-pi-3-y-cable\/","title":{"rendered":"Adaptador GPIO para Raspberry Pi 3 y Cable"},"content":{"rendered":"","protected":false},"excerpt":{"rendered":"<table>\n<tbody>\n<tr>\n<th colspan=\"2\">Adaptador GPIO para rasbperry pi y cable plano de 26 hilos<\/th>\n<\/tr>\n<tr>\n<td colspan=\"2\">Descripcion<\/td>\n<\/tr>\n<tr>\n<td colspan=\"2\">Experimenta con tu raspberry pi, conecta cualquier circuito de forma sencilla con este adaptador que te permite trasladar las 26 salidas de la raspberry a tu protoboard, incluye cable plano de 26 hilos y adaptador para protoboard de tama\u00f1o est\u00e1ndar con salidas especiales de tierra y alimentaci\u00f3n de 3.3 y 5v para los canales lateralesCaracter\u00edsticas:<\/p>\n<p>* Adaptador especial para raspberry py y banana pi<br \/>\n* Salidas especiales a tierra y alimentaci\u00f3n<br \/>\n* Incluye cable plano de 26 hilos<\/td>\n<\/tr>\n<\/tbody>\n<\/table>\n","protected":false},"featured_media":462,"comment_status":"closed","ping_status":"closed","template":"","meta":{"_lmt_disableupdate":"no","_lmt_disable":""},"product_brand":[],"product_cat":[102,103],"product_tag":[],"class_list":{"0":"post-3014","1":"product","2":"type-product","3":"status-publish","4":"has-post-thumbnail","6":"product_cat-cables-varios","7":"product_cat-machine-learning-and-ai","9":"first","10":"instock","11":"taxable","12":"shipping-taxable","13":"purchasable","14":"product-type-simple"},"_links":{"self":[{"href":"https:\/\/itv.geekbotelectronics.com\/index.php\/wp-json\/wp\/v2\/product\/3014"}],"collection":[{"href":"https:\/\/itv.geekbotelectronics.com\/index.php\/wp-json\/wp\/v2\/product"}],"about":[{"href":"https:\/\/itv.geekbotelectronics.com\/index.php\/wp-json\/wp\/v2\/types\/product"}],"replies":[{"embeddable":true,"href":"https:\/\/itv.geekbotelectronics.com\/index.php\/wp-json\/wp\/v2\/comments?post=3014"}],"wp:featuredmedia":[{"embeddable":true,"href":"https:\/\/itv.geekbotelectronics.com\/index.php\/wp-json\/wp\/v2\/media\/462"}],"wp:attachment":[{"href":"https:\/\/itv.geekbotelectronics.com\/index.php\/wp-json\/wp\/v2\/media?parent=3014"}],"wp:term":[{"taxonomy":"product_brand","embeddable":true,"href":"https:\/\/itv.geekbotelectronics.com\/index.php\/wp-json\/wp\/v2\/product_brand?post=3014"},{"taxonomy":"product_cat","embeddable":true,"href":"https:\/\/itv.geekbotelectronics.com\/index.php\/wp-json\/wp\/v2\/product_cat?post=3014"},{"taxonomy":"product_tag","embeddable":true,"href":"https:\/\/itv.geekbotelectronics.com\/index.php\/wp-json\/wp\/v2\/product_tag?post=3014"}],"curies":[{"name":"wp","href":"https:\/\/api.w.org\/{rel}","templated":true}]}}