{"id":3015,"date":"2022-09-05T22:09:26","date_gmt":"2022-09-06T04:09:26","guid":{"rendered":"https:\/\/itv.geekbotelectronics.com\/?post_type=product&#038;p=3015"},"modified":"2025-03-14T12:30:46","modified_gmt":"2025-03-14T18:30:46","slug":"protoboard-400-perforaciones","status":"publish","type":"product","link":"https:\/\/itv.geekbotelectronics.com\/index.php\/product\/protoboard-400-perforaciones\/","title":{"rendered":"Protoboard 400 Perforaciones"},"content":{"rendered":"<h4><span style=\"color: #000000\">Protoboard 400 Perforaciones<\/span><\/h4>\n<p><span style=\"color: #000000\">La\u00a0protoboard 400 perforaciones o placa de pruebas es un tablero con orificios que se encuentran conectados el\u00e9ctricamente entre s\u00ed de manera interna, habitualmente siguiendo patrones de l\u00edneas, en el cual se pueden insertar <a style=\"color: #000000\" title=\"Componente electr\u00f3nico\" href=\"https:\/\/es.wikipedia.org\/wiki\/Componente_electr%C3%B3nico\">componentes electr\u00f3nicos<\/a> y cables para el armado y prototipado de circuitos electr\u00f3nicos y sistemas similares. Est\u00e1 hecho de dos materiales, un aislante, generalmente un pl\u00e1stico, y un conductor que conecta los diversos orificios entre s\u00ed. Uno de sus usos principales es la creaci\u00f3n y comprobaci\u00f3n de prototipos de circuitos electr\u00f3nicos antes de llegar a la impresi\u00f3n mec\u00e1nica del circuito en sistemas de producci\u00f3n comercial.<\/span><\/p>\n<p><span style=\"color: #000000\">Ideal para hobbistas, estudiantes y t\u00e9cnicos del gremio electr\u00f3nico.<\/span><\/p>\n<p><span style=\"color: #000000\"><strong>Especificaciones<\/strong><\/span><\/p>\n<ul>\n<li><span style=\"color: #000000\">Contenido: 1 bloque, 2 tiras y 400 perforaciones<\/span><\/li>\n<li><span style=\"color: #000000\">Con l\u00edneas de alimentaci\u00f3n seguidas<\/span><\/li>\n<li><span style=\"color: #000000\">Dimensiones: 8.2\u00a0cm X 5.4 cm X 0.85 cm<\/span><\/li>\n<li><span style=\"color: #000000\">Material: Pl\u00e1stico ABS<\/span><\/li>\n<li><span style=\"color: #000000\">Con ensamble a presi\u00f3n<\/span><\/li>\n<li><span style=\"color: #000000\">Apropiado para cable calibre: 19-29 AWG<\/span><\/li>\n<li><span style=\"color: #000000\">Espaciado est\u00e1ndar de 0.1\u2033<\/span><\/li>\n<\/ul>\n","protected":false},"excerpt":{"rendered":"<h3><\/h3>\n","protected":false},"featured_media":463,"comment_status":"closed","ping_status":"closed","template":"","meta":{"_lmt_disableupdate":"no","_lmt_disable":""},"product_brand":[],"product_cat":[57],"product_tag":[],"class_list":{"0":"post-3015","1":"product","2":"type-product","3":"status-publish","4":"has-post-thumbnail","6":"product_cat-protoboard","8":"first","9":"outofstock","10":"taxable","11":"shipping-taxable","12":"purchasable","13":"product-type-simple"},"_links":{"self":[{"href":"https:\/\/itv.geekbotelectronics.com\/index.php\/wp-json\/wp\/v2\/product\/3015"}],"collection":[{"href":"https:\/\/itv.geekbotelectronics.com\/index.php\/wp-json\/wp\/v2\/product"}],"about":[{"href":"https:\/\/itv.geekbotelectronics.com\/index.php\/wp-json\/wp\/v2\/types\/product"}],"replies":[{"embeddable":true,"href":"https:\/\/itv.geekbotelectronics.com\/index.php\/wp-json\/wp\/v2\/comments?post=3015"}],"wp:featuredmedia":[{"embeddable":true,"href":"https:\/\/itv.geekbotelectronics.com\/index.php\/wp-json\/wp\/v2\/media\/463"}],"wp:attachment":[{"href":"https:\/\/itv.geekbotelectronics.com\/index.php\/wp-json\/wp\/v2\/media?parent=3015"}],"wp:term":[{"taxonomy":"product_brand","embeddable":true,"href":"https:\/\/itv.geekbotelectronics.com\/index.php\/wp-json\/wp\/v2\/product_brand?post=3015"},{"taxonomy":"product_cat","embeddable":true,"href":"https:\/\/itv.geekbotelectronics.com\/index.php\/wp-json\/wp\/v2\/product_cat?post=3015"},{"taxonomy":"product_tag","embeddable":true,"href":"https:\/\/itv.geekbotelectronics.com\/index.php\/wp-json\/wp\/v2\/product_tag?post=3015"}],"curies":[{"name":"wp","href":"https:\/\/api.w.org\/{rel}","templated":true}]}}