{"id":3025,"date":"2022-09-05T22:09:27","date_gmt":"2022-09-06T04:09:27","guid":{"rendered":"https:\/\/itv.geekbotelectronics.com\/?post_type=product&#038;p=3025"},"modified":"2025-11-11T14:04:24","modified_gmt":"2025-11-11T20:04:24","slug":"74ls93-contador-binario-por-decada-de-4-bit","status":"publish","type":"product","link":"https:\/\/itv.geekbotelectronics.com\/index.php\/product\/74ls93-contador-binario-por-decada-de-4-bit\/","title":{"rendered":"74LS93 Contador Binario por D\u00e9cada de 4-Bit"},"content":{"rendered":"<h4>74LS93<\/h4>\n<p>Circuito Integrado 74LS93.\u00a0Contador Binario por D\u00e9cada de 4 Bit. TTL<\/p>\n<div align=\"\"><span id=\"result_box\" class=\"\" lang=\"es\">El SN74LS93N es un contador binario de 4 bits con la tecnolog\u00eda LS y cuatro flip-flops maestro-esclavo y conmutaci\u00f3n adicional para proporcionar un contador de divisi\u00f3n por dos y un contador binario de 3 etapas para el cual la longitud del ciclo de recuento es\u00a0dividir por ocho para la LS93. Para utilizar su longitud m\u00e1xima count (d\u00e9cada, de divisi\u00f3n por doce o de cuatro bits binario) de estos contadores, la entrada CKB est\u00e1 conectado a la salida de control de calidad. Los impulsos de contaje de entrada se aplican a la entrada de CKA y las salidas son como se describen en la tabla de funci\u00f3n apropiada.<br \/>\n<span class=\"\"><br \/>\n<\/span><\/span><\/div>\n<p><strong>Especificaciones<\/strong><\/p>\n<ul>\n<li><span id=\"result_box\">Tipo de contador: Binario<br \/>\n<\/span><\/li>\n<li><span id=\"result_box\">Frecuencia de reloj: 42 MHz<br \/>\n<\/span><\/li>\n<li><span id=\"result_box\">El n\u00famero m\u00e1ximo: 15<br \/>\n<\/span><\/li>\n<li><span id=\"result_box\">Voltaje: 4.75 a 5.25 V<\/span><span id=\"result_box\"><br \/>\n<\/span><\/li>\n<li><span id=\"result_box\">Temperatura de funcionamiento: 0 \u00b0 C a +70 \u00b0 C<br \/>\n<\/span><\/li>\n<li><span id=\"result_box\">Tipo de familia: LS<\/span><\/li>\n<li><span id=\"result_box\" class=\"\" lang=\"es\">Entrada TTL y CMOS de salida<\/span><\/li>\n<li><span id=\"result_box\" class=\"\" lang=\"es\">Aplicaciones Industrial; Comunicaciones y <span class=\"\">Red<\/span><\/span><\/li>\n<li>Encapsulado DIP<\/li>\n<li>16 pines<\/li>\n<\/ul>\n<p>&nbsp;<\/p>\n","protected":false},"excerpt":{"rendered":"<p>74LS93 Circuito Integrado 74LS93.\u00a0Contador Binario por D\u00e9cada de 4 Bit. TTL El SN74LS93N es un contador binario de 4 bits con la tecnolog\u00eda LS y cuatro flip-flops maestro-esclavo y conmutaci\u00f3n adicional para proporcionar un contador de divisi\u00f3n por dos y un contador binario de 3 etapas para el cual la longitud del ciclo de recuento [&hellip;]<\/p>\n","protected":false},"featured_media":473,"comment_status":"closed","ping_status":"closed","template":"","meta":{"_lmt_disableupdate":"no","_lmt_disable":""},"product_brand":[],"product_cat":[100],"product_tag":[108],"class_list":{"0":"post-3025","1":"product","2":"type-product","3":"status-publish","4":"has-post-thumbnail","6":"product_cat-contadores","7":"product_tag-108","9":"first","10":"instock","11":"taxable","12":"shipping-taxable","13":"purchasable","14":"product-type-simple"},"_links":{"self":[{"href":"https:\/\/itv.geekbotelectronics.com\/index.php\/wp-json\/wp\/v2\/product\/3025"}],"collection":[{"href":"https:\/\/itv.geekbotelectronics.com\/index.php\/wp-json\/wp\/v2\/product"}],"about":[{"href":"https:\/\/itv.geekbotelectronics.com\/index.php\/wp-json\/wp\/v2\/types\/product"}],"replies":[{"embeddable":true,"href":"https:\/\/itv.geekbotelectronics.com\/index.php\/wp-json\/wp\/v2\/comments?post=3025"}],"wp:featuredmedia":[{"embeddable":true,"href":"https:\/\/itv.geekbotelectronics.com\/index.php\/wp-json\/wp\/v2\/media\/473"}],"wp:attachment":[{"href":"https:\/\/itv.geekbotelectronics.com\/index.php\/wp-json\/wp\/v2\/media?parent=3025"}],"wp:term":[{"taxonomy":"product_brand","embeddable":true,"href":"https:\/\/itv.geekbotelectronics.com\/index.php\/wp-json\/wp\/v2\/product_brand?post=3025"},{"taxonomy":"product_cat","embeddable":true,"href":"https:\/\/itv.geekbotelectronics.com\/index.php\/wp-json\/wp\/v2\/product_cat?post=3025"},{"taxonomy":"product_tag","embeddable":true,"href":"https:\/\/itv.geekbotelectronics.com\/index.php\/wp-json\/wp\/v2\/product_tag?post=3025"}],"curies":[{"name":"wp","href":"https:\/\/api.w.org\/{rel}","templated":true}]}}