{"id":3029,"date":"2022-09-05T22:09:27","date_gmt":"2022-09-06T04:09:27","guid":{"rendered":"https:\/\/itv.geekbotelectronics.com\/?post_type=product&#038;p=3029"},"modified":"2025-10-06T15:04:56","modified_gmt":"2025-10-06T21:04:56","slug":"gal22v10","status":"publish","type":"product","link":"https:\/\/itv.geekbotelectronics.com\/index.php\/product\/gal22v10\/","title":{"rendered":"GAL22V10"},"content":{"rendered":"","protected":false},"excerpt":{"rendered":"<p><strong>Especificaciones<\/strong><\/p>\n<p>Alto rendimiento E2CMOS \u00ae TECNOLOG\u00cdA<br \/>\nM\u00e1ximo 4 ns Retardo de propagaci\u00f3n<br \/>\nFmax = 250 MHz<br \/>\n3.5 ns m\u00e1ximo de entrada de reloj a la salida de datos<br \/>\nUltraMOS \u00ae Advanced CMOS Tecnolog\u00eda<br \/>\nACTIVE PULL-UPS EN TODOS LOS PINS<br \/>\ncompatible con los dispositivos 22V10<br \/>\nTotalmente Funci\u00f3n \/ Fusible-Map \/ Parametric Compatible<br \/>\ncon Bipolar y dispositivos UVCMOS 22V10<br \/>\n50% a un 75% de reducci\u00f3n de potencia frente BIPOLAR<br \/>\n90mA t\u00edpico Icc en dispositivos de bajo consumo<br \/>\n45mA t\u00edpico Icc en Dispositivo de alimentaci\u00f3n Barrio<br \/>\nE2 TECNOLOG\u00cdA CELULAR<br \/>\nL\u00f3gica Reconfigurable<br \/>\nLas c\u00e9lulas reprogramables<br \/>\n100% Los rendimientos Tested\/100%<br \/>\nErasure alta velocidad el\u00e9ctrico (&lt;100 ms)<br \/>\n20 a\u00f1os de retenci\u00f3n de datos<br \/>\nDIEZ macroc\u00e9lulas salida l\u00f3gica<br \/>\nM\u00e1xima flexibilidad para los dise\u00f1os l\u00f3gicos complejos<br \/>\nY PRECARGA power-on reset DE REGISTROS<br \/>\nCapacidad de prueba 100% funcional<br \/>\nLas aplicaciones incluyen:<br \/>\nControl de DMA<br \/>\nEstado de control de unidades<br \/>\nAlta velocidad de procesamiento gr\u00e1fico<br \/>\nActualizaci\u00f3n Est\u00e1ndar Velocidad L\u00f3gica<br \/>\nFIRMA ELECTR\u00d3NICA PARA LA IDENTIFICACI\u00d3N<br \/>\nEncapsulado DIP<br \/>\n24 pines<\/p>\n<p>&nbsp;<\/p>\n<p><a href=\"http:\/\/web.mit.edu\/6.115\/www\/document\/gal22v10.pdf\">DataSheet<\/a><\/p>\n","protected":false},"featured_media":477,"comment_status":"closed","ping_status":"closed","template":"","meta":{"_lmt_disableupdate":"no","_lmt_disable":""},"product_brand":[],"product_cat":[44],"product_tag":[],"class_list":{"0":"post-3029","1":"product","2":"type-product","3":"status-publish","4":"has-post-thumbnail","6":"product_cat-circuitos-integrados","8":"first","9":"instock","10":"taxable","11":"shipping-taxable","12":"purchasable","13":"product-type-simple"},"_links":{"self":[{"href":"https:\/\/itv.geekbotelectronics.com\/index.php\/wp-json\/wp\/v2\/product\/3029"}],"collection":[{"href":"https:\/\/itv.geekbotelectronics.com\/index.php\/wp-json\/wp\/v2\/product"}],"about":[{"href":"https:\/\/itv.geekbotelectronics.com\/index.php\/wp-json\/wp\/v2\/types\/product"}],"replies":[{"embeddable":true,"href":"https:\/\/itv.geekbotelectronics.com\/index.php\/wp-json\/wp\/v2\/comments?post=3029"}],"wp:featuredmedia":[{"embeddable":true,"href":"https:\/\/itv.geekbotelectronics.com\/index.php\/wp-json\/wp\/v2\/media\/477"}],"wp:attachment":[{"href":"https:\/\/itv.geekbotelectronics.com\/index.php\/wp-json\/wp\/v2\/media?parent=3029"}],"wp:term":[{"taxonomy":"product_brand","embeddable":true,"href":"https:\/\/itv.geekbotelectronics.com\/index.php\/wp-json\/wp\/v2\/product_brand?post=3029"},{"taxonomy":"product_cat","embeddable":true,"href":"https:\/\/itv.geekbotelectronics.com\/index.php\/wp-json\/wp\/v2\/product_cat?post=3029"},{"taxonomy":"product_tag","embeddable":true,"href":"https:\/\/itv.geekbotelectronics.com\/index.php\/wp-json\/wp\/v2\/product_tag?post=3029"}],"curies":[{"name":"wp","href":"https:\/\/api.w.org\/{rel}","templated":true}]}}