{"id":3030,"date":"2022-09-05T22:09:28","date_gmt":"2022-09-06T04:09:28","guid":{"rendered":"https:\/\/itv.geekbotelectronics.com\/?post_type=product&#038;p=3030"},"modified":"2025-10-03T15:40:21","modified_gmt":"2025-10-03T21:40:21","slug":"gal20v8","status":"publish","type":"product","link":"https:\/\/itv.geekbotelectronics.com\/index.php\/product\/gal20v8\/","title":{"rendered":"GAL20V8"},"content":{"rendered":"","protected":false},"excerpt":{"rendered":"<p>CARACTERISTICAS:<br \/>\n\u2022 ALTO RENDIMIENTO E2CMOS\u00ae TECNOLOG\u00cdA<br \/>\n&#8211; 5 ns demora de propagaci\u00f3n m\u00e1xima<br \/>\n&#8211; Fmax = 166 MHz<br \/>\n&#8211; 4 ns m\u00e1xima de reloj de entrada a salida de datos<br \/>\n&#8211; UltraMOS\u00ae avanzada tecnolog\u00eda CMOS<br \/>\n\u2022 50% a 75% REDUCCI\u00d3N EN EL PODER DE BIPOLAR<br \/>\n&#8211; 75 mA Typ Icc en Baja Dispositivo de alimentaci\u00f3n<br \/>\n&#8211; 45 mA Typ Icc en Barrio Dispositivo de alimentaci\u00f3n<br \/>\n\u2022 ACTIVE PULL-UPS EN TODAS PINS<br \/>\n\u2022 E2 TECNOLOG\u00cdA CELULAR<br \/>\n&#8211; L\u00f3gica Reconfigurable<br \/>\n&#8211; Las c\u00e9lulas reprogramables<br \/>\n&#8211; El 100% probado \/ 100% Rendimientos<br \/>\n&#8211; El\u00e9ctrico de alta velocidad Erasure (&lt;100 ms)<br \/>\n&#8211; 20 a\u00f1os de retenci\u00f3n de datos<br \/>\n\u2022 OCHO macroceldas L\u00d3GICA DE SALIDA<br \/>\n&#8211; M\u00e1xima flexibilidad para los Dibujos y l\u00f3gica compleja<br \/>\n&#8211; Polaridad de salida programable<br \/>\n&#8211; Tambi\u00e9n Emula Dispositivos Pal\u00ae 24 pines con la funci\u00f3n completa \/<br \/>\nFusible Mapa \/ param\u00e9trico Compatibilidad<br \/>\n\u2022 precarga y restablecimiento al encendido de todos los registros<br \/>\n&#8211; 100% funcional Comprobabilidad<br \/>\n\u2022 Las aplicaciones incluyen:<br \/>\n&#8211; Control DMA<br \/>\n&#8211; Control de la M\u00e1quina de Estado<br \/>\n&#8211; El procesamiento de gr\u00e1ficos de alta velocidad<br \/>\n&#8211; Actualizaci\u00f3n de l\u00f3gica est\u00e1ndar velocidad<br \/>\n\u2022 FIRMA ELECTR\u00d3NICA PARA LA IDENTIFICACI\u00d3N<\/p>\n<p>&nbsp;<\/p>\n<p>&nbsp;<\/p>\n<p>&nbsp;<\/p>\n<p><a href=\"http:\/\/www.latticesemi.com\/~\/media\/Documents\/DataSheets\/GAL\/GAL20V8DataSheet.PDF\">DataSheet<\/a><\/p>\n","protected":false},"featured_media":478,"comment_status":"closed","ping_status":"closed","template":"","meta":{"_lmt_disableupdate":"no","_lmt_disable":""},"product_brand":[],"product_cat":[44],"product_tag":[],"class_list":{"0":"post-3030","1":"product","2":"type-product","3":"status-publish","4":"has-post-thumbnail","6":"product_cat-circuitos-integrados","8":"first","9":"instock","10":"taxable","11":"shipping-taxable","12":"purchasable","13":"product-type-simple"},"_links":{"self":[{"href":"https:\/\/itv.geekbotelectronics.com\/index.php\/wp-json\/wp\/v2\/product\/3030"}],"collection":[{"href":"https:\/\/itv.geekbotelectronics.com\/index.php\/wp-json\/wp\/v2\/product"}],"about":[{"href":"https:\/\/itv.geekbotelectronics.com\/index.php\/wp-json\/wp\/v2\/types\/product"}],"replies":[{"embeddable":true,"href":"https:\/\/itv.geekbotelectronics.com\/index.php\/wp-json\/wp\/v2\/comments?post=3030"}],"wp:featuredmedia":[{"embeddable":true,"href":"https:\/\/itv.geekbotelectronics.com\/index.php\/wp-json\/wp\/v2\/media\/478"}],"wp:attachment":[{"href":"https:\/\/itv.geekbotelectronics.com\/index.php\/wp-json\/wp\/v2\/media?parent=3030"}],"wp:term":[{"taxonomy":"product_brand","embeddable":true,"href":"https:\/\/itv.geekbotelectronics.com\/index.php\/wp-json\/wp\/v2\/product_brand?post=3030"},{"taxonomy":"product_cat","embeddable":true,"href":"https:\/\/itv.geekbotelectronics.com\/index.php\/wp-json\/wp\/v2\/product_cat?post=3030"},{"taxonomy":"product_tag","embeddable":true,"href":"https:\/\/itv.geekbotelectronics.com\/index.php\/wp-json\/wp\/v2\/product_tag?post=3030"}],"curies":[{"name":"wp","href":"https:\/\/api.w.org\/{rel}","templated":true}]}}