{"id":3038,"date":"2022-09-05T22:09:28","date_gmt":"2022-09-06T04:09:28","guid":{"rendered":"https:\/\/itv.geekbotelectronics.com\/?post_type=product&#038;p=3038"},"modified":"2025-10-16T13:08:07","modified_gmt":"2025-10-16T19:08:07","slug":"diodo-1n4148","status":"publish","type":"product","link":"https:\/\/itv.geekbotelectronics.com\/index.php\/product\/diodo-1n4148\/","title":{"rendered":"Diodo 1N4148"},"content":{"rendered":"","protected":false},"excerpt":{"rendered":"<p>Diodo 1N4148 switcheo r\u00e1pido. Un diodo es un componente electr\u00f3nico de dos terminales que permite la circulaci\u00f3n de la corriente el\u00e9ctrica a trav\u00e9s de \u00e9l en un solo sentido.<\/p>\n<p><strong>Especificaciones<\/strong><\/p>\n<div>\n<ul>\n<li>DIODO PEQUE\u00d1A SE\u00d1AL 100 V 200 mA DO-35<\/li>\n<li>Tipo de diodo: Peque\u00f1a se\u00f1al<\/li>\n<li>Corriente Si (AV): 200 mA<\/li>\n<li>Voltaje de tensi\u00f3n de ruptura m\u00e1xima Vrrm: 100 V<\/li>\n<li>Voltaje m\u00e1ximo VF: 1 V<\/li>\n<li>Tiempo de recuperaci\u00f3n trr m\u00e1xima: 4 ns<\/li>\n<li>Corriente m\u00e1xima IFSM: 1 A<\/li>\n<li>Encapsulado DO-35<\/li>\n<li>58K9570<\/li>\n<\/ul>\n<\/div>\n<p>&nbsp;<\/p>\n","protected":false},"featured_media":513,"comment_status":"closed","ping_status":"closed","template":"","meta":{"_lmt_disableupdate":"no","_lmt_disable":""},"product_brand":[],"product_cat":[41],"product_tag":[],"class_list":{"0":"post-3038","1":"product","2":"type-product","3":"status-publish","4":"has-post-thumbnail","6":"product_cat-diodos-varios","8":"first","9":"instock","10":"purchasable","11":"product-type-simple"},"_links":{"self":[{"href":"https:\/\/itv.geekbotelectronics.com\/index.php\/wp-json\/wp\/v2\/product\/3038"}],"collection":[{"href":"https:\/\/itv.geekbotelectronics.com\/index.php\/wp-json\/wp\/v2\/product"}],"about":[{"href":"https:\/\/itv.geekbotelectronics.com\/index.php\/wp-json\/wp\/v2\/types\/product"}],"replies":[{"embeddable":true,"href":"https:\/\/itv.geekbotelectronics.com\/index.php\/wp-json\/wp\/v2\/comments?post=3038"}],"wp:featuredmedia":[{"embeddable":true,"href":"https:\/\/itv.geekbotelectronics.com\/index.php\/wp-json\/wp\/v2\/media\/513"}],"wp:attachment":[{"href":"https:\/\/itv.geekbotelectronics.com\/index.php\/wp-json\/wp\/v2\/media?parent=3038"}],"wp:term":[{"taxonomy":"product_brand","embeddable":true,"href":"https:\/\/itv.geekbotelectronics.com\/index.php\/wp-json\/wp\/v2\/product_brand?post=3038"},{"taxonomy":"product_cat","embeddable":true,"href":"https:\/\/itv.geekbotelectronics.com\/index.php\/wp-json\/wp\/v2\/product_cat?post=3038"},{"taxonomy":"product_tag","embeddable":true,"href":"https:\/\/itv.geekbotelectronics.com\/index.php\/wp-json\/wp\/v2\/product_tag?post=3038"}],"curies":[{"name":"wp","href":"https:\/\/api.w.org\/{rel}","templated":true}]}}