{"id":3043,"date":"2022-09-05T22:09:34","date_gmt":"2022-09-06T04:09:34","guid":{"rendered":"https:\/\/itv.geekbotelectronics.com\/?post_type=product&#038;p=3043"},"modified":"2025-11-11T17:27:18","modified_gmt":"2025-11-11T23:27:18","slug":"fusible-europeo-0-2-a-250-v","status":"publish","type":"product","link":"https:\/\/itv.geekbotelectronics.com\/index.php\/product\/fusible-europeo-0-2-a-250-v\/","title":{"rendered":"Fusible Europeo 0.2 A 250 V"},"content":{"rendered":"<h4><span style=\"color: #000000\">Fusible Europeo<\/span><\/h4>\n<p><span style=\"color: #000000\">Fusible europeo de Vidrio 0.2A \/ 250v<\/span><\/p>\n<p><span style=\"color: #000000\">Los fusibles, a pesar de su mecanismo simple para la protecci\u00f3n de las instalaciones el\u00e9ctricas y electr\u00f3nicas, siguen siendo de los m\u00e9todos m\u00e1s confiables.<\/span><\/p>\n<p><span style=\"color: #000000\">Se denomina fusible a un dispositivo, constituido por un soporte adecuado, un filamento o l\u00e1mina de un <a style=\"color: #000000\" title=\"Metal\" href=\"https:\/\/es.wikipedia.org\/wiki\/Metal\">metal<\/a> o\u00a0<a style=\"color: #000000\" title=\"Aleaci\u00f3n\" href=\"https:\/\/es.wikipedia.org\/wiki\/Aleaci%C3%B3n\">aleaci\u00f3n<\/a> de bajo <a style=\"color: #000000\" title=\"Punto de fusi\u00f3n\" href=\"https:\/\/es.wikipedia.org\/wiki\/Punto_de_fusi%C3%B3n\">punto de fusi\u00f3n<\/a> que se intercala en un punto determinado de una instalaci\u00f3n el\u00e9ctrica para que se funda, por\u00a0<a style=\"color: #000000\" title=\"Efecto Joule\" href=\"https:\/\/es.wikipedia.org\/wiki\/Efecto_Joule\">Efecto Joule<\/a>, cuando la <a class=\"mw-redirect\" style=\"color: #000000\" title=\"Intensidad de corriente el\u00e9ctrica\" href=\"https:\/\/es.wikipedia.org\/wiki\/Intensidad_de_corriente_el%C3%A9ctrica\">intensidad de corriente<\/a> supere, por un <a style=\"color: #000000\" title=\"Cortocircuito\" href=\"https:\/\/es.wikipedia.org\/wiki\/Cortocircuito\">cortocircuito<\/a> o un exceso de carga, un determinado valor que pudiera hacer peligrar la integridad de los conductores de la instalaci\u00f3n con el consiguiente riesgo de incendio o destrucci\u00f3n de otros elementos.<\/span><\/p>\n<p><span style=\"color: #000000\">Cuando se cambian los fusibles de vidrio se deben sustituir por otro de las mismas caracter\u00edsticas, no tan solo se debe mirar la tensi\u00f3n y amperaje que soporta adem\u00e1s se debe tener en cuenta la letra que lleva antes del amperaje porque seg\u00fan cual sea la letra (F, FF, T, etc.) el fusible es m\u00e1s o menos r\u00e1pido en su fusi\u00f3n.\u00a0<\/span><\/p>\n<div><span style=\"color: #000000\">Fusible europeo de cristal varios valores de corriente que te permite hacer reparaciones el\u00e9ctricas y electr\u00f3nicas o bien proteger a tu equipo el\u00e9ctrico y\/o electr\u00f3nico de cualquier sobrecarga de corriente.<\/span><\/div>\n<div><\/div>\n<p><span style=\"color: #000000\"><strong>Especificaciones<\/strong><\/span><\/p>\n<ul>\n<li><span style=\"color: #000000\">Tipo: Europeo<\/span><\/li>\n<li><span style=\"color: #000000\">Material: Cristal<\/span><\/li>\n<li><span style=\"color: #000000\">Voltaje m\u00e1ximo: 250 VCD\/VCA<\/span><\/li>\n<li><span style=\"color: #000000\">Largo: 20 mm<\/span><\/li>\n<li><span style=\"color: #000000\">Di\u00e1metro: 5 mm<\/span><\/li>\n<\/ul>\n","protected":false},"excerpt":{"rendered":"<p>Fusible europeo con valor de corriente que permite hacer reparaciones el\u00e9ctricas y electr\u00f3nicas o proteger tu equipo de cualquier sobrecarga de corriente.<\/p>\n","protected":false},"featured_media":516,"comment_status":"closed","ping_status":"closed","template":"","meta":{"_lmt_disableupdate":"","_lmt_disable":""},"product_brand":[],"product_cat":[24],"product_tag":[],"class_list":{"0":"post-3043","1":"product","2":"type-product","3":"status-publish","4":"has-post-thumbnail","6":"product_cat-fusibles","8":"first","9":"instock","10":"taxable","11":"shipping-taxable","12":"purchasable","13":"product-type-simple"},"_links":{"self":[{"href":"https:\/\/itv.geekbotelectronics.com\/index.php\/wp-json\/wp\/v2\/product\/3043"}],"collection":[{"href":"https:\/\/itv.geekbotelectronics.com\/index.php\/wp-json\/wp\/v2\/product"}],"about":[{"href":"https:\/\/itv.geekbotelectronics.com\/index.php\/wp-json\/wp\/v2\/types\/product"}],"replies":[{"embeddable":true,"href":"https:\/\/itv.geekbotelectronics.com\/index.php\/wp-json\/wp\/v2\/comments?post=3043"}],"wp:featuredmedia":[{"embeddable":true,"href":"https:\/\/itv.geekbotelectronics.com\/index.php\/wp-json\/wp\/v2\/media\/516"}],"wp:attachment":[{"href":"https:\/\/itv.geekbotelectronics.com\/index.php\/wp-json\/wp\/v2\/media?parent=3043"}],"wp:term":[{"taxonomy":"product_brand","embeddable":true,"href":"https:\/\/itv.geekbotelectronics.com\/index.php\/wp-json\/wp\/v2\/product_brand?post=3043"},{"taxonomy":"product_cat","embeddable":true,"href":"https:\/\/itv.geekbotelectronics.com\/index.php\/wp-json\/wp\/v2\/product_cat?post=3043"},{"taxonomy":"product_tag","embeddable":true,"href":"https:\/\/itv.geekbotelectronics.com\/index.php\/wp-json\/wp\/v2\/product_tag?post=3043"}],"curies":[{"name":"wp","href":"https:\/\/api.w.org\/{rel}","templated":true}]}}