{"id":3049,"date":"2022-09-05T22:09:35","date_gmt":"2022-09-06T04:09:35","guid":{"rendered":"https:\/\/itv.geekbotelectronics.com\/?post_type=product&#038;p=3049"},"modified":"2023-09-08T17:13:50","modified_gmt":"2023-09-08T23:13:50","slug":"74ls156-doble-decodificador-demultiplexor-1-de-4","status":"publish","type":"product","link":"https:\/\/itv.geekbotelectronics.com\/index.php\/product\/74ls156-doble-decodificador-demultiplexor-1-de-4\/","title":{"rendered":"74LS156 Doble Decodificador\/Demultiplexor 1 de 4"},"content":{"rendered":"<h4>74LS156<\/h4>\n<p>Doble decodificador \u00f3 doble demultiplexor de 1\u00a0a 4 l\u00edneas 74LS156. Lineas de direcci\u00f3n compartidas y strobes individuales. Tambi\u00e9n puede operar como 1 decodificador de 3 a 8 l\u00edneas \u00f3 1 demultiplexor de 1 a 8 l\u00edneas.<\/p>\n<p>Un demultiplexor es un <a class=\"mw-redirect\" style=\"color: #000000\" title=\"Circuito combinacional\" href=\"https:\/\/es.wikipedia.org\/wiki\/Circuito_combinacional\">circuito combinacional<\/a> que tiene una entrada de informaci\u00f3n de datos <i>d<\/i> y <i>n\u00a0<\/i>entradas de control que sirven para seleccionar una de las 2<sup>n<\/sup> salidas, por la que ha de salir el dato que presente en la entrada. Esto se consigue aplicando a las entradas de control la combinaci\u00f3n <a style=\"color: #000000\" title=\"C\u00f3digo binario\" href=\"https:\/\/es.wikipedia.org\/wiki\/C%C3%B3digo_binario\">binaria<\/a> correspondiente a la salida que se desea seleccionar.<\/p>\n<p><strong>Caracter\u00edsticas:<\/strong><\/p>\n<ul>\n<li>Doble decodificador o doble demultiplexor de 1\u00a0a 4 l\u00edneas<\/li>\n<li>L\u00edneas de direcci\u00f3n o selecci\u00f3n compartidas y strobes individuales.<\/li>\n<li>Tambi\u00e9n puede operar como 1 decodificador de 3 a 8 l\u00edneas o 1 demultiplexor de 1 a 8 l\u00edneas<\/li>\n<li>Los strobes individuales permiten la conecci\u00f3n en cascada de varias unidades para decodificar o demultiplexar palabras de mayor longitud de bits<\/li>\n<li>Tecnolog\u00eda: TTL Low Schottky (LS)<\/li>\n<li>Voltaje de alimentaci\u00f3n: 4.75 V a 5.25 V<\/li>\n<li>Encapsulado: DIP\u00a016 pines<\/li>\n<\/ul>\n","protected":false},"excerpt":{"rendered":"<p><a href=\"http:\/\/www.geekbotelectronics.com\/wp-content\/uploads\/2014\/12\/74ls156.pdf\">DATASHEET<\/a><\/p>\n","protected":false},"featured_media":522,"comment_status":"closed","ping_status":"closed","template":"","meta":{"_lmt_disableupdate":"","_lmt_disable":""},"product_brand":[],"product_cat":[81],"product_tag":[],"class_list":{"0":"post-3049","1":"product","2":"type-product","3":"status-publish","4":"has-post-thumbnail","6":"product_cat-codificadores-decodificadores-demultiplexores-y-multiplexores","8":"first","9":"outofstock","10":"taxable","11":"shipping-taxable","12":"purchasable","13":"product-type-simple"},"_links":{"self":[{"href":"https:\/\/itv.geekbotelectronics.com\/index.php\/wp-json\/wp\/v2\/product\/3049"}],"collection":[{"href":"https:\/\/itv.geekbotelectronics.com\/index.php\/wp-json\/wp\/v2\/product"}],"about":[{"href":"https:\/\/itv.geekbotelectronics.com\/index.php\/wp-json\/wp\/v2\/types\/product"}],"replies":[{"embeddable":true,"href":"https:\/\/itv.geekbotelectronics.com\/index.php\/wp-json\/wp\/v2\/comments?post=3049"}],"wp:featuredmedia":[{"embeddable":true,"href":"https:\/\/itv.geekbotelectronics.com\/index.php\/wp-json\/wp\/v2\/media\/522"}],"wp:attachment":[{"href":"https:\/\/itv.geekbotelectronics.com\/index.php\/wp-json\/wp\/v2\/media?parent=3049"}],"wp:term":[{"taxonomy":"product_brand","embeddable":true,"href":"https:\/\/itv.geekbotelectronics.com\/index.php\/wp-json\/wp\/v2\/product_brand?post=3049"},{"taxonomy":"product_cat","embeddable":true,"href":"https:\/\/itv.geekbotelectronics.com\/index.php\/wp-json\/wp\/v2\/product_cat?post=3049"},{"taxonomy":"product_tag","embeddable":true,"href":"https:\/\/itv.geekbotelectronics.com\/index.php\/wp-json\/wp\/v2\/product_tag?post=3049"}],"curies":[{"name":"wp","href":"https:\/\/api.w.org\/{rel}","templated":true}]}}