{"id":3050,"date":"2022-09-05T22:09:35","date_gmt":"2022-09-06T04:09:35","guid":{"rendered":"https:\/\/itv.geekbotelectronics.com\/?post_type=product&#038;p=3050"},"modified":"2025-10-17T13:49:57","modified_gmt":"2025-10-17T19:49:57","slug":"transistor-2n2222a-npn","status":"publish","type":"product","link":"https:\/\/itv.geekbotelectronics.com\/index.php\/product\/transistor-2n2222a-npn\/","title":{"rendered":"Transistor 2N2222A NPN"},"content":{"rendered":"","protected":false},"excerpt":{"rendered":"<p><strong>Descripci\u00f3n<\/strong><\/p>\n<div>Transistor 2N2222A peque\u00f1a se\u00f1al. Transistor bipolar de baja potencia, amplificador lineal y de conmutaci\u00f3n.<\/div>\n<p><strong>Informaci\u00f3n B\u00e1sica<\/strong><\/p>\n<ul>\n<li><span id=\"result_box\">Polaridad del transistor: NPN<\/span><\/li>\n<li><span id=\"result_box\">Voltaje: 40 V<br \/>\n<\/span><\/li>\n<li><span id=\"result_box\">Transici\u00f3n frecuencia: 300 MHz<\/span><\/li>\n<li><span id=\"result_box\">Disipaci\u00f3n de potencia: 1.2 W<\/span><\/li>\n<li><span id=\"result_box\">DC Collector actual: 800 mA<\/span><\/li>\n<li><span id=\"result_box\">Ganancia de corriente cont\u00ednua hFE: 300<\/span><\/li>\n<li>Encapsulado \u00a0TO-18<\/li>\n<li>3 pines<\/li>\n<\/ul>\n","protected":false},"featured_media":523,"comment_status":"closed","ping_status":"closed","template":"","meta":{"_lmt_disableupdate":"no","_lmt_disable":""},"product_brand":[],"product_cat":[66],"product_tag":[],"class_list":{"0":"post-3050","1":"product","2":"type-product","3":"status-publish","4":"has-post-thumbnail","6":"product_cat-npn","8":"first","9":"instock","10":"taxable","11":"shipping-taxable","12":"purchasable","13":"product-type-simple"},"_links":{"self":[{"href":"https:\/\/itv.geekbotelectronics.com\/index.php\/wp-json\/wp\/v2\/product\/3050"}],"collection":[{"href":"https:\/\/itv.geekbotelectronics.com\/index.php\/wp-json\/wp\/v2\/product"}],"about":[{"href":"https:\/\/itv.geekbotelectronics.com\/index.php\/wp-json\/wp\/v2\/types\/product"}],"replies":[{"embeddable":true,"href":"https:\/\/itv.geekbotelectronics.com\/index.php\/wp-json\/wp\/v2\/comments?post=3050"}],"wp:featuredmedia":[{"embeddable":true,"href":"https:\/\/itv.geekbotelectronics.com\/index.php\/wp-json\/wp\/v2\/media\/523"}],"wp:attachment":[{"href":"https:\/\/itv.geekbotelectronics.com\/index.php\/wp-json\/wp\/v2\/media?parent=3050"}],"wp:term":[{"taxonomy":"product_brand","embeddable":true,"href":"https:\/\/itv.geekbotelectronics.com\/index.php\/wp-json\/wp\/v2\/product_brand?post=3050"},{"taxonomy":"product_cat","embeddable":true,"href":"https:\/\/itv.geekbotelectronics.com\/index.php\/wp-json\/wp\/v2\/product_cat?post=3050"},{"taxonomy":"product_tag","embeddable":true,"href":"https:\/\/itv.geekbotelectronics.com\/index.php\/wp-json\/wp\/v2\/product_tag?post=3050"}],"curies":[{"name":"wp","href":"https:\/\/api.w.org\/{rel}","templated":true}]}}