{"id":3057,"date":"2022-09-05T22:09:35","date_gmt":"2022-09-06T04:09:35","guid":{"rendered":"https:\/\/itv.geekbotelectronics.com\/?post_type=product&#038;p=3057"},"modified":"2023-09-08T17:13:50","modified_gmt":"2023-09-08T23:13:50","slug":"terminal-capuchon-para-cable","status":"publish","type":"product","link":"https:\/\/itv.geekbotelectronics.com\/index.php\/product\/terminal-capuchon-para-cable\/","title":{"rendered":"Terminal Capuch\u00f3n para Cable"},"content":{"rendered":"","protected":false},"excerpt":{"rendered":"<p class=\"prod20\">Capuch\u00f3n de terminaci\u00f3n final, para empalme de cables calibre 22 a 18 AWG a 300 Volts m\u00e1ximo. Su presentaci\u00f3n es en color transparente y se coloca a presi\u00f3n<\/p>\n","protected":false},"featured_media":0,"comment_status":"open","ping_status":"closed","template":"","meta":{"_lmt_disableupdate":"","_lmt_disable":""},"product_brand":[],"product_cat":[118],"product_tag":[],"class_list":{"0":"post-3057","1":"product","2":"type-product","3":"status-publish","5":"product_cat-terminales-electricas","7":"first","8":"instock","9":"purchasable","10":"product-type-simple"},"_links":{"self":[{"href":"https:\/\/itv.geekbotelectronics.com\/index.php\/wp-json\/wp\/v2\/product\/3057"}],"collection":[{"href":"https:\/\/itv.geekbotelectronics.com\/index.php\/wp-json\/wp\/v2\/product"}],"about":[{"href":"https:\/\/itv.geekbotelectronics.com\/index.php\/wp-json\/wp\/v2\/types\/product"}],"replies":[{"embeddable":true,"href":"https:\/\/itv.geekbotelectronics.com\/index.php\/wp-json\/wp\/v2\/comments?post=3057"}],"wp:attachment":[{"href":"https:\/\/itv.geekbotelectronics.com\/index.php\/wp-json\/wp\/v2\/media?parent=3057"}],"wp:term":[{"taxonomy":"product_brand","embeddable":true,"href":"https:\/\/itv.geekbotelectronics.com\/index.php\/wp-json\/wp\/v2\/product_brand?post=3057"},{"taxonomy":"product_cat","embeddable":true,"href":"https:\/\/itv.geekbotelectronics.com\/index.php\/wp-json\/wp\/v2\/product_cat?post=3057"},{"taxonomy":"product_tag","embeddable":true,"href":"https:\/\/itv.geekbotelectronics.com\/index.php\/wp-json\/wp\/v2\/product_tag?post=3057"}],"curies":[{"name":"wp","href":"https:\/\/api.w.org\/{rel}","templated":true}]}}