{"id":3060,"date":"2022-09-05T22:09:35","date_gmt":"2022-09-06T04:09:35","guid":{"rendered":"https:\/\/itv.geekbotelectronics.com\/?post_type=product&#038;p=3060"},"modified":"2025-09-30T13:15:35","modified_gmt":"2025-09-30T19:15:35","slug":"74ls76-flip-flop-j-k","status":"publish","type":"product","link":"https:\/\/itv.geekbotelectronics.com\/index.php\/product\/74ls76-flip-flop-j-k\/","title":{"rendered":"74LS76 Flip Flop J-K"},"content":{"rendered":"<h4 style=\"text-align: justify\"><span style=\"color: #000000\">74LS76<\/span><\/h4>\n<p style=\"text-align: justify\"><span style=\"color: #000000\"><span class=\"hps\">Circuito Integrado 74LS76. <\/span><span class=\"hps atn\">Flip-<\/span>flop J-K dual con <span class=\"hps\">preselecci\u00f3n<\/span><span class=\"hps\">.<\/span><\/span><\/p>\n<p style=\"text-align: justify\"><span style=\"color: #000000\">Un\u00a0flip-flop, es un <a style=\"color: #000000\" title=\"Multivibrador\" href=\"https:\/\/es.wikipedia.org\/wiki\/Multivibrador\">multivibrador<\/a> capaz de permanecer en uno de dos estados posibles durante un tiempo indefinido en ausencia de perturbaciones.<span style=\"font-size: 11.6667px\">\u00a0<\/span>Esta caracter\u00edstica es ampliamente utilizada en <a style=\"color: #000000\" title=\"Electr\u00f3nica digital\" href=\"https:\/\/es.wikipedia.org\/wiki\/Electr%C3%B3nica_digital\">electr\u00f3nica digital<\/a> para memorizar informaci\u00f3n. El paso de un estado a otro se realiza variando sus entradas.<\/span><\/p>\n<p style=\"text-align: justify\"><span style=\"color: #000000\">El Flip flop J-K es vers\u00e1til y es uno de los tipos de flip-flop m\u00e1s usados. Su funcionamiento es id\u00e9ntico al del flip-flop S-R en las condiciones SET, RESET y de permanencia de estado. La diferencia est\u00e1 en que el flip-flop J-K no tiene condiciones no v\u00e1lidas como ocurre en el S-R.<\/span><\/p>\n<p style=\"text-align: justify\"><span style=\"color: #000000\">Este dispositivo de almacenamiento es temporal que se encuentra dos estados (alto y bajo), cuyas entradas principales, J y K, a las que debe el nombre, permiten al ser activadas:<\/span><\/p>\n<ul style=\"text-align: justify\">\n<li><span style=\"color: #000000\">J: El grabado (set), puesta a 1 \u00f3 nivel alto de la salida.<\/span><\/li>\n<li><span style=\"color: #000000\">K: El borrado (reset), puesta a 0 \u00f3 nivel bajo de la salida.<\/span><\/li>\n<\/ul>\n<p style=\"text-align: justify\"><span style=\"color: #000000\">Si no se activa ninguna de las entradas, el biestable permanece en el estado que pose\u00eda tras la \u00faltima operaci\u00f3n de borrado o grabado.<\/span><\/p>\n<p style=\"text-align: justify\"><span style=\"color: #000000\"><strong>Especificaciones<\/strong><\/span><\/p>\n<div>\n<div>\n<ul>\n<li style=\"text-align: justify\"><span style=\"color: #000000\">Dual J-K Flip Flop<\/span><\/li>\n<li style=\"text-align: justify\"><span style=\"color: #000000\">Voltaje: 5 V<\/span><\/li>\n<li style=\"text-align: justify\"><span style=\"color: #000000\">Familia: LS<\/span><\/li>\n<li style=\"text-align: justify\"><span style=\"color: #000000\">Encapsulado DIP<\/span><\/li>\n<li style=\"text-align: justify\"><span style=\"color: #000000\">16 Pines<\/span><\/li>\n<\/ul>\n<\/div>\n<\/div>\n","protected":false},"excerpt":{"rendered":"<p>74LS76 Circuito Integrado 74LS76. Flip-flop J-K dual con preselecci\u00f3n. Un\u00a0flip-flop, es un multivibrador capaz de permanecer en uno de dos estados posibles durante un tiempo indefinido en ausencia de perturbaciones.\u00a0Esta caracter\u00edstica es ampliamente utilizada en electr\u00f3nica digital para memorizar informaci\u00f3n. El paso de un estado a otro se realiza variando sus entradas. El Flip flop [&hellip;]<\/p>\n","protected":false},"featured_media":531,"comment_status":"closed","ping_status":"closed","template":"","meta":{"_lmt_disableupdate":"no","_lmt_disable":""},"product_brand":[],"product_cat":[22],"product_tag":[],"class_list":{"0":"post-3060","1":"product","2":"type-product","3":"status-publish","4":"has-post-thumbnail","6":"product_cat-flip-flop","8":"first","9":"instock","10":"taxable","11":"shipping-taxable","12":"purchasable","13":"product-type-simple"},"_links":{"self":[{"href":"https:\/\/itv.geekbotelectronics.com\/index.php\/wp-json\/wp\/v2\/product\/3060"}],"collection":[{"href":"https:\/\/itv.geekbotelectronics.com\/index.php\/wp-json\/wp\/v2\/product"}],"about":[{"href":"https:\/\/itv.geekbotelectronics.com\/index.php\/wp-json\/wp\/v2\/types\/product"}],"replies":[{"embeddable":true,"href":"https:\/\/itv.geekbotelectronics.com\/index.php\/wp-json\/wp\/v2\/comments?post=3060"}],"wp:featuredmedia":[{"embeddable":true,"href":"https:\/\/itv.geekbotelectronics.com\/index.php\/wp-json\/wp\/v2\/media\/531"}],"wp:attachment":[{"href":"https:\/\/itv.geekbotelectronics.com\/index.php\/wp-json\/wp\/v2\/media?parent=3060"}],"wp:term":[{"taxonomy":"product_brand","embeddable":true,"href":"https:\/\/itv.geekbotelectronics.com\/index.php\/wp-json\/wp\/v2\/product_brand?post=3060"},{"taxonomy":"product_cat","embeddable":true,"href":"https:\/\/itv.geekbotelectronics.com\/index.php\/wp-json\/wp\/v2\/product_cat?post=3060"},{"taxonomy":"product_tag","embeddable":true,"href":"https:\/\/itv.geekbotelectronics.com\/index.php\/wp-json\/wp\/v2\/product_tag?post=3060"}],"curies":[{"name":"wp","href":"https:\/\/api.w.org\/{rel}","templated":true}]}}