{"id":3068,"date":"2022-09-05T22:09:36","date_gmt":"2022-09-06T04:09:36","guid":{"rendered":"https:\/\/itv.geekbotelectronics.com\/?post_type=product&#038;p=3068"},"modified":"2025-11-07T11:17:58","modified_gmt":"2025-11-07T17:17:58","slug":"74ls195-registro-de-desplazamiento-paralelo","status":"publish","type":"product","link":"https:\/\/itv.geekbotelectronics.com\/index.php\/product\/74ls195-registro-de-desplazamiento-paralelo\/","title":{"rendered":"74LS195 Registro de Desplazamiento Paralelo"},"content":{"rendered":"<h4><span style=\"color: #000000\">74LS195 <\/span><\/h4>\n<p><span style=\"color: #000000\">Registro de Desplazamiento de 4 Bits 74LS195, acceso en Paralelo con Entradas J K Seriales.<\/span><\/p>\n<p><span style=\"color: #000000\">Un registro de desplazamiento es un <a style=\"color: #000000\" title=\"Circuito digital\" href=\"https:\/\/es.wikipedia.org\/wiki\/Circuito_digital\">circuito digital<\/a> secuencial (es decir, que los valores de sus salidas dependen de sus entradas y de los valores anteriores) consistente en una serie de <a style=\"color: #000000\" title=\"Biestable\" href=\"https:\/\/es.wikipedia.org\/wiki\/Biestable\">biestables<\/a>, generalmente de tipo D, conectados en cascada, que basculan de forma sincr\u00f3nica con la misma se\u00f1al de reloj. Seg\u00fan las conexiones entre los biestables, se tiene un desplazamiento a la izquierda o a la derecha de la informaci\u00f3n almacenada. Es de se\u00f1alar que un desplazamiento a la izquierda de un conjunto de bits, multiplica por 2, mientras que uno a la derecha, divide entre 2. Existen registros de desplazamiento bidireccionales, que pueden funcionar en ambos sentidos. Los registros universales, adem\u00e1s de bidireccionales permiten la carga en paralelo.<\/span><\/p>\n<p><span style=\"color: #000000\"><strong>Especificaciones<\/strong><\/span><\/p>\n<div>\n<ul>\n<li><span style=\"color: #000000\">Rango de temperatura: 70 a 125 \u00baC<\/span><\/li>\n<li><span style=\"color: #000000\">Voltaje: 5 V a 5.25 V<\/span><\/li>\n<li><span id=\"result_box\" lang=\"es\" style=\"color: #000000\"><span class=\"hps\">Corriente de salida<\/span><span class=\"hps\"> baja: 16 mA<\/span><\/span><\/li>\n<li><span style=\"color: #000000\">Encapsulado DIP<\/span><\/li>\n<li><span style=\"color: #000000\">Familia: LS<\/span><\/li>\n<li><span style=\"color: #000000\">16 Pines<\/span><\/li>\n<\/ul>\n<\/div>\n","protected":false},"excerpt":{"rendered":"<p>74LS195 Registro de Desplazamiento de 4 Bits 74LS195, acceso en Paralelo con Entradas J K Seriales. Un registro de desplazamiento es un circuito digital secuencial (es decir, que los valores de sus salidas dependen de sus entradas y de los valores anteriores) consistente en una serie de biestables, generalmente de tipo D, conectados en cascada, [&hellip;]<\/p>\n","protected":false},"featured_media":567,"comment_status":"closed","ping_status":"closed","template":"","meta":{"_lmt_disableupdate":"no","_lmt_disable":""},"product_brand":[],"product_cat":[44],"product_tag":[],"class_list":{"0":"post-3068","1":"product","2":"type-product","3":"status-publish","4":"has-post-thumbnail","6":"product_cat-circuitos-integrados","8":"first","9":"instock","10":"taxable","11":"shipping-taxable","12":"purchasable","13":"product-type-simple"},"_links":{"self":[{"href":"https:\/\/itv.geekbotelectronics.com\/index.php\/wp-json\/wp\/v2\/product\/3068"}],"collection":[{"href":"https:\/\/itv.geekbotelectronics.com\/index.php\/wp-json\/wp\/v2\/product"}],"about":[{"href":"https:\/\/itv.geekbotelectronics.com\/index.php\/wp-json\/wp\/v2\/types\/product"}],"replies":[{"embeddable":true,"href":"https:\/\/itv.geekbotelectronics.com\/index.php\/wp-json\/wp\/v2\/comments?post=3068"}],"wp:featuredmedia":[{"embeddable":true,"href":"https:\/\/itv.geekbotelectronics.com\/index.php\/wp-json\/wp\/v2\/media\/567"}],"wp:attachment":[{"href":"https:\/\/itv.geekbotelectronics.com\/index.php\/wp-json\/wp\/v2\/media?parent=3068"}],"wp:term":[{"taxonomy":"product_brand","embeddable":true,"href":"https:\/\/itv.geekbotelectronics.com\/index.php\/wp-json\/wp\/v2\/product_brand?post=3068"},{"taxonomy":"product_cat","embeddable":true,"href":"https:\/\/itv.geekbotelectronics.com\/index.php\/wp-json\/wp\/v2\/product_cat?post=3068"},{"taxonomy":"product_tag","embeddable":true,"href":"https:\/\/itv.geekbotelectronics.com\/index.php\/wp-json\/wp\/v2\/product_tag?post=3068"}],"curies":[{"name":"wp","href":"https:\/\/api.w.org\/{rel}","templated":true}]}}