{"id":3077,"date":"2022-09-05T22:09:42","date_gmt":"2022-09-06T04:09:42","guid":{"rendered":"https:\/\/itv.geekbotelectronics.com\/?post_type=product&#038;p=3077"},"modified":"2025-06-25T10:49:04","modified_gmt":"2025-06-25T16:49:04","slug":"motoreductor-metalico-100-rpm","status":"publish","type":"product","link":"https:\/\/itv.geekbotelectronics.com\/index.php\/product\/motoreductor-metalico-100-rpm\/","title":{"rendered":"Motoreductor Met\u00e1lico 200:1"},"content":{"rendered":"<p>Motoreductor 100RPM DC 6V Mini engranaje de metal.<\/p>\n<p><strong>Descripci\u00f3n:\u00a0<\/strong><br \/>\nEste es un mini motor de engranaje de metal DC, ideal para hacer robots de\u00a0peso ligero, alto par y bajas revoluciones.<br \/>\nTambi\u00e9n se puede montar f\u00e1cilmente una rueda en el eje de salida del motor.<\/p>\n<p><strong>Especificaci\u00f3n:\u00a0<\/strong><br \/>\nVoltaje nominal: DC 6V<br \/>\nVelocidad: 100 RPM<br \/>\nDi\u00e1metro del eje: 3 mm<br \/>\nTama\u00f1o: Di\u00e1metro: 12 mm<br \/>\nFuselaje sin longitud del eje: 26 mm<br \/>\nLongitud axial de salida: 10\u00a0mm\u00a0a 4,4\u00a0mm<br \/>\nRango de voltaje: 6-12V<\/p>\n","protected":false},"excerpt":{"rendered":"<p>Motoreductor 100RPM DC 6V Mini engranaje de metal. Descripci\u00f3n:\u00a0 Este es un mini motor de engranaje de metal DC, ideal para hacer robots de\u00a0peso ligero, alto par y bajas revoluciones. Tambi\u00e9n se puede montar f\u00e1cilmente una rueda en el eje de salida del motor. Especificaci\u00f3n:\u00a0 Voltaje nominal: DC 6V Velocidad: 100 RPM Di\u00e1metro del eje: [&hellip;]<\/p>\n","protected":false},"featured_media":574,"comment_status":"closed","ping_status":"closed","template":"","meta":{"_lmt_disableupdate":"no","_lmt_disable":""},"product_brand":[],"product_cat":[54],"product_tag":[],"class_list":{"0":"post-3077","1":"product","2":"type-product","3":"status-publish","4":"has-post-thumbnail","6":"product_cat-motores-reductores","8":"first","9":"instock","10":"taxable","11":"shipping-taxable","12":"purchasable","13":"product-type-simple"},"_links":{"self":[{"href":"https:\/\/itv.geekbotelectronics.com\/index.php\/wp-json\/wp\/v2\/product\/3077"}],"collection":[{"href":"https:\/\/itv.geekbotelectronics.com\/index.php\/wp-json\/wp\/v2\/product"}],"about":[{"href":"https:\/\/itv.geekbotelectronics.com\/index.php\/wp-json\/wp\/v2\/types\/product"}],"replies":[{"embeddable":true,"href":"https:\/\/itv.geekbotelectronics.com\/index.php\/wp-json\/wp\/v2\/comments?post=3077"}],"wp:featuredmedia":[{"embeddable":true,"href":"https:\/\/itv.geekbotelectronics.com\/index.php\/wp-json\/wp\/v2\/media\/574"}],"wp:attachment":[{"href":"https:\/\/itv.geekbotelectronics.com\/index.php\/wp-json\/wp\/v2\/media?parent=3077"}],"wp:term":[{"taxonomy":"product_brand","embeddable":true,"href":"https:\/\/itv.geekbotelectronics.com\/index.php\/wp-json\/wp\/v2\/product_brand?post=3077"},{"taxonomy":"product_cat","embeddable":true,"href":"https:\/\/itv.geekbotelectronics.com\/index.php\/wp-json\/wp\/v2\/product_cat?post=3077"},{"taxonomy":"product_tag","embeddable":true,"href":"https:\/\/itv.geekbotelectronics.com\/index.php\/wp-json\/wp\/v2\/product_tag?post=3077"}],"curies":[{"name":"wp","href":"https:\/\/api.w.org\/{rel}","templated":true}]}}