{"id":3099,"date":"2022-09-05T22:09:44","date_gmt":"2022-09-06T04:09:44","guid":{"rendered":"https:\/\/itv.geekbotelectronics.com\/?post_type=product&#038;p=3099"},"modified":"2025-06-02T10:09:21","modified_gmt":"2025-06-02T16:09:21","slug":"placa-fenolica-una-cara-10-x-15-cm","status":"publish","type":"product","link":"https:\/\/itv.geekbotelectronics.com\/index.php\/product\/placa-fenolica-una-cara-10-x-15-cm\/","title":{"rendered":"Placa Fen\u00f3lica una Cara 10 x 15 cm"},"content":{"rendered":"<h4><span style=\"color: #000000\">Placa Fen\u00f3lica<\/span><\/h4>\n<div>\n<p><span style=\"color: #000000\">\u00a0<span lang=\"ES\">Estas placas son por lo general de <a style=\"color: #000000\" title=\"Cobre\" href=\"https:\/\/es.wikipedia.org\/wiki\/Cobre\">cobre<\/a>, realmente se compone de dos caras, ya que la otra es un aislante para que al fundirla en \u00e1cido ferroso, el aislante separe las pistas de cobre. Este material aislante puede ser silicona, fibra de vidrio, y algunos otros.<\/span> Al dise\u00f1ar un proyecto o prototipo electr\u00f3nico, primero se debe probar, arm\u00e1ndose en una placa de pruebas o protoboard. Cuando funcione correctamente. \u00a0 Posteriormente se dise\u00f1a y fabrica el circuito impreso (PCB)\u00a0 y para finalizar, se montan los componentes en esta placa o tarjeta, para finalmente colocarlo en un chasis o gabinete.<\/span><\/p>\n<h5><span style=\"color: #000000\">Especificaciones<\/span><\/h5>\n<ul>\n<li><span style=\"color: #000000\">Dimensiones: 10 cm X 15 cm<\/span><\/li>\n<li><span style=\"color: #000000\">N\u00famero de caras: 1<\/span><\/li>\n<li><span style=\"color: #000000\">Cara de cobre<\/span><\/li>\n<\/ul>\n<\/div>\n","protected":false},"excerpt":{"rendered":"<p>Placa fen\u00f3lica de 10\u00a0x 15 cm, con una cara de cobre. Ideal para proyectos o prototipos.<\/p>\n<div id=\"__if72ru4sdfsdfrkjahiuyi_once\"><\/div>\n<div id=\"__if72ru4sdfsdfruh7fewui_once\"><\/div>\n<div id=\"__hggasdgjhsagd_once\"><\/div>\n","protected":false},"featured_media":406,"comment_status":"closed","ping_status":"closed","template":"","meta":{"_lmt_disableupdate":"no","_lmt_disable":""},"product_brand":[],"product_cat":[93],"product_tag":[],"class_list":{"0":"post-3099","1":"product","2":"type-product","3":"status-publish","4":"has-post-thumbnail","6":"product_cat-pcb-para-revelar","8":"first","9":"instock","10":"taxable","11":"shipping-taxable","12":"purchasable","13":"product-type-simple"},"_links":{"self":[{"href":"https:\/\/itv.geekbotelectronics.com\/index.php\/wp-json\/wp\/v2\/product\/3099"}],"collection":[{"href":"https:\/\/itv.geekbotelectronics.com\/index.php\/wp-json\/wp\/v2\/product"}],"about":[{"href":"https:\/\/itv.geekbotelectronics.com\/index.php\/wp-json\/wp\/v2\/types\/product"}],"replies":[{"embeddable":true,"href":"https:\/\/itv.geekbotelectronics.com\/index.php\/wp-json\/wp\/v2\/comments?post=3099"}],"wp:featuredmedia":[{"embeddable":true,"href":"https:\/\/itv.geekbotelectronics.com\/index.php\/wp-json\/wp\/v2\/media\/406"}],"wp:attachment":[{"href":"https:\/\/itv.geekbotelectronics.com\/index.php\/wp-json\/wp\/v2\/media?parent=3099"}],"wp:term":[{"taxonomy":"product_brand","embeddable":true,"href":"https:\/\/itv.geekbotelectronics.com\/index.php\/wp-json\/wp\/v2\/product_brand?post=3099"},{"taxonomy":"product_cat","embeddable":true,"href":"https:\/\/itv.geekbotelectronics.com\/index.php\/wp-json\/wp\/v2\/product_cat?post=3099"},{"taxonomy":"product_tag","embeddable":true,"href":"https:\/\/itv.geekbotelectronics.com\/index.php\/wp-json\/wp\/v2\/product_tag?post=3099"}],"curies":[{"name":"wp","href":"https:\/\/api.w.org\/{rel}","templated":true}]}}