{"id":3103,"date":"2022-09-05T22:09:49","date_gmt":"2022-09-06T04:09:49","guid":{"rendered":"https:\/\/itv.geekbotelectronics.com\/?post_type=product&#038;p=3103"},"modified":"2025-11-10T15:08:01","modified_gmt":"2025-11-10T21:08:01","slug":"plug-banana-azul-con-tornillo","status":"publish","type":"product","link":"https:\/\/itv.geekbotelectronics.com\/index.php\/product\/plug-banana-azul-con-tornillo\/","title":{"rendered":"Plug Banana Azul con Tornillo"},"content":{"rendered":"<h4><span style=\"color: #000000\">Plug Banana Azul con Tornillo<\/span><\/h4>\n<p><span style=\"color: #000000\">Plug Banana Azul\u00a0con tornillo opresor para sujetar cables. Los conectores banana son\u00a0un tipo de conector\u00a0 muy usado en instrumentos de medida el\u00e9ctrica o electr\u00f3nica como generadores, fuentes o <a style=\"color: #000000\" title=\"Mult\u00edmetro\" href=\"https:\/\/es.wikipedia.org\/wiki\/Mult%C3%ADmetro\">Mult\u00edmetro<\/a>s. Tambi\u00e9n es usada a la salida de amplificadores de audio y en la entrada de muchos parlantes de buena calidad.<\/span><\/p>\n<p><span style=\"color: #000000\"><strong>Especificaciones<\/strong><\/span><\/p>\n<ul>\n<li><span style=\"color: #000000\">Tipo de conector: Banana<\/span><\/li>\n<li><span style=\"color: #000000\">G\u00e9nero: Macho (Plug)<\/span><\/li>\n<li><span style=\"color: #000000\">Terminal: Plateada<\/span><\/li>\n<li><span style=\"color: #000000\">Material del conector: Pl\u00e1stico<\/span><\/li>\n<li><span style=\"color: #000000\">Uso: Para extensi\u00f3n<\/span><\/li>\n<li><span style=\"color: #000000\">Cuenta con opresor o tornillos para sujetar cable<\/span><\/li>\n<li>Toma lateral para la conexi\u00f3n de otro conector banana macho.<\/li>\n<li>Conexi\u00f3n r\u00e1pida para cable en la parte superior mediante tornillo.<\/li>\n<li>Secci\u00f3n m\u00e1xima de cable admitido: 4mm2.<\/li>\n<li><span style=\"color: #000000\">Dimensiones:<\/span>\n<ul>\n<li><span style=\"color: #000000\">Di\u00e1metro: 0.8 cm<\/span><\/li>\n<li><span style=\"color: #000000\">Largo: 3.7 cm<\/span><\/li>\n<\/ul>\n<\/li>\n<\/ul>\n<p><span style=\"color: #000000\"><strong>Color<\/strong><\/span><\/p>\n<ul>\n<li><span style=\"color: #000000\">Azul<\/span><\/li>\n<\/ul>\n","protected":false},"excerpt":{"rendered":"<p>Plug Banana Azul con Tornillo Plug Banana Azul\u00a0con tornillo opresor para sujetar cables. Los conectores banana son\u00a0un tipo de conector\u00a0 muy usado en instrumentos de medida el\u00e9ctrica o electr\u00f3nica como generadores, fuentes o Mult\u00edmetros. Tambi\u00e9n es usada a la salida de amplificadores de audio y en la entrada de muchos parlantes de buena calidad. Especificaciones [&hellip;]<\/p>\n","protected":false},"featured_media":7980,"comment_status":"closed","ping_status":"closed","template":"","meta":{"_lmt_disableupdate":"no","_lmt_disable":""},"product_brand":[],"product_cat":[27,90],"product_tag":[],"class_list":{"0":"post-3103","1":"product","2":"type-product","3":"status-publish","4":"has-post-thumbnail","6":"product_cat-conectores","7":"product_cat-plugs-y-jacks","9":"first","10":"instock","11":"taxable","12":"shipping-taxable","13":"purchasable","14":"product-type-simple"},"_links":{"self":[{"href":"https:\/\/itv.geekbotelectronics.com\/index.php\/wp-json\/wp\/v2\/product\/3103"}],"collection":[{"href":"https:\/\/itv.geekbotelectronics.com\/index.php\/wp-json\/wp\/v2\/product"}],"about":[{"href":"https:\/\/itv.geekbotelectronics.com\/index.php\/wp-json\/wp\/v2\/types\/product"}],"replies":[{"embeddable":true,"href":"https:\/\/itv.geekbotelectronics.com\/index.php\/wp-json\/wp\/v2\/comments?post=3103"}],"wp:featuredmedia":[{"embeddable":true,"href":"https:\/\/itv.geekbotelectronics.com\/index.php\/wp-json\/wp\/v2\/media\/7980"}],"wp:attachment":[{"href":"https:\/\/itv.geekbotelectronics.com\/index.php\/wp-json\/wp\/v2\/media?parent=3103"}],"wp:term":[{"taxonomy":"product_brand","embeddable":true,"href":"https:\/\/itv.geekbotelectronics.com\/index.php\/wp-json\/wp\/v2\/product_brand?post=3103"},{"taxonomy":"product_cat","embeddable":true,"href":"https:\/\/itv.geekbotelectronics.com\/index.php\/wp-json\/wp\/v2\/product_cat?post=3103"},{"taxonomy":"product_tag","embeddable":true,"href":"https:\/\/itv.geekbotelectronics.com\/index.php\/wp-json\/wp\/v2\/product_tag?post=3103"}],"curies":[{"name":"wp","href":"https:\/\/api.w.org\/{rel}","templated":true}]}}