{"id":3120,"date":"2022-09-05T22:09:50","date_gmt":"2022-09-06T04:09:50","guid":{"rendered":"https:\/\/itv.geekbotelectronics.com\/?post_type=product&#038;p=3120"},"modified":"2025-11-11T17:59:08","modified_gmt":"2025-11-11T23:59:08","slug":"lm2596-reductor-de-voltaje-dc-dc","status":"publish","type":"product","link":"https:\/\/itv.geekbotelectronics.com\/index.php\/product\/lm2596-reductor-de-voltaje-dc-dc\/","title":{"rendered":"LM2596 Reductor de voltaje DC-DC"},"content":{"rendered":"<h4 style=\"text-align: justify\"><span style=\"color: #000000\">LM2596<\/span><\/h4>\n<p style=\"text-align: justify\"><span style=\"color: #000000\">El m\u00f3dulo convertidor DC-DC Step-Down (Buck) LM2596\u00a0es capaz de regular un voltaje de entrada mayor y convertirlo en uno menor a su salida. A diferencia de los tradicionales reguladores lineales como el LM317 o el LM7805, esta fuente de alimentaci\u00f3n de corriente directa puede proveer hasta 3 amperes a tus circuitos de manera muy eficiente y por lo tanto emitiendo una menor cantidad de calor. La fuente esta basada en el circuito integrado\u00a0LM2596.\u00a0 Se trata de una fuente conmutada (switching) de bajo perfil y alta eficiencia que puede usarse para adaptar el voltaje de alimentaci\u00f3n en distintas etapas de un circuito, alimentar circuitos l\u00f3gicos desde bater\u00edas (aumentando el tiempo de vida de estas), circuitos experimentales, control de acceso, etc.<\/span><\/p>\n<p style=\"text-align: justify\"><span style=\"color: #000000\">Especificaciones:<\/span><\/p>\n<ul>\n<li style=\"text-align: justify\"><span style=\"color: #000000\">Convertidor buck de alta eficiencia: ~80%<\/span><\/li>\n<li style=\"text-align: justify\"><span style=\"color: #000000\">Voltaje de entrada: 4.75 a 30V<\/span><\/li>\n<li style=\"text-align: justify\"><span style=\"color: #000000\">Voltaje de salida: 1.25 a 26V<\/span><\/li>\n<li style=\"text-align: justify\"><span style=\"color: #000000\">Voltaje de salida ajustable<\/span><\/li>\n<li style=\"text-align: justify\"><span style=\"color: #000000\">Corriente promedio de salida: 2A<\/span><\/li>\n<li style=\"text-align: justify\"><span style=\"color: #000000\">Corriente pico de salida: 3A<\/span><\/li>\n<li style=\"text-align: justify\"><span style=\"color: #000000\">Basado en el regulador LM2596<\/span><\/li>\n<li style=\"text-align: justify\"><span style=\"color: #000000\">Led indicador de encendido<\/span><\/li>\n<\/ul>\n","protected":false},"excerpt":{"rendered":"<p>LM2596 El m\u00f3dulo convertidor DC-DC Step-Down (Buck) LM2596\u00a0es capaz de regular un voltaje de entrada mayor y convertirlo en uno menor a su salida. A diferencia de los tradicionales reguladores lineales como el LM317 o el LM7805, esta fuente de alimentaci\u00f3n de corriente directa puede proveer hasta 3 amperes a tus circuitos de manera muy [&hellip;]<\/p>\n","protected":false},"featured_media":626,"comment_status":"closed","ping_status":"closed","template":"","meta":{"_lmt_disableupdate":"no","_lmt_disable":""},"product_brand":[],"product_cat":[71],"product_tag":[],"class_list":{"0":"post-3120","1":"product","2":"type-product","3":"status-publish","4":"has-post-thumbnail","6":"product_cat-regulador-de-voltaje","8":"first","9":"instock","10":"taxable","11":"shipping-taxable","12":"purchasable","13":"product-type-simple"},"_links":{"self":[{"href":"https:\/\/itv.geekbotelectronics.com\/index.php\/wp-json\/wp\/v2\/product\/3120"}],"collection":[{"href":"https:\/\/itv.geekbotelectronics.com\/index.php\/wp-json\/wp\/v2\/product"}],"about":[{"href":"https:\/\/itv.geekbotelectronics.com\/index.php\/wp-json\/wp\/v2\/types\/product"}],"replies":[{"embeddable":true,"href":"https:\/\/itv.geekbotelectronics.com\/index.php\/wp-json\/wp\/v2\/comments?post=3120"}],"wp:featuredmedia":[{"embeddable":true,"href":"https:\/\/itv.geekbotelectronics.com\/index.php\/wp-json\/wp\/v2\/media\/626"}],"wp:attachment":[{"href":"https:\/\/itv.geekbotelectronics.com\/index.php\/wp-json\/wp\/v2\/media?parent=3120"}],"wp:term":[{"taxonomy":"product_brand","embeddable":true,"href":"https:\/\/itv.geekbotelectronics.com\/index.php\/wp-json\/wp\/v2\/product_brand?post=3120"},{"taxonomy":"product_cat","embeddable":true,"href":"https:\/\/itv.geekbotelectronics.com\/index.php\/wp-json\/wp\/v2\/product_cat?post=3120"},{"taxonomy":"product_tag","embeddable":true,"href":"https:\/\/itv.geekbotelectronics.com\/index.php\/wp-json\/wp\/v2\/product_tag?post=3120"}],"curies":[{"name":"wp","href":"https:\/\/api.w.org\/{rel}","templated":true}]}}