{"id":3130,"date":"2022-09-05T22:09:56","date_gmt":"2022-09-06T04:09:56","guid":{"rendered":"https:\/\/itv.geekbotelectronics.com\/?post_type=product&#038;p=3130"},"modified":"2024-10-15T16:41:54","modified_gmt":"2024-10-15T22:41:54","slug":"sensor-hs0038-receptor-infrarrojo","status":"publish","type":"product","link":"https:\/\/itv.geekbotelectronics.com\/index.php\/product\/sensor-hs0038-receptor-infrarrojo\/","title":{"rendered":"Sensor HS0038 Receptor Infrarrojo"},"content":{"rendered":"<h4>HS0038B Receptor Infrarrojo<\/h4>\n<p><span style=\"color: #000000\">El HS0038B es un receptor\u00a0infrarrojo miniatura para sistemas de control remoto. Un fotodetector y un preamplificador son ensamblados en un s\u00f3lo encapsulado y esta dise\u00f1ado como un filtro infrarrojo. La se\u00f1al de salida demodulada puede ser decodificada directamente por un microprocesador. El receptor infrarrojo\u00a0es un est\u00e1ndar para series de receptores de control remoto, soportando la mayor cantidad de c\u00f3digos de transmisi\u00f3n.<\/span><\/p>\n<div><span style=\"color: #000000\">\u00a0<\/span><\/div>\n<div>\n<div><span style=\"color: #000000\"><strong>Especificaciones:<\/strong><\/span><\/div>\n<div><span style=\"color: #000000\">&#8211; Encapsulado TO-92<\/span><\/div>\n<div><span style=\"color: #000000\">&#8211; Compatible con TTL y CMOS<\/span><\/div>\n<div><span style=\"color: #000000\">&#8211; Fotodetector y preamplificador en un s\u00f3lo encapsulado<\/span><\/div>\n<div><span style=\"color: #000000\">&#8211; Filtro interno para frecuencia PCM<\/span><\/div>\n<div><span style=\"color: #000000\">&#8211; Salida activa en bajo<\/span><\/div>\n<div><span style=\"color: #000000\">&#8211; Bajo consumo de potencia<\/span><\/div>\n<div><span style=\"color: #000000\">&#8211; Alta inmunidad contra la luz ambiente<\/span><\/div>\n<div><span style=\"color: #000000\">&#8211; Datos de transmisi\u00f3n continua a 800 bits\/s<\/span><\/div>\n<div><\/div>\n<\/div>\n<p><a href=\"http:\/\/www.geekbotelectronics.com\/wp-content\/uploads\/2015\/01\/HS0038B.pdf\">DataSheet<\/a><\/p>\n","protected":false},"excerpt":{"rendered":"<p>El HS0038B puede recibir se\u00f1ales IR con frecuencia de 38KHz como la de los controles remotos de tv.<\/p>\n","protected":false},"featured_media":661,"comment_status":"closed","ping_status":"closed","template":"","meta":{"_lmt_disableupdate":"","_lmt_disable":""},"product_brand":[],"product_cat":[62],"product_tag":[],"class_list":{"0":"post-3130","1":"product","2":"type-product","3":"status-publish","4":"has-post-thumbnail","6":"product_cat-opticos","8":"first","9":"instock","10":"taxable","11":"shipping-taxable","12":"purchasable","13":"product-type-simple"},"_links":{"self":[{"href":"https:\/\/itv.geekbotelectronics.com\/index.php\/wp-json\/wp\/v2\/product\/3130"}],"collection":[{"href":"https:\/\/itv.geekbotelectronics.com\/index.php\/wp-json\/wp\/v2\/product"}],"about":[{"href":"https:\/\/itv.geekbotelectronics.com\/index.php\/wp-json\/wp\/v2\/types\/product"}],"replies":[{"embeddable":true,"href":"https:\/\/itv.geekbotelectronics.com\/index.php\/wp-json\/wp\/v2\/comments?post=3130"}],"wp:featuredmedia":[{"embeddable":true,"href":"https:\/\/itv.geekbotelectronics.com\/index.php\/wp-json\/wp\/v2\/media\/661"}],"wp:attachment":[{"href":"https:\/\/itv.geekbotelectronics.com\/index.php\/wp-json\/wp\/v2\/media?parent=3130"}],"wp:term":[{"taxonomy":"product_brand","embeddable":true,"href":"https:\/\/itv.geekbotelectronics.com\/index.php\/wp-json\/wp\/v2\/product_brand?post=3130"},{"taxonomy":"product_cat","embeddable":true,"href":"https:\/\/itv.geekbotelectronics.com\/index.php\/wp-json\/wp\/v2\/product_cat?post=3130"},{"taxonomy":"product_tag","embeddable":true,"href":"https:\/\/itv.geekbotelectronics.com\/index.php\/wp-json\/wp\/v2\/product_tag?post=3130"}],"curies":[{"name":"wp","href":"https:\/\/api.w.org\/{rel}","templated":true}]}}