{"id":3131,"date":"2022-09-05T22:09:56","date_gmt":"2022-09-06T04:09:56","guid":{"rendered":"https:\/\/itv.geekbotelectronics.com\/?post_type=product&#038;p=3131"},"modified":"2025-10-10T15:13:07","modified_gmt":"2025-10-10T21:13:07","slug":"74hc74-flip-flop-tipo-d","status":"publish","type":"product","link":"https:\/\/itv.geekbotelectronics.com\/index.php\/product\/74hc74-flip-flop-tipo-d\/","title":{"rendered":"74HC74 Flip Flop Tipo D"},"content":{"rendered":"<h4><span style=\"color: #000000\">74LS74<\/span><\/h4>\n<p><span style=\"color: #000000\">2 flip-flops tipo D independientes 74LS74, con preset y clear, disparo por flanco de subida. TTL<\/span><\/p>\n<p><span style=\"color: #000000\">Un flip-flop, es un <a style=\"color: #000000\" title=\"Multivibrador\" href=\"https:\/\/es.wikipedia.org\/wiki\/Multivibrador\">multivibrador<\/a> capaz de permanecer en uno de dos estados posibles durante un tiempo indefinido en ausencia de perturbaciones.<span style=\"font-size: 11.6667px\">\u00a0<\/span>Esta caracter\u00edstica es ampliamente utilizada en <a style=\"color: #000000\" title=\"Electr\u00f3nica digital\" href=\"https:\/\/es.wikipedia.org\/wiki\/Electr%C3%B3nica_digital\">electr\u00f3nica digital<\/a> para memorizar informaci\u00f3n. El paso de un estado a otro se realiza variando sus entradas.<\/span><\/p>\n<p>El flip-flop D resulta muy \u00fatil cuando se necesita almacenar un \u00fanico bit de datos (1 o 0). Si se a\u00f1ade un inversor a un flip-flop S-R obtenemos un flip-flop D b\u00e1sico. El funcionamiento de un dispositivo activado por el flanco negativo es, por supuesto, id\u00e9ntico, excepto que el disparo tiene lugar en el flanco de bajada del impulso del reloj. Recuerde que Q sigue a D en cada flanco del impulso de reloj.<\/p>\n<p><span style=\"color: #000000\"><strong>Caracter\u00edsticas:<\/strong>\u00a0<\/span><\/p>\n<ul>\n<li><span style=\"color: #000000\">Doble flip-flop tipo D<\/span><\/li>\n<li><span style=\"color: #000000\">Con entradas de preset (carga) y clear<\/span><\/li>\n<li><span style=\"color: #000000\">Disparado por flanco de subida<\/span><\/li>\n<li><span style=\"color: #000000\">Salidas complementarias<\/span><\/li>\n<li><span style=\"color: #000000\">Tecnolog\u00eda: TTL Low Schottky (LS)<\/span><\/li>\n<li><span style=\"color: #000000\">Voltaje de alimentaci\u00f3n: 4.75 V a 5.25 V<\/span><\/li>\n<li><span style=\"color: #000000\">Encapsulado: PDIP\u00a014 pines<\/span><\/li>\n<\/ul>\n","protected":false},"excerpt":{"rendered":"<p>74LS74 2 flip-flops tipo D independientes 74LS74, con preset y clear, disparo por flanco de subida. TTL Un flip-flop, es un multivibrador capaz de permanecer en uno de dos estados posibles durante un tiempo indefinido en ausencia de perturbaciones.\u00a0Esta caracter\u00edstica es ampliamente utilizada en electr\u00f3nica digital para memorizar informaci\u00f3n. El paso de un estado a [&hellip;]<\/p>\n","protected":false},"featured_media":662,"comment_status":"closed","ping_status":"closed","template":"","meta":{"_lmt_disableupdate":"no","_lmt_disable":""},"product_brand":[],"product_cat":[22],"product_tag":[],"class_list":{"0":"post-3131","1":"product","2":"type-product","3":"status-publish","4":"has-post-thumbnail","6":"product_cat-flip-flop","8":"first","9":"instock","10":"taxable","11":"shipping-taxable","12":"purchasable","13":"product-type-simple"},"_links":{"self":[{"href":"https:\/\/itv.geekbotelectronics.com\/index.php\/wp-json\/wp\/v2\/product\/3131"}],"collection":[{"href":"https:\/\/itv.geekbotelectronics.com\/index.php\/wp-json\/wp\/v2\/product"}],"about":[{"href":"https:\/\/itv.geekbotelectronics.com\/index.php\/wp-json\/wp\/v2\/types\/product"}],"replies":[{"embeddable":true,"href":"https:\/\/itv.geekbotelectronics.com\/index.php\/wp-json\/wp\/v2\/comments?post=3131"}],"wp:featuredmedia":[{"embeddable":true,"href":"https:\/\/itv.geekbotelectronics.com\/index.php\/wp-json\/wp\/v2\/media\/662"}],"wp:attachment":[{"href":"https:\/\/itv.geekbotelectronics.com\/index.php\/wp-json\/wp\/v2\/media?parent=3131"}],"wp:term":[{"taxonomy":"product_brand","embeddable":true,"href":"https:\/\/itv.geekbotelectronics.com\/index.php\/wp-json\/wp\/v2\/product_brand?post=3131"},{"taxonomy":"product_cat","embeddable":true,"href":"https:\/\/itv.geekbotelectronics.com\/index.php\/wp-json\/wp\/v2\/product_cat?post=3131"},{"taxonomy":"product_tag","embeddable":true,"href":"https:\/\/itv.geekbotelectronics.com\/index.php\/wp-json\/wp\/v2\/product_tag?post=3131"}],"curies":[{"name":"wp","href":"https:\/\/api.w.org\/{rel}","templated":true}]}}