{"id":3303,"date":"2022-09-05T22:10:42","date_gmt":"2022-09-06T04:10:42","guid":{"rendered":"https:\/\/itv.geekbotelectronics.com\/?post_type=product&#038;p=3303"},"modified":"2025-10-23T13:08:38","modified_gmt":"2025-10-23T19:08:38","slug":"bocina-de-8-ohms-0-5w","status":"publish","type":"product","link":"https:\/\/itv.geekbotelectronics.com\/index.php\/product\/bocina-de-8-ohms-0-5w\/","title":{"rendered":"Bocina de 8 Ohms 0.5W"},"content":{"rendered":"","protected":false},"excerpt":{"rendered":"<p class=\"prod20\">Bocina de 30 mm de di\u00e1metro, impedancia de 8 Ohms y 0,5 Watts de potencia. Puede usarse en TV port\u00e1tiles, tel\u00e9fonos, radios, grabadoras, reproductores de CD, mini bafles, bafles caseros, bafles profesionales y m\u00e1s.<\/p>\n","protected":false},"featured_media":848,"comment_status":"closed","ping_status":"closed","template":"","meta":{"_lmt_disableupdate":"no","_lmt_disable":""},"product_brand":[],"product_cat":[91],"product_tag":[],"class_list":{"0":"post-3303","1":"product","2":"type-product","3":"status-publish","4":"has-post-thumbnail","6":"product_cat-audio","8":"first","9":"instock","10":"taxable","11":"shipping-taxable","12":"purchasable","13":"product-type-simple"},"_links":{"self":[{"href":"https:\/\/itv.geekbotelectronics.com\/index.php\/wp-json\/wp\/v2\/product\/3303"}],"collection":[{"href":"https:\/\/itv.geekbotelectronics.com\/index.php\/wp-json\/wp\/v2\/product"}],"about":[{"href":"https:\/\/itv.geekbotelectronics.com\/index.php\/wp-json\/wp\/v2\/types\/product"}],"replies":[{"embeddable":true,"href":"https:\/\/itv.geekbotelectronics.com\/index.php\/wp-json\/wp\/v2\/comments?post=3303"}],"wp:featuredmedia":[{"embeddable":true,"href":"https:\/\/itv.geekbotelectronics.com\/index.php\/wp-json\/wp\/v2\/media\/848"}],"wp:attachment":[{"href":"https:\/\/itv.geekbotelectronics.com\/index.php\/wp-json\/wp\/v2\/media?parent=3303"}],"wp:term":[{"taxonomy":"product_brand","embeddable":true,"href":"https:\/\/itv.geekbotelectronics.com\/index.php\/wp-json\/wp\/v2\/product_brand?post=3303"},{"taxonomy":"product_cat","embeddable":true,"href":"https:\/\/itv.geekbotelectronics.com\/index.php\/wp-json\/wp\/v2\/product_cat?post=3303"},{"taxonomy":"product_tag","embeddable":true,"href":"https:\/\/itv.geekbotelectronics.com\/index.php\/wp-json\/wp\/v2\/product_tag?post=3303"}],"curies":[{"name":"wp","href":"https:\/\/api.w.org\/{rel}","templated":true}]}}