{"id":3304,"date":"2022-09-05T22:10:42","date_gmt":"2022-09-06T04:10:42","guid":{"rendered":"https:\/\/itv.geekbotelectronics.com\/?post_type=product&#038;p=3304"},"modified":"2025-11-07T12:25:22","modified_gmt":"2025-11-07T18:25:22","slug":"gabinete-plastico-9-5x6-8x4-cm","status":"publish","type":"product","link":"https:\/\/itv.geekbotelectronics.com\/index.php\/product\/gabinete-plastico-9-5x6-8x4-cm\/","title":{"rendered":"Gabinete Pl\u00e1stico 9.5&#215;6.8&#215;4 cm"},"content":{"rendered":"<h3>Gabinete Pl\u00e1stico 9.5&#215;6.8&#215;4 cm<\/h3>\n<p>El gabinete pl\u00e1stico es una forma simple, pero efectiva, de proteger su proyecto electr\u00f3nico de cualquier cantidad de peligros ambientales como polvo, empujones accidentales, derrames de alimentos, lluvia, niebla o flujo de aire adverso.<\/p>\n<p>Si bien, los gabinetes de proyectos son resistentes, tambi\u00e9n se modifican f\u00e1cilmente para cualquier cantidad de eventualidades, incluida la ventilaci\u00f3n, los botones o antenas que sobresalen, los receptores de infrarrojos, las perillas, las pantallas, incluso las tomas de entrada y salida de energ\u00eda o se\u00f1al.<\/p>\n<h4>Especificaciones<\/h4>\n<ul>\n<li>Dimensiones: 95 mm (largo) x 68 mm (ancho) x 40 mm (alto)<\/li>\n<li>La tapa est\u00e1 hecha del mismo material del mismo grosor y pretaladrada para tornillos en cada esquina.<\/li>\n<li>Cada unidad se suministra con cuatro tornillos.<\/li>\n<\/ul>\n","protected":false},"excerpt":{"rendered":"<p class=\"prod20\">Gabinete de pl\u00e1stico para protecci\u00f3n de proyectos electr\u00f3nicos.<\/p>\n<p class=\"prod20\">Medidas: 9.5 x 6.8 x 4 cm<\/p>\n","protected":false},"featured_media":849,"comment_status":"closed","ping_status":"closed","template":"","meta":{"_lmt_disableupdate":"no","_lmt_disable":""},"product_brand":[],"product_cat":[134],"product_tag":[135,136,137,138],"class_list":{"0":"post-3304","1":"product","2":"type-product","3":"status-publish","4":"has-post-thumbnail","6":"product_cat-cajas-para-proyectos","7":"product_tag-caja","8":"product_tag-caja-para-proyectos","9":"product_tag-proyecto","10":"product_tag-proyectos","12":"first","13":"instock","14":"taxable","15":"shipping-taxable","16":"purchasable","17":"product-type-simple"},"_links":{"self":[{"href":"https:\/\/itv.geekbotelectronics.com\/index.php\/wp-json\/wp\/v2\/product\/3304"}],"collection":[{"href":"https:\/\/itv.geekbotelectronics.com\/index.php\/wp-json\/wp\/v2\/product"}],"about":[{"href":"https:\/\/itv.geekbotelectronics.com\/index.php\/wp-json\/wp\/v2\/types\/product"}],"replies":[{"embeddable":true,"href":"https:\/\/itv.geekbotelectronics.com\/index.php\/wp-json\/wp\/v2\/comments?post=3304"}],"wp:featuredmedia":[{"embeddable":true,"href":"https:\/\/itv.geekbotelectronics.com\/index.php\/wp-json\/wp\/v2\/media\/849"}],"wp:attachment":[{"href":"https:\/\/itv.geekbotelectronics.com\/index.php\/wp-json\/wp\/v2\/media?parent=3304"}],"wp:term":[{"taxonomy":"product_brand","embeddable":true,"href":"https:\/\/itv.geekbotelectronics.com\/index.php\/wp-json\/wp\/v2\/product_brand?post=3304"},{"taxonomy":"product_cat","embeddable":true,"href":"https:\/\/itv.geekbotelectronics.com\/index.php\/wp-json\/wp\/v2\/product_cat?post=3304"},{"taxonomy":"product_tag","embeddable":true,"href":"https:\/\/itv.geekbotelectronics.com\/index.php\/wp-json\/wp\/v2\/product_tag?post=3304"}],"curies":[{"name":"wp","href":"https:\/\/api.w.org\/{rel}","templated":true}]}}