{"id":3345,"date":"2022-09-05T22:10:56","date_gmt":"2022-09-06T04:10:56","guid":{"rendered":"https:\/\/itv.geekbotelectronics.com\/?post_type=product&#038;p=3345"},"modified":"2025-03-26T10:15:43","modified_gmt":"2025-03-26T16:15:43","slug":"alambre-calibre-22-awg","status":"publish","type":"product","link":"https:\/\/itv.geekbotelectronics.com\/index.php\/product\/alambre-calibre-22-awg\/","title":{"rendered":"Alambre Calibre 22 AWG"},"content":{"rendered":"<h4 style=\"text-align: justify\">Alambre Blanco<\/h4>\n<div style=\"text-align: justify\"><\/div>\n<div style=\"text-align: justify\"><span style=\"color: #000000\">Este alambre blanco se usa para conducir corriente y son usado para hacer conexiones el\u00e9ctricas en protoboard de estudiantes. El calibre de alambre estadounidense (CAE, en ingl\u00e9s AWG &#8211; American Wire Gauge) es una referencia de clasificaci\u00f3n de di\u00e1metros. En muchos sitios de Internet y tambi\u00e9n en libros y manuales, especialmente de origen norteamericano, es com\u00fan encontrar la medida de conductores el\u00e9ctricos (cables o alambres) indicados con la referencia AWG. Cuanto m\u00e1s alto es este n\u00famero, m\u00e1s delgado es el alambre. El alambre de mayor grosor (AWG m\u00e1s bajo) es menos susceptible a la interferencia, posee menos resistencia interna y, por lo tanto, soporta mayores corrientes a distancias m\u00e1s grandes.<\/span><\/div>\n<div style=\"text-align: justify\">Se denomina alambre a todo tipo de hilo delgado que se obtiene por estiramiento de los diferentes metales de acuerdo con la propiedad de <a style=\"color: #000000\" title=\"Ductilidad\" href=\"https:\/\/es.wikipedia.org\/wiki\/Ductilidad\">ductilidad<\/a> que poseen los mismos. Los principales metales para la producci\u00f3n de alambre son: <a style=\"color: #000000\" title=\"Hierro\" href=\"https:\/\/es.wikipedia.org\/wiki\/Hierro\">hierro<\/a>, <a style=\"color: #000000\" title=\"Cobre\" href=\"https:\/\/es.wikipedia.org\/wiki\/Cobre\">cobre<\/a>, <a style=\"color: #000000\" title=\"Lat\u00f3n\" href=\"https:\/\/es.wikipedia.org\/wiki\/Lat%C3%B3n\">lat\u00f3n<\/a>, <a style=\"color: #000000\" title=\"Plata\" href=\"https:\/\/es.wikipedia.org\/wiki\/Plata\">plata<\/a>, <a style=\"color: #000000\" title=\"Aluminio\" href=\"https:\/\/es.wikipedia.org\/wiki\/Aluminio\">aluminio<\/a>, entre otros. Sin embargo, antiguamente se llamaba alambre al <a style=\"color: #000000\" title=\"Cobre\" href=\"https:\/\/es.wikipedia.org\/wiki\/Cobre\">cobre<\/a> y sus aleaciones de <a style=\"color: #000000\" title=\"Bronce\" href=\"https:\/\/es.wikipedia.org\/wiki\/Bronce\">bronce<\/a> y <a style=\"color: #000000\" title=\"Lat\u00f3n\" href=\"https:\/\/es.wikipedia.org\/wiki\/Lat%C3%B3n\">lat\u00f3n<\/a>.<\/div>\n<div style=\"text-align: justify\"><span style=\"color: #000000\">\u00a0<\/span><\/div>\n<p style=\"text-align: justify\"><strong><span style=\"color: #000000\">Especificaciones<\/span><\/strong><\/p>\n<ul>\n<li style=\"text-align: justify\"><span style=\"color: #000000\">Alambre calibre 22 AWG<\/span><\/li>\n<li style=\"text-align: justify\"><span style=\"color: #000000\">Esta\u00f1ado<\/span><\/li>\n<\/ul>\n","protected":false},"excerpt":{"rendered":"<h4 class=\"prod20\">Alambre<\/h4>\n<p class=\"prod20\">Alambre esta\u00f1ado para conexiones, color blanco, calibre 22 AWG, \u00fatil para tablillas de conexi\u00f3n de circuitos electr\u00f3nicos (protoboard).<\/p>\n","protected":false},"featured_media":885,"comment_status":"closed","ping_status":"closed","template":"","meta":{"_lmt_disableupdate":"no","_lmt_disable":""},"product_brand":[],"product_cat":[140,57],"product_tag":[],"class_list":{"0":"post-3345","1":"product","2":"type-product","3":"status-publish","4":"has-post-thumbnail","6":"product_cat-cables-para-protoboard","7":"product_cat-protoboard","9":"first","10":"instock","11":"taxable","12":"shipping-taxable","13":"purchasable","14":"product-type-simple"},"_links":{"self":[{"href":"https:\/\/itv.geekbotelectronics.com\/index.php\/wp-json\/wp\/v2\/product\/3345"}],"collection":[{"href":"https:\/\/itv.geekbotelectronics.com\/index.php\/wp-json\/wp\/v2\/product"}],"about":[{"href":"https:\/\/itv.geekbotelectronics.com\/index.php\/wp-json\/wp\/v2\/types\/product"}],"replies":[{"embeddable":true,"href":"https:\/\/itv.geekbotelectronics.com\/index.php\/wp-json\/wp\/v2\/comments?post=3345"}],"wp:featuredmedia":[{"embeddable":true,"href":"https:\/\/itv.geekbotelectronics.com\/index.php\/wp-json\/wp\/v2\/media\/885"}],"wp:attachment":[{"href":"https:\/\/itv.geekbotelectronics.com\/index.php\/wp-json\/wp\/v2\/media?parent=3345"}],"wp:term":[{"taxonomy":"product_brand","embeddable":true,"href":"https:\/\/itv.geekbotelectronics.com\/index.php\/wp-json\/wp\/v2\/product_brand?post=3345"},{"taxonomy":"product_cat","embeddable":true,"href":"https:\/\/itv.geekbotelectronics.com\/index.php\/wp-json\/wp\/v2\/product_cat?post=3345"},{"taxonomy":"product_tag","embeddable":true,"href":"https:\/\/itv.geekbotelectronics.com\/index.php\/wp-json\/wp\/v2\/product_tag?post=3345"}],"curies":[{"name":"wp","href":"https:\/\/api.w.org\/{rel}","templated":true}]}}