{"id":3346,"date":"2022-09-05T22:10:56","date_gmt":"2022-09-06T04:10:56","guid":{"rendered":"https:\/\/itv.geekbotelectronics.com\/?post_type=product&#038;p=3346"},"modified":"2024-11-08T12:06:48","modified_gmt":"2024-11-08T18:06:48","slug":"led-infrarrojo-ir-940-nm","status":"publish","type":"product","link":"https:\/\/itv.geekbotelectronics.com\/index.php\/product\/led-infrarrojo-ir-940-nm\/","title":{"rendered":"LED Infrarrojo (IR) 940 nm"},"content":{"rendered":"<h4>Led Infrarrojo<\/h4>\n<p>Led infrarrojo (IR) funciona convirtiendo la corriente el\u00e9ctrica en luz infrarroja; mientras que los detectores infrarrojos hacen lo opuesto al detectar luz infrarroja y convertirla en una corriente el\u00e9ctrica. La corriente generada por un detector infrarrojo es una se\u00f1al que indica que existe ese tipo de luz. El infrarrojo es una longitud de onda de luz que est\u00e1 m\u00e1s all\u00e1 del rango de la visi\u00f3n humana. Esto hace al infrarrojo una herramienta excelente para aplicaciones donde se requiere la luz, pero donde la luz visible podr\u00eda ser una distracci\u00f3n o de otra forma no deseada. El uso de diodos infrarrojos emisores de luz, o LEDs, hace posibles a los sistemas de control remoto en varios proyectos. <span id=\"result_box\" class=\"\" lang=\"es\"><span class=\"\">El IR383\u00a0 est\u00e1<\/span> espectralmente emparejado con fototransistor, fotodiodo\u00a0 <span class=\"\">y el m\u00f3dulo<\/span> receptor de infrarrojos<\/span><\/p>\n<p><strong>Especificaciones<\/strong><\/p>\n<ul>\n<li>Corriente directa continua: 100 mA<\/li>\n<li>Pico corriente continua: 1 A<\/li>\n<li>Voltaje invertido: 5 V<\/li>\n<li>Temperatura de operaci\u00f3n: -40 \u00b0C a 85 \u00b0C<\/li>\n<li>Temperatura de almacenamiento: -40 \u00b0C a 85 \u00b0C<\/li>\n<li>Temperatura para soldar: 260\u00b0C<\/li>\n<li>Potencia de disipaci\u00f3n: 150 mW<\/li>\n<li>Longuitud de onda: 940 nm<\/li>\n<li>Voltaje de operaci\u00f3n: 1.3 VCD (t\u00edpico en polarizaci\u00f3n directa)<\/li>\n<li>Voltaje de operaci\u00f3n m\u00e1xima: 1.7 VCD<\/li>\n<li>Consumo: 20 mW<\/li>\n<li>Sin plomo<\/li>\n<li>\u00c1ngulo: 12\u00b0<\/li>\n<li>Tipo de encapsulado: LED<\/li>\n<li>Tipo de LED: 5 mm<\/li>\n<li>2 patas<\/li>\n<li>Modelo:\u00a0IR383<\/li>\n<\/ul>\n","protected":false},"excerpt":{"rendered":"<p>Led Infrarrojo Led infrarrojo (IR) funciona convirtiendo la corriente el\u00e9ctrica en luz infrarroja; mientras que los detectores infrarrojos hacen lo opuesto al detectar luz infrarroja y convertirla en una corriente el\u00e9ctrica. La corriente generada por un detector infrarrojo es una se\u00f1al que indica que existe ese tipo de luz. El infrarrojo es una longitud de [&hellip;]<\/p>\n","protected":false},"featured_media":886,"comment_status":"open","ping_status":"closed","template":"","meta":{"_lmt_disableupdate":"","_lmt_disable":""},"product_brand":[],"product_cat":[89],"product_tag":[],"class_list":{"0":"post-3346","1":"product","2":"type-product","3":"status-publish","4":"has-post-thumbnail","6":"product_cat-ir","8":"first","9":"outofstock","10":"taxable","11":"shipping-taxable","12":"purchasable","13":"product-type-simple"},"_links":{"self":[{"href":"https:\/\/itv.geekbotelectronics.com\/index.php\/wp-json\/wp\/v2\/product\/3346"}],"collection":[{"href":"https:\/\/itv.geekbotelectronics.com\/index.php\/wp-json\/wp\/v2\/product"}],"about":[{"href":"https:\/\/itv.geekbotelectronics.com\/index.php\/wp-json\/wp\/v2\/types\/product"}],"replies":[{"embeddable":true,"href":"https:\/\/itv.geekbotelectronics.com\/index.php\/wp-json\/wp\/v2\/comments?post=3346"}],"wp:featuredmedia":[{"embeddable":true,"href":"https:\/\/itv.geekbotelectronics.com\/index.php\/wp-json\/wp\/v2\/media\/886"}],"wp:attachment":[{"href":"https:\/\/itv.geekbotelectronics.com\/index.php\/wp-json\/wp\/v2\/media?parent=3346"}],"wp:term":[{"taxonomy":"product_brand","embeddable":true,"href":"https:\/\/itv.geekbotelectronics.com\/index.php\/wp-json\/wp\/v2\/product_brand?post=3346"},{"taxonomy":"product_cat","embeddable":true,"href":"https:\/\/itv.geekbotelectronics.com\/index.php\/wp-json\/wp\/v2\/product_cat?post=3346"},{"taxonomy":"product_tag","embeddable":true,"href":"https:\/\/itv.geekbotelectronics.com\/index.php\/wp-json\/wp\/v2\/product_tag?post=3346"}],"curies":[{"name":"wp","href":"https:\/\/api.w.org\/{rel}","templated":true}]}}