{"id":3347,"date":"2022-09-05T22:10:56","date_gmt":"2022-09-06T04:10:56","guid":{"rendered":"https:\/\/itv.geekbotelectronics.com\/?post_type=product&#038;p=3347"},"modified":"2025-02-05T14:01:06","modified_gmt":"2025-02-05T20:01:06","slug":"placa-fenolica-doble-cara-7-x-10-cm","status":"publish","type":"product","link":"https:\/\/itv.geekbotelectronics.com\/index.php\/product\/placa-fenolica-doble-cara-7-x-10-cm\/","title":{"rendered":"Placa Fen\u00f3lica Doble Cara 7 x 10 cm"},"content":{"rendered":"<h4><span style=\"color: #000000\">Placa Fen\u00f3lica<\/span><\/h4>\n<div align=\"justify\"><span style=\"color: #000000\">Placa fen\u00f3lica que te permite hacer un circuito impreso para un proyecto electr\u00f3nico donde se hacen las l\u00edneas de conducci\u00f3n similares a los conductores el\u00e9ctricos. En estas placas se usa soldadura por lo que tu proyecto ser\u00e1 permanente.\u00a0 <span lang=\"ES\">Estas placas son por lo general de cobre, realmente se compone de dos caras.<\/span> Al dise\u00f1ar un proyecto o prototipo electr\u00f3nico, primero se debe probar, arm\u00e1ndose en una placa de pruebas o protoboard. Cuando funcione correctamente. \u00a0 Posteriormente se dise\u00f1a y fabrica el circuito impreso (PCB)\u00a0 y para finalizar, se montan los componentes en esta placa o tarjeta, para finalmente colocarlo en un chasis o gabinete.<\/span><\/div>\n<h5><span style=\"color: #000000\">Especificaciones<\/span><\/h5>\n<ul>\n<li><span style=\"color: #000000\">Dimensiones: 7 cm x 10 cm<\/span><\/li>\n<li><span style=\"color: #000000\">N\u00famero de caras: 2<\/span><\/li>\n<li><span style=\"color: #000000\">Material: Caras de <a style=\"color: #000000\" title=\"Cobre\" href=\"https:\/\/es.wikipedia.org\/wiki\/Cobre\">cobre<\/a> con baquelita<\/span><\/li>\n<li><span style=\"color: #000000\">Lisa: Sin perforaciones<\/span><\/li>\n<\/ul>\n","protected":false},"excerpt":{"rendered":"<p>Placa fen\u00f3lica de fibra de vidrio, de 7 x 10 cm, con doble cara de cobre. Ideal para proyectos o prototipos.<\/p>\n","protected":false},"featured_media":406,"comment_status":"closed","ping_status":"closed","template":"","meta":{"_lmt_disableupdate":"no","_lmt_disable":""},"product_brand":[],"product_cat":[93],"product_tag":[],"class_list":{"0":"post-3347","1":"product","2":"type-product","3":"status-publish","4":"has-post-thumbnail","6":"product_cat-pcb-para-revelar","8":"first","9":"outofstock","10":"taxable","11":"shipping-taxable","12":"purchasable","13":"product-type-simple"},"_links":{"self":[{"href":"https:\/\/itv.geekbotelectronics.com\/index.php\/wp-json\/wp\/v2\/product\/3347"}],"collection":[{"href":"https:\/\/itv.geekbotelectronics.com\/index.php\/wp-json\/wp\/v2\/product"}],"about":[{"href":"https:\/\/itv.geekbotelectronics.com\/index.php\/wp-json\/wp\/v2\/types\/product"}],"replies":[{"embeddable":true,"href":"https:\/\/itv.geekbotelectronics.com\/index.php\/wp-json\/wp\/v2\/comments?post=3347"}],"wp:featuredmedia":[{"embeddable":true,"href":"https:\/\/itv.geekbotelectronics.com\/index.php\/wp-json\/wp\/v2\/media\/406"}],"wp:attachment":[{"href":"https:\/\/itv.geekbotelectronics.com\/index.php\/wp-json\/wp\/v2\/media?parent=3347"}],"wp:term":[{"taxonomy":"product_brand","embeddable":true,"href":"https:\/\/itv.geekbotelectronics.com\/index.php\/wp-json\/wp\/v2\/product_brand?post=3347"},{"taxonomy":"product_cat","embeddable":true,"href":"https:\/\/itv.geekbotelectronics.com\/index.php\/wp-json\/wp\/v2\/product_cat?post=3347"},{"taxonomy":"product_tag","embeddable":true,"href":"https:\/\/itv.geekbotelectronics.com\/index.php\/wp-json\/wp\/v2\/product_tag?post=3347"}],"curies":[{"name":"wp","href":"https:\/\/api.w.org\/{rel}","templated":true}]}}