{"id":3351,"date":"2022-09-05T22:10:57","date_gmt":"2022-09-06T04:10:57","guid":{"rendered":"https:\/\/itv.geekbotelectronics.com\/?post_type=product&#038;p=3351"},"modified":"2025-05-23T11:17:30","modified_gmt":"2025-05-23T17:17:30","slug":"modulo-sensor-mq-7-monoxido-de-carbono","status":"publish","type":"product","link":"https:\/\/itv.geekbotelectronics.com\/index.php\/product\/modulo-sensor-mq-7-monoxido-de-carbono\/","title":{"rendered":"M\u00f3dulo Sensor MQ-7 Mon\u00f3xido de Carbono"},"content":{"rendered":"<h4>MQ-7 M\u00f3dulo Sensor de Mon\u00f3xido de Carbono<\/h4>\n<p>El MQ-7 puede detectar concentraciones de CO de 20 a 2000 ppm (partes por mill\u00f3n).<\/p>\n<p>Este sensor tiene una alta sensibilidad y un tiempo de respuesta r\u00e1pido. La salida del sensor es una resistencia an\u00e1loga. El circuito de interfaz es muy simple, todo lo que se necesita hacer es alimentarlo con 5V, a\u00f1adir una resistencia de carga y conectar la salida al conversor an\u00e1logo \u2013 digital.<\/p>\n<p><strong>Caracter\u00edsticas:<\/strong><\/p>\n<ul>\n<li>Detecci\u00f3n de\u00a0mon\u00f3xido de carbono<\/li>\n<li>Alimentaci\u00f3n 5V DC \u00f3 AC<\/li>\n<li>Temperatura de funcionamiento: -10 \u00b0C\u00a0a 50 \u00b0C<\/li>\n<li>Consumo de potencia: menos de 750 mW<\/li>\n<li>Humedad relativa de operaci\u00f3n:\u00a0 65% \u00b1 5%<\/li>\n<li>Salida an\u00e1loga<\/li>\n<li>Voltaje de alimentaci\u00f3n: 5 V \u00b10.1 V<\/li>\n<li>Resistencia del calefactor: 33 \u03a9 \u00b15%<\/li>\n<li>Potencia consumida por el calefactor: 350\u00a0mW<\/li>\n<\/ul>\n<p><a href=\"http:\/\/www.parallax.com\/sites\/default\/files\/downloads\/605-00007-MQ-7-Datasheet.pdf\" target=\"_blank\" rel=\"noopener noreferrer\">Datasheet<\/a><\/p>\n","protected":false},"excerpt":{"rendered":"<p>MQ-7 M\u00f3dulo Sensor de Mon\u00f3xido de Carbono El MQ-7 puede detectar concentraciones de CO de 20 a 2000 ppm (partes por mill\u00f3n). Este sensor tiene una alta sensibilidad y un tiempo de respuesta r\u00e1pido. La salida del sensor es una resistencia an\u00e1loga. El circuito de interfaz es muy simple, todo lo que se necesita hacer [&hellip;]<\/p>\n","protected":false},"featured_media":889,"comment_status":"closed","ping_status":"closed","template":"","meta":{"_lmt_disableupdate":"no","_lmt_disable":""},"product_brand":[],"product_cat":[68],"product_tag":[],"class_list":{"0":"post-3351","1":"product","2":"type-product","3":"status-publish","4":"has-post-thumbnail","6":"product_cat-ambientales","8":"first","9":"instock","10":"taxable","11":"shipping-taxable","12":"purchasable","13":"product-type-simple"},"_links":{"self":[{"href":"https:\/\/itv.geekbotelectronics.com\/index.php\/wp-json\/wp\/v2\/product\/3351"}],"collection":[{"href":"https:\/\/itv.geekbotelectronics.com\/index.php\/wp-json\/wp\/v2\/product"}],"about":[{"href":"https:\/\/itv.geekbotelectronics.com\/index.php\/wp-json\/wp\/v2\/types\/product"}],"replies":[{"embeddable":true,"href":"https:\/\/itv.geekbotelectronics.com\/index.php\/wp-json\/wp\/v2\/comments?post=3351"}],"wp:featuredmedia":[{"embeddable":true,"href":"https:\/\/itv.geekbotelectronics.com\/index.php\/wp-json\/wp\/v2\/media\/889"}],"wp:attachment":[{"href":"https:\/\/itv.geekbotelectronics.com\/index.php\/wp-json\/wp\/v2\/media?parent=3351"}],"wp:term":[{"taxonomy":"product_brand","embeddable":true,"href":"https:\/\/itv.geekbotelectronics.com\/index.php\/wp-json\/wp\/v2\/product_brand?post=3351"},{"taxonomy":"product_cat","embeddable":true,"href":"https:\/\/itv.geekbotelectronics.com\/index.php\/wp-json\/wp\/v2\/product_cat?post=3351"},{"taxonomy":"product_tag","embeddable":true,"href":"https:\/\/itv.geekbotelectronics.com\/index.php\/wp-json\/wp\/v2\/product_tag?post=3351"}],"curies":[{"name":"wp","href":"https:\/\/api.w.org\/{rel}","templated":true}]}}