{"id":3352,"date":"2022-09-05T22:10:57","date_gmt":"2022-09-06T04:10:57","guid":{"rendered":"https:\/\/itv.geekbotelectronics.com\/?post_type=product&#038;p=3352"},"modified":"2025-05-27T13:59:56","modified_gmt":"2025-05-27T19:59:56","slug":"sensor-hmc5883l-magnetometro","status":"publish","type":"product","link":"https:\/\/itv.geekbotelectronics.com\/index.php\/product\/sensor-hmc5883l-magnetometro\/","title":{"rendered":"Sensor HMC5883L Magnet\u00f3metro"},"content":{"rendered":"<h4><span style=\"color: #000000\">HMC5883L Magnet\u00f3metro de 3 ejes<\/span><\/h4>\n<p><span style=\"color: #000000\">EL HMC5883L magnet\u00f3metro de 3 ejes, sirve para leer las componentes del campo magn\u00e9tico presente, de esta forma conociendo la direcci\u00f3n del campo magn\u00e9tico terrestre podemos calcular la orientaci\u00f3n con respecto al norte magn\u00e9tico de la tierra, esto siempre y cuando nuestro sensor no este expuesto a alg\u00fan campo magn\u00e9tico externo u alg\u00fan objeto met\u00e1lico que altere el campo magn\u00e9tico terrestre.<\/span><\/p>\n<p><span style=\"color: #000000\">El sensor se comunica de manera sencilla a trav\u00e9s de I2C. El HMC5883L posee un voltaje de operaci\u00f3n bajo (3V), por lo tanto la placa tiene incluida toda la circuiter\u00eda necesaria para trabajar de manera segura con 5V, esto permite que se pueda usar tanto con microcontroladores de 3V o 5V.<\/span><\/p>\n<p><span style=\"color: #000000\"><strong>Especificaciones:<\/strong><\/span><\/p>\n<ul>\n<li><span style=\"color: #000000\">Tarjeta con magnet\u00f3metro digital HMC5883L\u00a0y componentes externos<\/span><\/li>\n<li><span style=\"color: #000000\">voltaje de operacion: 3V &#8211; 5V<\/span><\/li>\n<li><span style=\"color: #000000\">3 ejes<\/span><\/li>\n<li><span style=\"color: #000000\">Interface I\u00b2C<\/span><\/li>\n<li><span style=\"color: #000000\">Resoluci\u00f3n de 5 mili-Gauss<\/span><\/li>\n<li><span style=\"color: #000000\">Medici\u00f3n hasta\u00a0\u00b18 Gauss<\/span><\/li>\n<li><span style=\"color: #000000\">Bajo consumo<\/span><\/li>\n<\/ul>\n<p><span style=\"color: #000000\">\u00a0<strong>Aplicaciones:<\/strong><\/span><\/p>\n<ul>\n<li><span style=\"color: #000000\">Magnetometr\u00eda<\/span><\/li>\n<li><span style=\"color: #000000\">Br\u00fajula electr\u00f3nica de bajo costo<\/span><\/li>\n<li><span style=\"color: #000000\">Robots con navegaci\u00f3n aut\u00f3noma<\/span><\/li>\n<li><span style=\"color: #000000\">Servicios basados en localizaci\u00f3n (LBS)<\/span><\/li>\n<\/ul>\n","protected":false},"excerpt":{"rendered":"<p>El HMC5883L es un magnet\u00f3metro de 3 ejes digital con interfaz I2C. Tambi\u00e9n se conoce como brujula digital y puede utilizarse en proyectos con PIC y Arduino<\/p>\n","protected":false},"featured_media":890,"comment_status":"closed","ping_status":"closed","template":"","meta":{"_lmt_disableupdate":"no","_lmt_disable":""},"product_brand":[],"product_cat":[60],"product_tag":[],"class_list":{"0":"post-3352","1":"product","2":"type-product","3":"status-publish","4":"has-post-thumbnail","6":"product_cat-acelerometro-giroscopio-magnetometro","8":"first","9":"instock","10":"taxable","11":"shipping-taxable","12":"purchasable","13":"product-type-simple"},"_links":{"self":[{"href":"https:\/\/itv.geekbotelectronics.com\/index.php\/wp-json\/wp\/v2\/product\/3352"}],"collection":[{"href":"https:\/\/itv.geekbotelectronics.com\/index.php\/wp-json\/wp\/v2\/product"}],"about":[{"href":"https:\/\/itv.geekbotelectronics.com\/index.php\/wp-json\/wp\/v2\/types\/product"}],"replies":[{"embeddable":true,"href":"https:\/\/itv.geekbotelectronics.com\/index.php\/wp-json\/wp\/v2\/comments?post=3352"}],"wp:featuredmedia":[{"embeddable":true,"href":"https:\/\/itv.geekbotelectronics.com\/index.php\/wp-json\/wp\/v2\/media\/890"}],"wp:attachment":[{"href":"https:\/\/itv.geekbotelectronics.com\/index.php\/wp-json\/wp\/v2\/media?parent=3352"}],"wp:term":[{"taxonomy":"product_brand","embeddable":true,"href":"https:\/\/itv.geekbotelectronics.com\/index.php\/wp-json\/wp\/v2\/product_brand?post=3352"},{"taxonomy":"product_cat","embeddable":true,"href":"https:\/\/itv.geekbotelectronics.com\/index.php\/wp-json\/wp\/v2\/product_cat?post=3352"},{"taxonomy":"product_tag","embeddable":true,"href":"https:\/\/itv.geekbotelectronics.com\/index.php\/wp-json\/wp\/v2\/product_tag?post=3352"}],"curies":[{"name":"wp","href":"https:\/\/api.w.org\/{rel}","templated":true}]}}