{"id":3354,"date":"2022-09-05T22:10:57","date_gmt":"2022-09-06T04:10:57","guid":{"rendered":"https:\/\/itv.geekbotelectronics.com\/?post_type=product&#038;p=3354"},"modified":"2023-09-08T17:14:14","modified_gmt":"2023-09-08T23:14:14","slug":"sensor-piezo-electrico-27-mm","status":"publish","type":"product","link":"https:\/\/itv.geekbotelectronics.com\/index.php\/product\/sensor-piezo-electrico-27-mm\/","title":{"rendered":"Sensor Piezo El\u00e9ctrico 27 mm"},"content":{"rendered":"<h4><span style=\"color: #000000;\">Sensor Piezo El\u00e9ctrico 27 mm<\/span><\/h4>\n<p><span style=\"color: #000000;\">El sensor piezo el\u00e9ctrico es\u00a0\u00fatil cuando se necesita detectar vibraci\u00f3n o un golpe. Este sensor se puede utilizar con facilidad al leer el voltaje de salida. Tambi\u00e9n pueden ser utilizados para un transductor de audio muy peque\u00f1o tal como un zumbador (buzzer).<\/span><\/p>\n<div><span style=\"color: #000000;\">Est\u00e1n formados por dos chapas muy finas de distintos metales, o en ocasiones,\u00a0<\/span><\/div>\n<div><span style=\"color: #000000;\">de una chapa de metal sobre la que se deposita una capa fina de cer\u00e1mica o alg\u00fan tipo de cristal.<\/span><\/div>\n<div><\/div>\n<div><span style=\"color: #000000;\">De este modo, al recibir una presi\u00f3n emiten una corriente el\u00e9ctrica, que no es tan alta como para notarla en la mano,\u00a0pero s\u00ed es suficiente para generar una se\u00f1al electr\u00f3nica \u00fatil para algunas aplicaciones.<\/span><\/div>\n<h3><\/h3>\n","protected":false},"excerpt":{"rendered":"<p>Transductor piezo el\u00e9ctrico para detecci\u00f3n de golpes o vibraciones.<\/p>\n","protected":false},"featured_media":892,"comment_status":"open","ping_status":"closed","template":"","meta":{"_lmt_disableupdate":"","_lmt_disable":""},"product_brand":[],"product_cat":[142],"product_tag":[],"class_list":{"0":"post-3354","1":"product","2":"type-product","3":"status-publish","4":"has-post-thumbnail","6":"product_cat-flexion-fuerza","8":"first","9":"outofstock","10":"taxable","11":"shipping-taxable","12":"purchasable","13":"product-type-simple"},"_links":{"self":[{"href":"https:\/\/itv.geekbotelectronics.com\/index.php\/wp-json\/wp\/v2\/product\/3354"}],"collection":[{"href":"https:\/\/itv.geekbotelectronics.com\/index.php\/wp-json\/wp\/v2\/product"}],"about":[{"href":"https:\/\/itv.geekbotelectronics.com\/index.php\/wp-json\/wp\/v2\/types\/product"}],"replies":[{"embeddable":true,"href":"https:\/\/itv.geekbotelectronics.com\/index.php\/wp-json\/wp\/v2\/comments?post=3354"}],"wp:featuredmedia":[{"embeddable":true,"href":"https:\/\/itv.geekbotelectronics.com\/index.php\/wp-json\/wp\/v2\/media\/892"}],"wp:attachment":[{"href":"https:\/\/itv.geekbotelectronics.com\/index.php\/wp-json\/wp\/v2\/media?parent=3354"}],"wp:term":[{"taxonomy":"product_brand","embeddable":true,"href":"https:\/\/itv.geekbotelectronics.com\/index.php\/wp-json\/wp\/v2\/product_brand?post=3354"},{"taxonomy":"product_cat","embeddable":true,"href":"https:\/\/itv.geekbotelectronics.com\/index.php\/wp-json\/wp\/v2\/product_cat?post=3354"},{"taxonomy":"product_tag","embeddable":true,"href":"https:\/\/itv.geekbotelectronics.com\/index.php\/wp-json\/wp\/v2\/product_tag?post=3354"}],"curies":[{"name":"wp","href":"https:\/\/api.w.org\/{rel}","templated":true}]}}