{"id":3363,"date":"2022-09-05T22:10:57","date_gmt":"2022-09-06T04:10:57","guid":{"rendered":"https:\/\/itv.geekbotelectronics.com\/?post_type=product&#038;p=3363"},"modified":"2023-09-08T17:14:14","modified_gmt":"2023-09-08T23:14:14","slug":"cable-adaptador-de-usb-a-serial-rs232","status":"publish","type":"product","link":"https:\/\/itv.geekbotelectronics.com\/index.php\/product\/cable-adaptador-de-usb-a-serial-rs232\/","title":{"rendered":"Cable Adaptador de USB a Serial RS232"},"content":{"rendered":"<p>Cable adaptador de USB a Serial RS232. Hoy en d\u00eda existen situaciones donde es necesario convertir, o bien, emular un puerto serie RS232 a partir de un puerto USB. Esto se debe a que muchas de las computadoras modernas no incluyen el puerto serie, ya que para aplicaciones informaticas se considera obsoleto. Sin embargo existen muchas aplicaciones en electr\u00f3nica donde resulta muy conveniente usar el protocolo RS232 para el intercambio de informaci\u00f3n y la PC resulta la interfase m\u00e1s conveniente.<\/p>\n<p>Afortunadamente hay en el mercado una variedad de convertidores de USB a RS232 integrados en un cable o bien como adaptador.<\/p>\n<p>Lo que hacen estos adaptadores es emular un puerto serie mediante el puerto USB Estos adaptadores vienen con un software que una vez instalado crea un puerto serie virtual a trav\u00e9s del puerto USB.<\/p>\n<h4>Especificaciones.<\/h4>\n<ul>\n<li class=\"first\">R\u00e1pidamente agrega un puertos RS232 a un puerto USB<\/li>\n<li>F\u00e1cilmente conecta la mayor\u00eda de los m\u00f3dems seriales, c\u00e1maras digitales, impresoras de etiquetas, lectores de tarjetas, lectores de c\u00f3digo de barras, PDAs y organizadores digitales<\/li>\n<li class=\"last\">Compatible con Windows \u2013 \u201cPlug and Play\u201d (Conecte y listo); \u201chot-swappable\u201dEl adaptador USB a Serial, de un puerto, modelo ICUSB232V2, convierte un puerto USB en puerto serial\u00a0RS232 DB9 para conectar, monitorear y controlar un dispositivo serial.<\/li>\n<li class=\"last\">Compatible con Windows 98\/Me\/2000\/XP\/Vista<\/li>\n<\/ul>\n","protected":false},"excerpt":{"rendered":"<p>El adaptador de USB a Serial RS232, de un puerto, \u00a0convierte un puerto USB en puerto serial\u00a0RS232 DB9 para conectar, monitorear y controlar un dispositivo serial.<\/p>\n","protected":false},"featured_media":931,"comment_status":"closed","ping_status":"closed","template":"","meta":{"_lmt_disableupdate":"","_lmt_disable":""},"product_brand":[],"product_cat":[36],"product_tag":[],"class_list":{"0":"post-3363","1":"product","2":"type-product","3":"status-publish","4":"has-post-thumbnail","6":"product_cat-cables-usb","8":"first","9":"outofstock","10":"taxable","11":"shipping-taxable","12":"purchasable","13":"product-type-simple"},"_links":{"self":[{"href":"https:\/\/itv.geekbotelectronics.com\/index.php\/wp-json\/wp\/v2\/product\/3363"}],"collection":[{"href":"https:\/\/itv.geekbotelectronics.com\/index.php\/wp-json\/wp\/v2\/product"}],"about":[{"href":"https:\/\/itv.geekbotelectronics.com\/index.php\/wp-json\/wp\/v2\/types\/product"}],"replies":[{"embeddable":true,"href":"https:\/\/itv.geekbotelectronics.com\/index.php\/wp-json\/wp\/v2\/comments?post=3363"}],"wp:featuredmedia":[{"embeddable":true,"href":"https:\/\/itv.geekbotelectronics.com\/index.php\/wp-json\/wp\/v2\/media\/931"}],"wp:attachment":[{"href":"https:\/\/itv.geekbotelectronics.com\/index.php\/wp-json\/wp\/v2\/media?parent=3363"}],"wp:term":[{"taxonomy":"product_brand","embeddable":true,"href":"https:\/\/itv.geekbotelectronics.com\/index.php\/wp-json\/wp\/v2\/product_brand?post=3363"},{"taxonomy":"product_cat","embeddable":true,"href":"https:\/\/itv.geekbotelectronics.com\/index.php\/wp-json\/wp\/v2\/product_cat?post=3363"},{"taxonomy":"product_tag","embeddable":true,"href":"https:\/\/itv.geekbotelectronics.com\/index.php\/wp-json\/wp\/v2\/product_tag?post=3363"}],"curies":[{"name":"wp","href":"https:\/\/api.w.org\/{rel}","templated":true}]}}