{"id":3364,"date":"2022-09-05T22:10:58","date_gmt":"2022-09-06T04:10:58","guid":{"rendered":"https:\/\/itv.geekbotelectronics.com\/?post_type=product&#038;p=3364"},"modified":"2025-07-15T14:43:12","modified_gmt":"2025-07-15T20:43:12","slug":"optointerruptor-integrado","status":"publish","type":"product","link":"https:\/\/itv.geekbotelectronics.com\/index.php\/product\/optointerruptor-integrado\/","title":{"rendered":"Optointerruptor Integrado"},"content":{"rendered":"<h4>Optointerruptor Integrado<\/h4>\n<p>Este optointerruptor\u00a0est\u00e1 compuesto de un LED emisor Infrarrojo y un fototransistor que solo funciona con luz infrarroja, el LED est\u00e1 colocado de tal manera que queda de frente con el foto transistor, de esta manera se puede detectar f\u00e1cilmente si un objeto se interpuso entre el emisor y receptor. Empaquetados en un estuche pl\u00e1stico negro, con una separacion de 2.8 mm, espesor de 6.5 mm y largo de 24.5 mm.<\/p>\n<p><strong>Especificaciones:<\/strong><\/p>\n<ul>\n<li>Voltaje de colector a emisor: 30 V<\/li>\n<li>Corriente en sentido directo: 50 mA<\/li>\n<li>Voltaje inverso: 5 V<\/li>\n<li>Corriente de colector: 30 mA<\/li>\n<li>Voltaje emisor colector: 5 V<\/li>\n<li>Potencia de disipaci\u00f3n: 100 mW<\/li>\n<li>Corriente pico en sentido directo: 1 A<\/li>\n<li>Color: Negro<\/li>\n<\/ul>\n<p><a href=\"http:\/\/www.geekbotelectronics.com\/wp-content\/uploads\/2015\/04\/Optointerruptor.pdf\">DataSheet<\/a><\/p>\n","protected":false},"excerpt":{"rendered":"<p>Ideal para proyectos de rob\u00f3tica, telem\u00e1tica, mecatr\u00f3nica, dom\u00f3tica, etc.<\/p>\n","protected":false},"featured_media":932,"comment_status":"closed","ping_status":"closed","template":"","meta":{"_lmt_disableupdate":"no","_lmt_disable":""},"product_brand":[],"product_cat":[62,49],"product_tag":[],"class_list":{"0":"post-3364","1":"product","2":"type-product","3":"status-publish","4":"has-post-thumbnail","6":"product_cat-opticos","7":"product_cat-optoacopladores","9":"first","10":"instock","11":"taxable","12":"shipping-taxable","13":"purchasable","14":"product-type-simple"},"_links":{"self":[{"href":"https:\/\/itv.geekbotelectronics.com\/index.php\/wp-json\/wp\/v2\/product\/3364"}],"collection":[{"href":"https:\/\/itv.geekbotelectronics.com\/index.php\/wp-json\/wp\/v2\/product"}],"about":[{"href":"https:\/\/itv.geekbotelectronics.com\/index.php\/wp-json\/wp\/v2\/types\/product"}],"replies":[{"embeddable":true,"href":"https:\/\/itv.geekbotelectronics.com\/index.php\/wp-json\/wp\/v2\/comments?post=3364"}],"wp:featuredmedia":[{"embeddable":true,"href":"https:\/\/itv.geekbotelectronics.com\/index.php\/wp-json\/wp\/v2\/media\/932"}],"wp:attachment":[{"href":"https:\/\/itv.geekbotelectronics.com\/index.php\/wp-json\/wp\/v2\/media?parent=3364"}],"wp:term":[{"taxonomy":"product_brand","embeddable":true,"href":"https:\/\/itv.geekbotelectronics.com\/index.php\/wp-json\/wp\/v2\/product_brand?post=3364"},{"taxonomy":"product_cat","embeddable":true,"href":"https:\/\/itv.geekbotelectronics.com\/index.php\/wp-json\/wp\/v2\/product_cat?post=3364"},{"taxonomy":"product_tag","embeddable":true,"href":"https:\/\/itv.geekbotelectronics.com\/index.php\/wp-json\/wp\/v2\/product_tag?post=3364"}],"curies":[{"name":"wp","href":"https:\/\/api.w.org\/{rel}","templated":true}]}}