{"id":3371,"date":"2022-09-05T22:11:05","date_gmt":"2022-09-06T04:11:05","guid":{"rendered":"https:\/\/itv.geekbotelectronics.com\/?post_type=product&#038;p=3371"},"modified":"2025-10-28T10:24:34","modified_gmt":"2025-10-28T16:24:34","slug":"bpw77na-fototransistor","status":"publish","type":"product","link":"https:\/\/itv.geekbotelectronics.com\/index.php\/product\/bpw77na-fototransistor\/","title":{"rendered":"BPW77NA Fototransistor"},"content":{"rendered":"<h4>BPW77NA Fototransistor<\/h4>\n<p><span style=\"color: #000000\">El BPW77NA es un fototransistor NPN de silicio con alta sensibilidad radiante, en un encapsulado\u00a0herm\u00e9ticamente sellado TO-18, con terminal base.\u00a0Es sensible a la radiaci\u00f3n visible y cercana al infrarrojo.<\/span><\/p>\n<p><span style=\"color: #000000\">Su lente de cristal con un \u00e1ngulo de visi\u00f3n de \u00b1 10\u00b0 lo hace insensible a la luz ambiente.<\/span><\/p>\n<p><span style=\"color: #000000\">Un terminal base est\u00e1 disponible para activar la polarizaci\u00f3n y el control de sensibilidad.<\/span><\/p>\n<p>&nbsp;<\/p>\n<h4>Aplicaciones<\/h4>\n<p>Detector en circuitos de control y accionamiento electr\u00f3nicos.<\/p>\n<p>&nbsp;<\/p>\n<h4>Caracter\u00edsticas<\/h4>\n<p>Categor\u00eda de producto: Fototransistores.<\/p>\n<p>Encapsulado: TO-18<\/p>\n<p>Montaje: Through Hole<\/p>\n<p>Longitud de onda m\u00e1xima: 850 nm<\/p>\n<p>M\u00e1xima corriente activada de colector: 50mA<\/p>\n<p>M\u00e1x. voltaje VCEO colector-emisor: 70 V<\/p>\n<p>Tensi\u00f3n de disparo colector-emisor: 70V<\/p>\n<p>Voltaje de saturaci\u00f3n colector-emisor: 0.15 V<\/p>\n<p>Corriente oscura: 100 nA<\/p>\n<p>Disipaci\u00f3n de potencia: 250 mW<\/p>\n<p>Temperatura de trabajo m\u00ednima: -40 C<\/p>\n<p>Temperatura de trabajo m\u00e1xima: +125 C<\/p>\n<p>Grados del \u00e1ngulo de media intensidad: 10 deg<\/p>\n<p>Longitud de onda: 850 nm<\/p>\n<p>Corriente de luz: 15 mA<\/p>\n<p>Altura: 6.15 mm<\/p>\n<p>Longitud: 5.5 mm<\/p>\n<p>Ancho: 5.5 mm<\/p>\n<p>&nbsp;<\/p>\n<h4>Sustituto<\/h4>\n<p>BPW77NB<\/p>\n<h4>DataSheet<\/h4>\n<p><a href=\"https:\/\/geekbotelectronics.com\/wp-content\/uploads\/2021\/06\/BPW77NA.pdf\">BPW77NA<\/a><\/p>\n","protected":false},"excerpt":{"rendered":"<p>BPW77NA Fototransistor El BPW77NA es un fototransistor NPN de silicio con alta sensibilidad radiante, en un encapsulado\u00a0herm\u00e9ticamente sellado TO-18, con terminal base.\u00a0Es sensible a la radiaci\u00f3n visible y cercana al infrarrojo. Su lente de cristal con un \u00e1ngulo de visi\u00f3n de \u00b1 10\u00b0 lo hace insensible a la luz ambiente. Un terminal base est\u00e1 disponible [&hellip;]<\/p>\n","protected":false},"featured_media":938,"comment_status":"closed","ping_status":"closed","template":"","meta":{"_lmt_disableupdate":"no","_lmt_disable":""},"product_brand":[],"product_cat":[75,66,62],"product_tag":[],"class_list":{"0":"post-3371","1":"product","2":"type-product","3":"status-publish","4":"has-post-thumbnail","6":"product_cat-detectores","7":"product_cat-npn","8":"product_cat-opticos","10":"first","11":"instock","12":"taxable","13":"shipping-taxable","14":"purchasable","15":"product-type-simple"},"_links":{"self":[{"href":"https:\/\/itv.geekbotelectronics.com\/index.php\/wp-json\/wp\/v2\/product\/3371"}],"collection":[{"href":"https:\/\/itv.geekbotelectronics.com\/index.php\/wp-json\/wp\/v2\/product"}],"about":[{"href":"https:\/\/itv.geekbotelectronics.com\/index.php\/wp-json\/wp\/v2\/types\/product"}],"replies":[{"embeddable":true,"href":"https:\/\/itv.geekbotelectronics.com\/index.php\/wp-json\/wp\/v2\/comments?post=3371"}],"wp:featuredmedia":[{"embeddable":true,"href":"https:\/\/itv.geekbotelectronics.com\/index.php\/wp-json\/wp\/v2\/media\/938"}],"wp:attachment":[{"href":"https:\/\/itv.geekbotelectronics.com\/index.php\/wp-json\/wp\/v2\/media?parent=3371"}],"wp:term":[{"taxonomy":"product_brand","embeddable":true,"href":"https:\/\/itv.geekbotelectronics.com\/index.php\/wp-json\/wp\/v2\/product_brand?post=3371"},{"taxonomy":"product_cat","embeddable":true,"href":"https:\/\/itv.geekbotelectronics.com\/index.php\/wp-json\/wp\/v2\/product_cat?post=3371"},{"taxonomy":"product_tag","embeddable":true,"href":"https:\/\/itv.geekbotelectronics.com\/index.php\/wp-json\/wp\/v2\/product_tag?post=3371"}],"curies":[{"name":"wp","href":"https:\/\/api.w.org\/{rel}","templated":true}]}}