{"id":3376,"date":"2022-09-05T22:11:05","date_gmt":"2022-09-06T04:11:05","guid":{"rendered":"https:\/\/itv.geekbotelectronics.com\/?post_type=product&#038;p=3376"},"modified":"2025-05-21T12:45:53","modified_gmt":"2025-05-21T18:45:53","slug":"74ls190-contador-bcd-sincrono-arriba-abajo","status":"publish","type":"product","link":"https:\/\/itv.geekbotelectronics.com\/index.php\/product\/74ls190-contador-bcd-sincrono-arriba-abajo\/","title":{"rendered":"74LS190 Contador BCD Sincr\u00f3no Arriba\/Abajo"},"content":{"rendered":"<h4>74LS190<\/h4>\n<p><span style=\"color: #000000\">Contador por d\u00e9cadas BCD sincr\u00f3nico hacia arriba y hacia abajo 74LS190, carga asincr\u00f3nica.<\/span><\/p>\n<p><span style=\"color: #000000\">Un contador es un <a class=\"mw-redirect\" style=\"color: #000000\" title=\"Circuito secuencial\" href=\"https:\/\/es.wikipedia.org\/wiki\/Circuito_secuencial\">circuito secuencial<\/a> construido a partir de <a style=\"color: #000000\" title=\"Biestable\" href=\"https:\/\/es.wikipedia.org\/wiki\/Biestable\">biestable<\/a> y <a style=\"color: #000000\" title=\"Puerta l\u00f3gica\" href=\"https:\/\/es.wikipedia.org\/wiki\/Puerta_l%C3%B3gica\">puertas l\u00f3gicas<\/a> capaz de almacenar y contar los <a class=\"mw-redirect\" style=\"color: #000000\" title=\"Impulso el\u00e9ctrico\" href=\"https:\/\/es.wikipedia.org\/wiki\/Impulso_el%C3%A9ctrico\">impulsos<\/a> (a menudo relacionados con una se\u00f1al de reloj), que recibe en la <a style=\"color: #000000\" title=\"Entrada\" href=\"https:\/\/es.wikipedia.org\/wiki\/Entrada\">entrada<\/a> destinada a tal efecto, asimismo tambi\u00e9n act\u00faa como divisor de frecuencia. Normalmente, el c\u00f3mputo se realiza en <a style=\"color: #000000\" title=\"C\u00f3digo binario\" href=\"https:\/\/es.wikipedia.org\/wiki\/C%C3%B3digo_binario\">c\u00f3digo binario<\/a>, que con frecuencia ser\u00e1 el <a class=\"mw-redirect\" style=\"color: #000000\" title=\"Binario\" href=\"https:\/\/es.wikipedia.org\/wiki\/Binario\">binario natural<\/a> o el <a class=\"mw-redirect\" style=\"color: #000000\" title=\"BCD\" href=\"https:\/\/es.wikipedia.org\/wiki\/BCD\">BCD natural<\/a> (contador de d\u00e9cadas).<\/span><\/p>\n<p><span style=\"color: #000000\">Un contador es un circuito en el que sus salidas siguen una secuencia fija que cuando acaba vuelve a empezar, o circuitos que reciben sus datos en forma serial ordenados en distintos intervalos de tiempo.\u00a0Los pulsos de entrada pueden ser pulsos de reloj u originarse en una fuente externa y pueden ocurrir a intervalos de tiempo fijos o aleatorios.\u00a0El n\u00famero de salidas limita el m\u00e1ximo n\u00famero que se puede contar.<\/span><\/p>\n<p><strong>Especificaciones<\/strong><\/p>\n<div>\n<ul>\n<li><span id=\"result_box\" lang=\"es\"><span class=\"hps\">Contador\u00a0<\/span> <span class=\"hps\">BCD<\/span> <span class=\"hps\">8-4-2-1<\/span><\/span><\/li>\n<li><span class=\"hps\">Salida en paralelo<\/span><\/li>\n<li><span class=\"hps\">Voltaje<\/span>: 5 V<\/li>\n<li>Familia: LS<\/li>\n<li>Encapsulado: DIP<\/li>\n<li>16 pines<\/li>\n<\/ul>\n<\/div>\n","protected":false},"excerpt":{"rendered":"<p>74LS190 Contador por d\u00e9cadas BCD sincr\u00f3nico hacia arriba y hacia abajo 74LS190, carga asincr\u00f3nica. Un contador es un circuito secuencial construido a partir de biestable y puertas l\u00f3gicas capaz de almacenar y contar los impulsos (a menudo relacionados con una se\u00f1al de reloj), que recibe en la entrada destinada a tal efecto, asimismo tambi\u00e9n act\u00faa [&hellip;]<\/p>\n","protected":false},"featured_media":943,"comment_status":"closed","ping_status":"closed","template":"","meta":{"_lmt_disableupdate":"","_lmt_disable":""},"product_brand":[],"product_cat":[100],"product_tag":[],"class_list":{"0":"post-3376","1":"product","2":"type-product","3":"status-publish","4":"has-post-thumbnail","6":"product_cat-contadores","8":"first","9":"instock","10":"taxable","11":"shipping-taxable","12":"purchasable","13":"product-type-simple"},"_links":{"self":[{"href":"https:\/\/itv.geekbotelectronics.com\/index.php\/wp-json\/wp\/v2\/product\/3376"}],"collection":[{"href":"https:\/\/itv.geekbotelectronics.com\/index.php\/wp-json\/wp\/v2\/product"}],"about":[{"href":"https:\/\/itv.geekbotelectronics.com\/index.php\/wp-json\/wp\/v2\/types\/product"}],"replies":[{"embeddable":true,"href":"https:\/\/itv.geekbotelectronics.com\/index.php\/wp-json\/wp\/v2\/comments?post=3376"}],"wp:featuredmedia":[{"embeddable":true,"href":"https:\/\/itv.geekbotelectronics.com\/index.php\/wp-json\/wp\/v2\/media\/943"}],"wp:attachment":[{"href":"https:\/\/itv.geekbotelectronics.com\/index.php\/wp-json\/wp\/v2\/media?parent=3376"}],"wp:term":[{"taxonomy":"product_brand","embeddable":true,"href":"https:\/\/itv.geekbotelectronics.com\/index.php\/wp-json\/wp\/v2\/product_brand?post=3376"},{"taxonomy":"product_cat","embeddable":true,"href":"https:\/\/itv.geekbotelectronics.com\/index.php\/wp-json\/wp\/v2\/product_cat?post=3376"},{"taxonomy":"product_tag","embeddable":true,"href":"https:\/\/itv.geekbotelectronics.com\/index.php\/wp-json\/wp\/v2\/product_tag?post=3376"}],"curies":[{"name":"wp","href":"https:\/\/api.w.org\/{rel}","templated":true}]}}