{"id":3380,"date":"2022-09-05T22:11:06","date_gmt":"2022-09-06T04:11:06","guid":{"rendered":"https:\/\/itv.geekbotelectronics.com\/?post_type=product&#038;p=3380"},"modified":"2025-11-06T13:41:23","modified_gmt":"2025-11-06T19:41:23","slug":"perilla-azul-para-potenciometro","status":"publish","type":"product","link":"https:\/\/itv.geekbotelectronics.com\/index.php\/product\/perilla-azul-para-potenciometro\/","title":{"rendered":"Perilla Azul para Potenci\u00f3metro"},"content":{"rendered":"<h4><span style=\"color: #000000\">Perilla Azul\u00a0para Potenci\u00f3metro<\/span><\/h4>\n<p><span style=\"color: #000000\">Con esta perilla azul\u00a0podr\u00e1s operar de manera mas sencilla y segura cualquier\u00a0<a style=\"color: #000000\" title=\"Potenci\u00f3metro\" href=\"https:\/\/es.wikipedia.org\/wiki\/Potenci%C3%B3metro\">Potenci\u00f3metro<\/a>, (dependiendo de las especificaciones abajo mencionadas) y facilitarte as\u00ed, la operaci\u00f3n del manejo de cualquier aparato de medici\u00f3n, m\u00fasica(mezcladoras, amplificadores, etc), tus proyectos electr\u00f3nicos y mas en donde sean requeridas.\u00a0<\/span><\/p>\n<p><span style=\"color: #000000\">Ademas podr\u00e1s ofrecer una excelente\u00a0presentaci\u00f3n y color a tus proyectos de electr\u00f3nica.<\/span><\/p>\n<p><span style=\"color: #000000\"><strong>Especificaciones<\/strong><\/span><\/p>\n<ul>\n<li><span style=\"color: #000000\">Material: Pl\u00e1stico<\/span><\/li>\n<li><span style=\"color: #000000\">Para potenci\u00f3metro con eje: 6mm<\/span><\/li>\n<li><span style=\"color: #000000\">Tipo montaje: Presi\u00f3n<\/span><\/li>\n<li><span style=\"color: #000000\">Con indicador de posici\u00f3n: Si<\/span><\/li>\n<li><span style=\"color: #000000\">Tipo: Media ca\u00f1a<\/span><\/li>\n<li><span style=\"color: #000000\">Dimensiones:<\/span>\n<ul>\n<li><span style=\"color: #000000\">Di\u00e1metro exterior: 15\u00a0mm<\/span><\/li>\n<li><span style=\"color: #000000\">Alto: 17\u00a0mm<\/span><\/li>\n<li><span style=\"color: #000000\">Di\u00e1metro interior: 6 mm<\/span><\/li>\n<li><span style=\"color: #000000\">Profundidad del di\u00e1metro interior: 15 mm<\/span><\/li>\n<\/ul>\n<\/li>\n<\/ul>\n<p><span style=\"color: #000000\"><strong>Color de la l\u00ednea<\/strong><\/span><\/p>\n<ul>\n<li><span style=\"color: #000000\">Azul<\/span><\/li>\n<\/ul>\n","protected":false},"excerpt":{"rendered":"<p>Perilla Azul\u00a0para Potenci\u00f3metro Con esta perilla azul\u00a0podr\u00e1s operar de manera mas sencilla y segura cualquier\u00a0Potenci\u00f3metro, (dependiendo de las especificaciones abajo mencionadas) y facilitarte as\u00ed, la operaci\u00f3n del manejo de cualquier aparato de medici\u00f3n, m\u00fasica(mezcladoras, amplificadores, etc), tus proyectos electr\u00f3nicos y mas en donde sean requeridas.\u00a0 Ademas podr\u00e1s ofrecer una excelente\u00a0presentaci\u00f3n y color a tus proyectos [&hellip;]<\/p>\n","protected":false},"featured_media":945,"comment_status":"closed","ping_status":"closed","template":"","meta":{"_lmt_disableupdate":"","_lmt_disable":""},"product_brand":[],"product_cat":[145],"product_tag":[],"class_list":{"0":"post-3380","1":"product","2":"type-product","3":"status-publish","4":"has-post-thumbnail","6":"product_cat-perillas","8":"first","9":"instock","10":"taxable","11":"shipping-taxable","12":"purchasable","13":"product-type-simple"},"_links":{"self":[{"href":"https:\/\/itv.geekbotelectronics.com\/index.php\/wp-json\/wp\/v2\/product\/3380"}],"collection":[{"href":"https:\/\/itv.geekbotelectronics.com\/index.php\/wp-json\/wp\/v2\/product"}],"about":[{"href":"https:\/\/itv.geekbotelectronics.com\/index.php\/wp-json\/wp\/v2\/types\/product"}],"replies":[{"embeddable":true,"href":"https:\/\/itv.geekbotelectronics.com\/index.php\/wp-json\/wp\/v2\/comments?post=3380"}],"wp:featuredmedia":[{"embeddable":true,"href":"https:\/\/itv.geekbotelectronics.com\/index.php\/wp-json\/wp\/v2\/media\/945"}],"wp:attachment":[{"href":"https:\/\/itv.geekbotelectronics.com\/index.php\/wp-json\/wp\/v2\/media?parent=3380"}],"wp:term":[{"taxonomy":"product_brand","embeddable":true,"href":"https:\/\/itv.geekbotelectronics.com\/index.php\/wp-json\/wp\/v2\/product_brand?post=3380"},{"taxonomy":"product_cat","embeddable":true,"href":"https:\/\/itv.geekbotelectronics.com\/index.php\/wp-json\/wp\/v2\/product_cat?post=3380"},{"taxonomy":"product_tag","embeddable":true,"href":"https:\/\/itv.geekbotelectronics.com\/index.php\/wp-json\/wp\/v2\/product_tag?post=3380"}],"curies":[{"name":"wp","href":"https:\/\/api.w.org\/{rel}","templated":true}]}}