{"id":3383,"date":"2022-09-05T22:11:06","date_gmt":"2022-09-06T04:11:06","guid":{"rendered":"https:\/\/itv.geekbotelectronics.com\/?post_type=product&#038;p=3383"},"modified":"2025-10-20T12:06:06","modified_gmt":"2025-10-20T18:06:06","slug":"74ls153-doble-multiplexor-de-4-a-1","status":"publish","type":"product","link":"https:\/\/itv.geekbotelectronics.com\/index.php\/product\/74ls153-doble-multiplexor-de-4-a-1\/","title":{"rendered":"74LS153 Doble Multiplexor de 4 a 1"},"content":{"rendered":"<h4>74LS153<\/h4>\n<p>Selector y Multiplexor de Datos Dual de Cuatro a 1 L\u00ednea\u00a074LS153<\/p>\n<p><span style=\"color: #000000\">Circuito integrado TTL 74LS153. Selector y multiplexor de datos dual de cuatro a una l\u00ednea.\u00a0<\/span><\/p>\n<p><span style=\"color: #000000\">Los multiplexores son <a class=\"mw-redirect\" style=\"color: #000000\" title=\"Circuito combinacional\" href=\"https:\/\/es.wikipedia.org\/wiki\/Circuito_combinacional\">circuitos combinacionales<\/a> con varias entradas y una \u00fanica salida de <a style=\"color: #000000\" title=\"Dato\" href=\"https:\/\/es.wikipedia.org\/wiki\/Dato\">datos<\/a>. Est\u00e1n dotados de entradas de control capaces de seleccionar una, y s\u00f3lo una, de las entradas de datos para permitir su transmisi\u00f3n desde la entrada seleccionada hacia dicha salida.<\/span><\/p>\n<p><span style=\"color: #000000\">En el campo de la <a style=\"color: #000000\" title=\"Electr\u00f3nica\" href=\"https:\/\/es.wikipedia.org\/wiki\/Electr%C3%B3nica\">electr\u00f3nica<\/a> el multiplexor se utiliza como dispositivo que puede recibir varias entradas y transmitirlas por un <a style=\"color: #000000\" title=\"Medio de transmisi\u00f3n\" href=\"https:\/\/es.wikipedia.org\/wiki\/Medio_de_transmisi%C3%B3n\">medio de transmisi\u00f3n<\/a> compartido. Para ello lo que hace es dividir el medio de transmisi\u00f3n en m\u00faltiples <a class=\"mw-redirect\" style=\"color: #000000\" title=\"Canal de comunicaciones\" href=\"https:\/\/es.wikipedia.org\/wiki\/Canal_de_comunicaciones\">canales<\/a>, para que varios nodos puedan comunicarse al mismo tiempo.<\/span><\/p>\n<p><strong>Especificaciones<\/strong><\/p>\n<ul>\n<li><span id=\"result_box\">Tipo de la l\u00f3gica: Multiplexor<br \/>\n<\/span><\/li>\n<li><span id=\"result_box\">N \u00ba de canales: 2<br \/>\n<\/span><\/li>\n<li><span id=\"result_box\">Voltaje: 4.75 a 5.25 V<\/span><span id=\"result_box\"><br \/>\n<\/span><\/li>\n<li><span id=\"result_box\">Temperatura de funcionamiento: 0 \u00b0 C a +70 C<br \/>\n<\/span><\/li>\n<li><span id=\"result_box\">Tipo de familia: LS<\/span><\/li>\n<li>Encapsulado DIP<\/li>\n<li>16 pines<\/li>\n<\/ul>\n","protected":false},"excerpt":{"rendered":"<p>74LS153 Selector y Multiplexor de Datos Dual de Cuatro a 1 L\u00ednea\u00a074LS153 Circuito integrado TTL 74LS153. Selector y multiplexor de datos dual de cuatro a una l\u00ednea.\u00a0 Los multiplexores son circuitos combinacionales con varias entradas y una \u00fanica salida de datos. Est\u00e1n dotados de entradas de control capaces de seleccionar una, y s\u00f3lo una, de [&hellip;]<\/p>\n","protected":false},"featured_media":948,"comment_status":"closed","ping_status":"closed","template":"","meta":{"_lmt_disableupdate":"","_lmt_disable":""},"product_brand":[],"product_cat":[81],"product_tag":[],"class_list":{"0":"post-3383","1":"product","2":"type-product","3":"status-publish","4":"has-post-thumbnail","6":"product_cat-codificadores-decodificadores-demultiplexores-y-multiplexores","8":"first","9":"outofstock","10":"taxable","11":"shipping-taxable","12":"purchasable","13":"product-type-simple"},"_links":{"self":[{"href":"https:\/\/itv.geekbotelectronics.com\/index.php\/wp-json\/wp\/v2\/product\/3383"}],"collection":[{"href":"https:\/\/itv.geekbotelectronics.com\/index.php\/wp-json\/wp\/v2\/product"}],"about":[{"href":"https:\/\/itv.geekbotelectronics.com\/index.php\/wp-json\/wp\/v2\/types\/product"}],"replies":[{"embeddable":true,"href":"https:\/\/itv.geekbotelectronics.com\/index.php\/wp-json\/wp\/v2\/comments?post=3383"}],"wp:featuredmedia":[{"embeddable":true,"href":"https:\/\/itv.geekbotelectronics.com\/index.php\/wp-json\/wp\/v2\/media\/948"}],"wp:attachment":[{"href":"https:\/\/itv.geekbotelectronics.com\/index.php\/wp-json\/wp\/v2\/media?parent=3383"}],"wp:term":[{"taxonomy":"product_brand","embeddable":true,"href":"https:\/\/itv.geekbotelectronics.com\/index.php\/wp-json\/wp\/v2\/product_brand?post=3383"},{"taxonomy":"product_cat","embeddable":true,"href":"https:\/\/itv.geekbotelectronics.com\/index.php\/wp-json\/wp\/v2\/product_cat?post=3383"},{"taxonomy":"product_tag","embeddable":true,"href":"https:\/\/itv.geekbotelectronics.com\/index.php\/wp-json\/wp\/v2\/product_tag?post=3383"}],"curies":[{"name":"wp","href":"https:\/\/api.w.org\/{rel}","templated":true}]}}