{"id":3385,"date":"2022-09-05T22:11:06","date_gmt":"2022-09-06T04:11:06","guid":{"rendered":"https:\/\/itv.geekbotelectronics.com\/?post_type=product&#038;p=3385"},"modified":"2024-12-02T10:54:18","modified_gmt":"2024-12-02T16:54:18","slug":"punta-para-cautin","status":"publish","type":"product","link":"https:\/\/itv.geekbotelectronics.com\/index.php\/product\/punta-para-cautin\/","title":{"rendered":"Punta para Caut\u00edn"},"content":{"rendered":"","protected":false},"excerpt":{"rendered":"<p class=\"prod20\">Punta c\u00f3nica para caut\u00edn. Est\u00e1 fabricada en cobre natural y mide 4 mm de di\u00e1metro x 70 mm de longitud.<\/p>\n","protected":false},"featured_media":0,"comment_status":"closed","ping_status":"closed","template":"","meta":{"_lmt_disableupdate":"","_lmt_disable":""},"product_brand":[],"product_cat":[112],"product_tag":[],"class_list":{"0":"post-3385","1":"product","2":"type-product","3":"status-publish","5":"product_cat-soldadura","7":"first","8":"outofstock","9":"taxable","10":"shipping-taxable","11":"purchasable","12":"product-type-simple"},"_links":{"self":[{"href":"https:\/\/itv.geekbotelectronics.com\/index.php\/wp-json\/wp\/v2\/product\/3385"}],"collection":[{"href":"https:\/\/itv.geekbotelectronics.com\/index.php\/wp-json\/wp\/v2\/product"}],"about":[{"href":"https:\/\/itv.geekbotelectronics.com\/index.php\/wp-json\/wp\/v2\/types\/product"}],"replies":[{"embeddable":true,"href":"https:\/\/itv.geekbotelectronics.com\/index.php\/wp-json\/wp\/v2\/comments?post=3385"}],"wp:attachment":[{"href":"https:\/\/itv.geekbotelectronics.com\/index.php\/wp-json\/wp\/v2\/media?parent=3385"}],"wp:term":[{"taxonomy":"product_brand","embeddable":true,"href":"https:\/\/itv.geekbotelectronics.com\/index.php\/wp-json\/wp\/v2\/product_brand?post=3385"},{"taxonomy":"product_cat","embeddable":true,"href":"https:\/\/itv.geekbotelectronics.com\/index.php\/wp-json\/wp\/v2\/product_cat?post=3385"},{"taxonomy":"product_tag","embeddable":true,"href":"https:\/\/itv.geekbotelectronics.com\/index.php\/wp-json\/wp\/v2\/product_tag?post=3385"}],"curies":[{"name":"wp","href":"https:\/\/api.w.org\/{rel}","templated":true}]}}