{"id":3392,"date":"2022-09-05T22:11:07","date_gmt":"2022-09-06T04:11:07","guid":{"rendered":"https:\/\/itv.geekbotelectronics.com\/?post_type=product&#038;p=3392"},"modified":"2025-11-10T15:23:43","modified_gmt":"2025-11-10T21:23:43","slug":"disipador-de-calor-to-220","status":"publish","type":"product","link":"https:\/\/itv.geekbotelectronics.com\/index.php\/product\/disipador-de-calor-to-220\/","title":{"rendered":"Disipador de Calor TO-220 con Tornillo"},"content":{"rendered":"<h3>Disipador de calor<\/h3>\n<p>De aluminio de alto rendimiento t\u00e9rmico.<\/p>\n<p>Los Disipadores de calor de aluminio son \u00fatiles para proteger a los componentes electr\u00f3nicos, manteniendo temperaturas de operaci\u00f3n adecuadas para el funcionamiento de tus proyectos.<\/p>\n<p>&#8211; Medidas: 21 mm x 15 mm x 10 mm<\/p>\n","protected":false},"excerpt":{"rendered":"<p>Disipador de calor De aluminio de alto rendimiento t\u00e9rmico. Los Disipadores de calor de aluminio son \u00fatiles para proteger a los componentes electr\u00f3nicos, manteniendo temperaturas de operaci\u00f3n adecuadas para el funcionamiento de tus proyectos. &#8211; Medidas: 21 mm x 15 mm x 10 mm<\/p>\n","protected":false},"featured_media":981,"comment_status":"closed","ping_status":"closed","template":"","meta":{"_lmt_disableupdate":"no","_lmt_disable":""},"product_brand":[],"product_cat":[148],"product_tag":[],"class_list":{"0":"post-3392","1":"product","2":"type-product","3":"status-publish","4":"has-post-thumbnail","6":"product_cat-disipadores-de-calor","8":"first","9":"instock","10":"taxable","11":"shipping-taxable","12":"purchasable","13":"product-type-simple"},"_links":{"self":[{"href":"https:\/\/itv.geekbotelectronics.com\/index.php\/wp-json\/wp\/v2\/product\/3392"}],"collection":[{"href":"https:\/\/itv.geekbotelectronics.com\/index.php\/wp-json\/wp\/v2\/product"}],"about":[{"href":"https:\/\/itv.geekbotelectronics.com\/index.php\/wp-json\/wp\/v2\/types\/product"}],"replies":[{"embeddable":true,"href":"https:\/\/itv.geekbotelectronics.com\/index.php\/wp-json\/wp\/v2\/comments?post=3392"}],"wp:featuredmedia":[{"embeddable":true,"href":"https:\/\/itv.geekbotelectronics.com\/index.php\/wp-json\/wp\/v2\/media\/981"}],"wp:attachment":[{"href":"https:\/\/itv.geekbotelectronics.com\/index.php\/wp-json\/wp\/v2\/media?parent=3392"}],"wp:term":[{"taxonomy":"product_brand","embeddable":true,"href":"https:\/\/itv.geekbotelectronics.com\/index.php\/wp-json\/wp\/v2\/product_brand?post=3392"},{"taxonomy":"product_cat","embeddable":true,"href":"https:\/\/itv.geekbotelectronics.com\/index.php\/wp-json\/wp\/v2\/product_cat?post=3392"},{"taxonomy":"product_tag","embeddable":true,"href":"https:\/\/itv.geekbotelectronics.com\/index.php\/wp-json\/wp\/v2\/product_tag?post=3392"}],"curies":[{"name":"wp","href":"https:\/\/api.w.org\/{rel}","templated":true}]}}