{"id":3429,"date":"2022-09-05T22:11:24","date_gmt":"2022-09-06T04:11:24","guid":{"rendered":"https:\/\/itv.geekbotelectronics.com\/?post_type=product&#038;p=3429"},"modified":"2025-03-11T15:57:48","modified_gmt":"2025-03-11T21:57:48","slug":"conector-db9-plug-para-extension","status":"publish","type":"product","link":"https:\/\/itv.geekbotelectronics.com\/index.php\/product\/conector-db9-plug-para-extension\/","title":{"rendered":"Conector DB9 Plug para Extensi\u00f3n"},"content":{"rendered":"<h4>DB9<\/h4>\n<div align=\"justify\">\n<p>El conector DB9 (originalmente <em>DE-9<\/em>) es un conector anal\u00f3gico de 9 clavijas de la familia de conectores D-Subminiature (D-Sub o Sub-D). El conector DB9 se utiliza principalmente para conexiones en serie, ya que permite una transmisi\u00f3n as\u00edncrona de datos seg\u00fan lo establecido en la norma RS-232 (RS-232C). Conector para puerto serial plug (macho) DB9 para hacer extensi\u00f3n de computadora.<\/p>\n<\/div>\n<p><strong>Especificaciones<\/strong><\/p>\n<ul>\n<li>G\u00e9nero: Plug (Macho)<\/li>\n<li>N\u00famero de pines: 9 Pines<\/li>\n<li>Tipo: DB9<\/li>\n<li>Uso: Para extensi\u00f3n<\/li>\n<li>Soldable<\/li>\n<li>Met\u00e1lico<\/li>\n<li>Modelo:\n<ul>\n<li>DS9P<\/li>\n<li>XC-101<\/li>\n<li>705-183<\/li>\n<\/ul>\n<\/li>\n<\/ul>\n","protected":false},"excerpt":{"rendered":"<p>DB9 El conector DB9 (originalmente DE-9) es un conector anal\u00f3gico de 9 clavijas de la familia de conectores D-Subminiature (D-Sub o Sub-D). El conector DB9 se utiliza principalmente para conexiones en serie, ya que permite una transmisi\u00f3n as\u00edncrona de datos seg\u00fan lo establecido en la norma RS-232 (RS-232C). Conector para puerto serial plug (macho) DB9 [&hellip;]<\/p>\n","protected":false},"featured_media":1031,"comment_status":"closed","ping_status":"closed","template":"","meta":{"_lmt_disableupdate":"","_lmt_disable":""},"product_brand":[],"product_cat":[153],"product_tag":[],"class_list":{"0":"post-3429","1":"product","2":"type-product","3":"status-publish","4":"has-post-thumbnail","6":"product_cat-conector-db","8":"first","9":"instock","10":"taxable","11":"shipping-taxable","12":"purchasable","13":"product-type-simple"},"_links":{"self":[{"href":"https:\/\/itv.geekbotelectronics.com\/index.php\/wp-json\/wp\/v2\/product\/3429"}],"collection":[{"href":"https:\/\/itv.geekbotelectronics.com\/index.php\/wp-json\/wp\/v2\/product"}],"about":[{"href":"https:\/\/itv.geekbotelectronics.com\/index.php\/wp-json\/wp\/v2\/types\/product"}],"replies":[{"embeddable":true,"href":"https:\/\/itv.geekbotelectronics.com\/index.php\/wp-json\/wp\/v2\/comments?post=3429"}],"wp:featuredmedia":[{"embeddable":true,"href":"https:\/\/itv.geekbotelectronics.com\/index.php\/wp-json\/wp\/v2\/media\/1031"}],"wp:attachment":[{"href":"https:\/\/itv.geekbotelectronics.com\/index.php\/wp-json\/wp\/v2\/media?parent=3429"}],"wp:term":[{"taxonomy":"product_brand","embeddable":true,"href":"https:\/\/itv.geekbotelectronics.com\/index.php\/wp-json\/wp\/v2\/product_brand?post=3429"},{"taxonomy":"product_cat","embeddable":true,"href":"https:\/\/itv.geekbotelectronics.com\/index.php\/wp-json\/wp\/v2\/product_cat?post=3429"},{"taxonomy":"product_tag","embeddable":true,"href":"https:\/\/itv.geekbotelectronics.com\/index.php\/wp-json\/wp\/v2\/product_tag?post=3429"}],"curies":[{"name":"wp","href":"https:\/\/api.w.org\/{rel}","templated":true}]}}