{"id":3430,"date":"2022-09-05T22:11:24","date_gmt":"2022-09-06T04:11:24","guid":{"rendered":"https:\/\/itv.geekbotelectronics.com\/?post_type=product&#038;p=3430"},"modified":"2023-04-28T16:48:31","modified_gmt":"2023-04-28T22:48:31","slug":"sensor-termopar-tipo-k","status":"publish","type":"product","link":"https:\/\/itv.geekbotelectronics.com\/index.php\/product\/sensor-termopar-tipo-k\/","title":{"rendered":"Sensor Termopar tipo K"},"content":{"rendered":"<h4><span style=\"color: #000000;\">Termopar tipo K<\/span><\/h4>\n<p>El termopar tipo K tiene un conductor positivo de n\u00edquel-cromo y un conductor negativo de n\u00edquel-aluminio.<\/p>\n<p>Un termopar es un sensor para medir la temperatura. Se compone de dos metales diferentes, unidos en un extremo. Cuando la uni\u00f3n de los dos metales se calienta o enfr\u00eda, se produce una tensi\u00f3n que es proporcional a la temperatura. Las aleaciones de termopar est\u00e1n com\u00fanmente disponibles como alambre.<\/p>\n<p><strong>Especificaciones:<\/strong><\/p>\n<ul>\n<li>Sensor de temperatura: termopar o termocupla.<\/li>\n<li>Tipo de termopar: tipo K<\/li>\n<li>Intervalo de temperatura: 0 \u00b0C\u00a0a +400 \u00b0C<\/li>\n<li>Di\u00e1metro del sensor: 4.5 mm.<\/li>\n<li>Longitud del cable: 1 metro.<\/li>\n<li>Aislaci\u00f3n interna: fibra de vidrio.<\/li>\n<li>Blindaje externo: Blindaje met\u00e1lico.<\/li>\n<li>Terminales: 2 hilos<\/li>\n<li>Tipo de conector: zapatas el\u00e9ctricas.<\/li>\n<li>Rosca: M6<\/li>\n<li>Ideal para medici\u00f3n de temperatura en ambientes hostiles.<\/li>\n<\/ul>\n","protected":false},"excerpt":{"rendered":"<p>Este termopar tipo K puede sensar temperaturas dentro del rango de 0 a los 400 grados centigrados.<\/p>\n","protected":false},"featured_media":1032,"comment_status":"closed","ping_status":"closed","template":"","meta":{"_lmt_disableupdate":"no","_lmt_disable":""},"product_brand":[],"product_cat":[68],"product_tag":[],"class_list":{"0":"post-3430","1":"product","2":"type-product","3":"status-publish","4":"has-post-thumbnail","6":"product_cat-ambientales","8":"first","9":"outofstock","10":"taxable","11":"shipping-taxable","12":"purchasable","13":"product-type-simple"},"_links":{"self":[{"href":"https:\/\/itv.geekbotelectronics.com\/index.php\/wp-json\/wp\/v2\/product\/3430"}],"collection":[{"href":"https:\/\/itv.geekbotelectronics.com\/index.php\/wp-json\/wp\/v2\/product"}],"about":[{"href":"https:\/\/itv.geekbotelectronics.com\/index.php\/wp-json\/wp\/v2\/types\/product"}],"replies":[{"embeddable":true,"href":"https:\/\/itv.geekbotelectronics.com\/index.php\/wp-json\/wp\/v2\/comments?post=3430"}],"wp:featuredmedia":[{"embeddable":true,"href":"https:\/\/itv.geekbotelectronics.com\/index.php\/wp-json\/wp\/v2\/media\/1032"}],"wp:attachment":[{"href":"https:\/\/itv.geekbotelectronics.com\/index.php\/wp-json\/wp\/v2\/media?parent=3430"}],"wp:term":[{"taxonomy":"product_brand","embeddable":true,"href":"https:\/\/itv.geekbotelectronics.com\/index.php\/wp-json\/wp\/v2\/product_brand?post=3430"},{"taxonomy":"product_cat","embeddable":true,"href":"https:\/\/itv.geekbotelectronics.com\/index.php\/wp-json\/wp\/v2\/product_cat?post=3430"},{"taxonomy":"product_tag","embeddable":true,"href":"https:\/\/itv.geekbotelectronics.com\/index.php\/wp-json\/wp\/v2\/product_tag?post=3430"}],"curies":[{"name":"wp","href":"https:\/\/api.w.org\/{rel}","templated":true}]}}