{"id":3433,"date":"2022-09-05T22:11:24","date_gmt":"2022-09-06T04:11:24","guid":{"rendered":"https:\/\/itv.geekbotelectronics.com\/?post_type=product&#038;p=3433"},"modified":"2023-03-28T10:15:22","modified_gmt":"2023-03-28T16:15:22","slug":"display-7-segmentos-azul-anodo","status":"publish","type":"product","link":"https:\/\/itv.geekbotelectronics.com\/index.php\/product\/display-7-segmentos-azul-anodo\/","title":{"rendered":"Display 7 Segmentos Azul \u00c1nodo"},"content":{"rendered":"<h4 style=\"text-align: justify\"><span style=\"color: #000000\">Display 7 segmentos<\/span><\/h4>\n<p style=\"text-align: justify\"><span style=\"color: #000000\">El Display 7\u00a0segmentos\u00a0es una forma de representar caracteres en equipos <a style=\"color: #000000\" title=\"Electr\u00f3nica\" href=\"https:\/\/es.wikipedia.org\/wiki\/Electr%C3%B3nica\">electr\u00f3nicos<\/a>. Est\u00e1 compuesto de siete segmentos que se pueden encender o apagar individualmente. Cada segmento tiene la forma de una peque\u00f1a l\u00ednea.\u00a0<\/span><span style=\"color: #000000\">Muchos equipos electr\u00f3nicos proporcionan informaci\u00f3n al usuario mediante la utilizaci\u00f3n de se\u00f1ales luminosas, como la emisora sintonizada en un equipo de radio o la lectura de tensi\u00f3n en un volt\u00edmetro digital. <\/span><span style=\"color: #000000\">Para representar las cifras num\u00e9ricas se agrupan siete diodos en de segmentos. Estos diodos tienen conectados entre si todos los \u00e1nodos o c\u00e1todos seg\u00fan el tipo.<\/span><\/p>\n<p style=\"text-align: justify\"><span style=\"color: #000000\">Un Display de este tipo est\u00e1 compuesto por siete u ocho leds de diferentes formas especiales y dispuestos sobre una base de manera que puedan representarse todos los s\u00edmbolos num\u00e9ricos y algunas letras. Los primeros siete segmentos son los encargados de formar el s\u00edmbolo y con el octavo podemos encender y apagar el punto decimal.\u00a0Cada uno de los segmentos que forman la pantalla est\u00e1n marcados con siete primeras letras del alfabeto (&#8216;a&#8217;-&#8216;g&#8217;).<\/span><\/p>\n<p style=\"text-align: justify\"><span style=\"color: #000000\">Los hay de dos tipos: \u00e1nodo com\u00fan y c\u00e1todo com\u00fan.<\/span><\/p>\n<p style=\"text-align: justify\"><span style=\"color: #000000\">En los de tipo de \u00e1nodo com\u00fan, todos los \u00e1nodos de los segmentos est\u00e1n unidos internamente a una patilla com\u00fan que debe ser conectada a potencial positivo (nivel \u201c1\u201d). El encendido de cada segmento individual se realiza aplicando potencial negativo (nivel \u201c0\u201d) por la patilla correspondiente a trav\u00e9s de una resistencia que l\u00edmite el paso de la corriente.<\/span><\/p>\n<p style=\"text-align: justify\"><span style=\"color: #000000\">En los de tipo de c\u00e1todo com\u00fan, todos los c\u00e1todos de los segmentos est\u00e1n unidos internamente a una patilla com\u00fan que debe ser conectada a potencial negativo (nivel \u201c0\u201d). El encendido de cada segmento individual se realiza aplicando potencial positivo (nivel \u201c1\u201d) por la patilla correspondiente a trav\u00e9s de una resistencia que l\u00edmite el paso de la corriente.<\/span><\/p>\n","protected":false},"excerpt":{"rendered":"<div style=\"color: #555555\"><strong>Especificaciones<\/strong><\/div>\n<div style=\"color: #555555\"><\/div>\n<div style=\"color: #555555\">\n<ul>\n<li>Voltaje: 3 VCD<\/li>\n<li>Amperaje: 10 mA<\/li>\n<li>N\u00famero de segmentos: 7<\/li>\n<li>\u00c1nodo com\u00fan<\/li>\n<li>Color del LED:\u00a0Azul<\/li>\n<li>Posici\u00f3n de los pines con respecto al punto: Vertical<\/li>\n<li>Dimensiones 1.8 cm x 0.9 cm \u00a0x 0.4 cm<\/li>\n<\/ul>\n<\/div>\n","protected":false},"featured_media":255,"comment_status":"closed","ping_status":"closed","template":"","meta":{"_lmt_disableupdate":"","_lmt_disable":""},"product_brand":[],"product_cat":[33],"product_tag":[],"class_list":{"0":"post-3433","1":"product","2":"type-product","3":"status-publish","4":"has-post-thumbnail","6":"product_cat-matrices-led","8":"first","9":"outofstock","10":"purchasable","11":"product-type-simple"},"_links":{"self":[{"href":"https:\/\/itv.geekbotelectronics.com\/index.php\/wp-json\/wp\/v2\/product\/3433"}],"collection":[{"href":"https:\/\/itv.geekbotelectronics.com\/index.php\/wp-json\/wp\/v2\/product"}],"about":[{"href":"https:\/\/itv.geekbotelectronics.com\/index.php\/wp-json\/wp\/v2\/types\/product"}],"replies":[{"embeddable":true,"href":"https:\/\/itv.geekbotelectronics.com\/index.php\/wp-json\/wp\/v2\/comments?post=3433"}],"wp:featuredmedia":[{"embeddable":true,"href":"https:\/\/itv.geekbotelectronics.com\/index.php\/wp-json\/wp\/v2\/media\/255"}],"wp:attachment":[{"href":"https:\/\/itv.geekbotelectronics.com\/index.php\/wp-json\/wp\/v2\/media?parent=3433"}],"wp:term":[{"taxonomy":"product_brand","embeddable":true,"href":"https:\/\/itv.geekbotelectronics.com\/index.php\/wp-json\/wp\/v2\/product_brand?post=3433"},{"taxonomy":"product_cat","embeddable":true,"href":"https:\/\/itv.geekbotelectronics.com\/index.php\/wp-json\/wp\/v2\/product_cat?post=3433"},{"taxonomy":"product_tag","embeddable":true,"href":"https:\/\/itv.geekbotelectronics.com\/index.php\/wp-json\/wp\/v2\/product_tag?post=3433"}],"curies":[{"name":"wp","href":"https:\/\/api.w.org\/{rel}","templated":true}]}}